{"id":4793,"date":"2016-06-21T08:23:10","date_gmt":"2016-06-21T06:23:10","guid":{"rendered":"https:\/\/www.elha.de\/?page_id=4793"},"modified":"2025-02-27T10:44:22","modified_gmt":"2025-02-27T09:44:22","slug":"rtx-5161-centro-di-lavoro-a-tavola-rotante-a-2-mandrini-d6100","status":"publish","type":"page","link":"https:\/\/www.elha.de\/it\/maschinen\/rundtisch-bearbeitungszentren\/rtx-5161-2-spindel-rundtisch-bearbeitungszentrum-d6100\/","title":{"rendered":"RTX 5161 - Centro di lavoro a tavola rotante a 2 mandrini \u00d86100"},"content":{"rendered":"<div class=\"columns\">\r\n\r\n\t<div class=\"column col-6 col-md-12\">\r\n\t\t<p>\r\n\t\t\tLa macchina \u00e8 adatta per operazioni di foratura verticale a 2 mandrini, tornitura, alesatura, svasatura, alesatura e filettatura su un cerchio di bulloni. Le prestazioni delle unit\u00e0 sono sufficienti per forare fino a \u00d860 mm nel solido e filettare fino a M56. Ciascuna unit\u00e0 di lavorazione \u00e8 dotata di una testa di foratura orientata HSK 100. Gli utensili possono essere cambiati automaticamente con l'aiuto di magazzini pick-up estensibili a 20 posizioni. Durante la lavorazione, i magazzini utensili sono protetti dall'area di lavoro da una porta di sicurezza. La combinazione sottostruttura\/supporto \u00e8 divisa in tre sezioni ed \u00e8 realizzata in materiale composito. Nella sottostruttura centrale \u00e8 integrata una tavola rotante liscia con 12 dispositivi di bloccaggio ad azionamento manuale. Nonostante le dimensioni, la macchina \u00e8 dotata di una pannellatura completa. Le ampie porte scorrevoli consentono inoltre di caricare facilmente la gru.\r\n\t\t<\/p>\r\n\r\n\t\t\r\n\t\t\r\n\t\t\t<a href=\"https:\/\/www.elha.de\/wp-content\/uploads\/rtx-5161-en.pdf\" target=\"_blank\" class=\"btn mb-4\" rel=\"noopener\">Descrizione del sistema<\/a>\r\n\t\t\r\n\r\n\t\t<a href=\"https:\/\/www.elha.de\/wp-content\/uploads\/rtx-5161-zeichnung.png\" class=\"lightbox elha-image-lightbox mb-4\">\r\n\t\t\t<img decoding=\"async\" src=\"https:\/\/www.elha.de\/wp-content\/uploads\/rtx-5161-zeichnung-460x307.png\" alt=\"Disegno RTX 5161\" >\r\n\t\t<\/a>\r\n\t<\/div>\r\n\r\n\r\n\r\n\t<div class=\"column col-6 col-md-12\">\r\n\t\t<table>\r\n\t\t\t<thead>\r\n\t\t\t\t<tr>\r\n\t\t\t\t\t<th colspan=\"3\">Dati tecnici<\/th>\r\n\t\t\t\t<\/tr>\r\n\t\t\t<\/thead>\r\n\r\n\t\t\t<tbody>\r\n\t\t\t\t<tr>\r\n\t\t\t\t\t<td><strong>Distanze di viaggio<\/strong><\/td>\r\n\t\t\t\t\t<td>Asse X<\/td>\r\n\t\t\t\t\t<td>3.800 mm<\/td>\r\n\t\t\t\t<\/tr>\r\n\t\t\t\t<tr>\r\n\t\t\t\t\t<td><\/td>\r\n\t\t\t\t\t<td>Asse Z<\/td>\r\n\t\t\t\t\t<td>1.200 mm<\/td>\r\n\t\t\t\t<\/tr>\r\n\t\t\t\t<tr>\r\n\t\t\t\t\t<td><strong>Avanzamenti <\/strong><\/td>\r\n\t\t\t\t\t<td>Massima. Velocit\u00e0 massima<\/td>\r\n\t\t\t\t\t<td>1,2 m\/min<\/td>\r\n\t\t\t\t<\/tr>\r\n\t\t\t\t<tr>\r\n\t\t\t\t\t<td><\/td>\r\n\t\t\t\t\t<td>Max. Forza di alimentazione<\/td>\r\n\t\t\t\t\t<td>20.000 N<\/td>\r\n\t\t\t\t<\/tr>\r\n\t\t\t\t<tr>\r\n\t\t\t\t\t<td><strong>Azionamento principale <\/strong><\/td>\r\n\t\t\t\t\t<td>Potenza massima Potenza S1 \/ S6<\/td>\r\n\t\t\t\t\t<td>46 \/ 55 kW<\/td>\r\n\t\t\t\t<\/tr>\r\n\t\t\t\t<tr>\r\n\t\t\t\t\t<td><\/td>\r\n\t\t\t\t\t<td>Massima. Coppia<\/td>\r\n\t\t\t\t\t<td>586 \/ 2.344 Nm<\/td>\r\n\t\t\t\t<\/tr>\r\n\t\t\t\t<tr>\r\n\t\t\t\t\t<td><\/td>\r\n\t\t\t\t\t<td>Max. Velocit\u00e0<\/td>\r\n\t\t\t\t\t<td>3.250 giri\/min.<\/td>\r\n\t\t\t\t<\/tr>\r\n\t\t\t\t<tr>\r\n\t\t\t\t\t<td><strong>Tavola rotonda <\/strong><\/td>\r\n\t\t\t\t\t<td>Diametro<\/td>\r\n\t\t\t\t\t<td>4.450 mm<\/td>\r\n\t\t\t\t<\/tr>\r\n\t\t\t\t<tr>\r\n\t\t\t\t\t<td><\/td>\r\n\t\t\t\t\t<td>Piano del tavolo rotondo<\/td>\r\n\t\t\t\t\t<td>6.100 mm<\/td>\r\n\t\t\t\t<\/tr>\r\n\t\t\t\t<tr>\r\n\t\t\t\t\t<td><\/td>\r\n\t\t\t\t\t<td>Max. Velocit\u00e0<\/td>\r\n\t\t\t\t\t<td>6 giri al minuto<\/td>\r\n\t\t\t\t<\/tr>\r\n\t\t\t\t<tr>\r\n\t\t\t\t\t<td><strong>Pezzo in lavorazione <\/strong><\/td>\r\n\t\t\t\t\t<td>Diametro esterno<\/td>\r\n\t\t\t\t\t<td>2.300 - 5.500 mm<\/td>\r\n\t\t\t\t<\/tr>\r\n\t\t\t\t<tr>\r\n\t\t\t\t\t<td><strong> <\/strong><\/td>\r\n\t\t\t\t\t<td>Diametro interno<\/td>\r\n\t\t\t\t\t<td>2.200 - 5.400 mm<\/td>\r\n\t\t\t\t<\/tr>\r\n\t\t\t\t<tr>\r\n\t\t\t\t\t<td><strong> <\/strong><\/td>\r\n\t\t\t\t\t<td>Altezza massima. Altezza<\/td>\r\n\t\t\t\t\t<td>500 mm<\/td>\r\n\t\t\t\t<\/tr>\r\n\t\t\t\t<tr>\r\n\t\t\t\t\t<td><\/td>\r\n\t\t\t\t\t<td>Peso massimo Peso<\/td>\r\n\t\t\t\t\t<td>10.000 kg<\/td>\r\n\t\t\t\t<\/tr>\r\n\t\t\t\t<tr>\r\n\t\t\t\t\t<td><strong>Rivista di strumenti<\/strong><\/td>\r\n\t\t\t\t\t<td>Posti per utensili<\/td>\r\n\t\t\t\t\t<td>20<\/td>\r\n\t\t\t\t<\/tr>\r\n\t\t\t\t<tr>\r\n\t\t\t\t\t<td><strong> <\/strong><\/td>\r\n\t\t\t\t\t<td>Portautensili<\/td>\r\n\t\t\t\t\t<td>HSK-A 100<\/td>\r\n\t\t\t\t<\/tr>\r\n\t\t\t\t<tr>\r\n\t\t\t\t\t<td><strong>Dimensioni <\/strong><\/td>\r\n\t\t\t\t\t<td>Requisiti per l'installazione<\/td>\r\n\t\t\t\t\t<td>11,0 x 8,4 x 6,3 m<\/td>\r\n\t\t\t\t<\/tr>\r\n\t\t\t\t<tr>\r\n\t\t\t\t\t<td><strong> <\/strong><\/td>\r\n\t\t\t\t\t<td>Peso totale<\/td>\r\n\t\t\t\t\t<td>176.000 kg<\/td>\r\n\t\t\t\t<\/tr>\r\n\t\t\t<\/tbody>\r\n\t\t<\/table>\r\n\r\n\t<\/div>\r\n<\/div>","protected":false},"excerpt":{"rendered":"<p>\t\t\tLa macchina \u00e8 adatta per operazioni di foratura verticale a 2 mandrini, tornitura, alesatura, svasatura, alesatura e filettatura su un cerchio di bulloni. La potenza delle unit\u00e0 \u00e8 sufficiente per<\/p>","protected":false},"author":1,"featured_media":7323,"parent":1649,"menu_order":1,"comment_status":"closed","ping_status":"closed","template":"","meta":{"footnotes":""},"class_list":["post-4793","page","type-page","status-publish","has-post-thumbnail","hentry"],"blocksy_meta":{"styles_descriptor":{"styles":{"desktop":"","tablet":"","mobile":""},"google_fonts":[],"version":6}},"_links":{"self":[{"href":"https:\/\/www.elha.de\/it\/wp-json\/wp\/v2\/pages\/4793","targetHints":{"allow":["GET"]}}],"collection":[{"href":"https:\/\/www.elha.de\/it\/wp-json\/wp\/v2\/pages"}],"about":[{"href":"https:\/\/www.elha.de\/it\/wp-json\/wp\/v2\/types\/page"}],"author":[{"embeddable":true,"href":"https:\/\/www.elha.de\/it\/wp-json\/wp\/v2\/users\/1"}],"replies":[{"embeddable":true,"href":"https:\/\/www.elha.de\/it\/wp-json\/wp\/v2\/comments?post=4793"}],"version-history":[{"count":0,"href":"https:\/\/www.elha.de\/it\/wp-json\/wp\/v2\/pages\/4793\/revisions"}],"up":[{"embeddable":true,"href":"https:\/\/www.elha.de\/it\/wp-json\/wp\/v2\/pages\/1649"}],"wp:featuredmedia":[{"embeddable":true,"href":"https:\/\/www.elha.de\/it\/wp-json\/wp\/v2\/media\/7323"}],"wp:attachment":[{"href":"https:\/\/www.elha.de\/it\/wp-json\/wp\/v2\/media?parent=4793"}],"curies":[{"name":"wp","href":"https:\/\/api.w.org\/{rel}","templated":true}]}}