{"id":4822,"date":"2016-06-21T08:54:43","date_gmt":"2016-06-21T06:54:43","guid":{"rendered":"https:\/\/www.elha.de\/?page_id=4822"},"modified":"2025-02-27T10:43:51","modified_gmt":"2025-02-27T09:43:51","slug":"rtx-5280-centro-di-lavoro-a-tavola-rotante-a-2-mandrini-d820","status":"publish","type":"page","link":"https:\/\/www.elha.de\/it\/maschinen\/rundtisch-bearbeitungszentren\/rtx-5280-2-spindel-rundtisch-bearbeitungszentrum-d820\/","title":{"rendered":"RTX 5280 - Centro di lavoro a tavola rotante a 2 mandrini \u00d8820"},"content":{"rendered":"<div class=\"columns\">\r\n\t<div class=\"column col-6 col-md-12\">\r\n\t\t<p>\r\n\t\t\tLa macchina \u00e8 adatta alla foratura verticale a 1 o 2 mandrini, all'alesaggio, alla svasatura, all'alesatura conica e alla maschiatura di fori disposti su cerchi di bulloni. La potenza delle due unit\u00e0 di spinta \u00e8 progettata per la foratura solida fino a \u00d835 mm e la maschiatura fino a M24.\r\n\t\t<\/p>\r\n\r\n\t\t<p>\r\n\t\t\tIl basamento della macchina in un unico pezzo con traversa integrata \u00e8 realizzato in materiale composito antivibrante. Le superfici della sottostruttura sono progettate ad angolo rispetto al convogliatore di trucioli. Un mandrino a 3 griffe \u00e8 integrato nella tavola rotante da 820 mm.\r\n\t\t<\/p>\r\n\r\n\t\t<p>\r\n\t\t\tDue cambi utensili a pick-up fisso offrono spazio per un massimo di 16 utensili. La macchina \u00e8 dotata di un'area di lavoro completamente chiusa. Due porte scorrevoli ad azionamento manuale si aprono per il carico della gru.\r\n\t\t<\/p>\r\n\r\n\t\t\r\n\t\t\r\n\t\t\t<a href=\"https:\/\/www.elha.de\/wp-content\/uploads\/rtx-5280-en.pdf\" target=\"_blank\" class=\"btn mb-4\" rel=\"noopener\">Descrizione del sistema<\/a>\r\n\t\t\r\n\t<\/div>\r\n\r\n\t<div class=\"column col-6 col-md-12 mb-3\">\r\n\t\t<table>\r\n\t\t\t<thead>\r\n\t\t\t\t<tr>\r\n\t\t\t\t\t<th colspan=\"3\">Dati tecnici<\/th>\r\n\t\t\t\t<\/tr>\r\n\t\t\t<\/thead>\r\n\r\n\t\t\t<tbody>\r\n\t\t\t\t<tr>\r\n\t\t\t\t\t<td><strong>Distanze di viaggio<\/strong><\/td>\r\n\t\t\t\t\t<td>Asse X<\/td>\r\n\t\t\t\t\t<td>925 mm<\/td>\r\n\t\t\t\t<\/tr>\r\n\t\t\t\t<tr>\r\n\t\t\t\t\t<td><\/td>\r\n\t\t\t\t\t<td>Asse Z<\/td>\r\n\t\t\t\t\t<td>550 mm<\/td>\r\n\t\t\t\t<\/tr>\r\n\t\t\t\t<tr>\r\n\t\t\t\t\t<td><strong>Avanzamenti <\/strong><\/td>\r\n\t\t\t\t\t<td>Massima. Velocit\u00e0 massima<\/td>\r\n\t\t\t\t\t<td>30 m\/min<\/td>\r\n\t\t\t\t<\/tr>\r\n\t\t\t\t<tr>\r\n\t\t\t\t\t<td><\/td>\r\n\t\t\t\t\t<td>Max. Accelerazione X \/ Z<\/td>\r\n\t\t\t\t\t<td>2,5 \/ 3,0 m\/sec\u00b2<\/td>\r\n\t\t\t\t<\/tr>\r\n\t\t\t\t<tr>\r\n\t\t\t\t\t<td><\/td>\r\n\t\t\t\t\t<td>Max. Forza di avanzamento X \/ Z<\/td>\r\n\t\t\t\t\t<td>3.000 \/ 8.000 N<\/td>\r\n\t\t\t\t<\/tr>\r\n\t\t\t\t<tr>\r\n\t\t\t\t\t<td><strong>Azionamento principale <\/strong><\/td>\r\n\t\t\t\t\t<td>Potenza massima Potenza S1 \/ S6<\/td>\r\n\t\t\t\t\t<td>20 \/ 30 kW<\/td>\r\n\t\t\t\t<\/tr>\r\n\t\t\t\t<tr>\r\n\t\t\t\t\t<td><\/td>\r\n\t\t\t\t\t<td>Coppia massima Coppia S1 \/ S6<\/td>\r\n\t\t\t\t\t<td>95 \/ 143 Nm<\/td>\r\n\t\t\t\t<\/tr>\r\n\t\t\t\t<tr>\r\n\t\t\t\t\t<td><\/td>\r\n\t\t\t\t\t<td>Max. Velocit\u00e0<\/td>\r\n\t\t\t\t\t<td>6.800 giri\/min.<\/td>\r\n\t\t\t\t<\/tr>\r\n\t\t\t\t<tr>\r\n\t\t\t\t\t<td><strong>Tavola rotonda <\/strong><\/td>\r\n\t\t\t\t\t<td>Diametro<\/td>\r\n\t\t\t\t\t<td>820 mm<\/td>\r\n\t\t\t\t<\/tr>\r\n\t\t\t\t<tr>\r\n\t\t\t\t\t<td><\/td>\r\n\t\t\t\t\t<td>Max. Velocit\u00e0<\/td>\r\n\t\t\t\t\t<td>5 giri al minuto<\/td>\r\n\t\t\t\t<\/tr>\r\n\t\t\t\t<tr>\r\n\t\t\t\t\t<td><strong>Pezzo in lavorazione<\/strong><\/td>\r\n\t\t\t\t\t<td>Diametro esterno<\/td>\r\n\t\t\t\t\t<td>500 - 1.500 mm<\/td>\r\n\t\t\t\t<\/tr>\r\n\t\t\t\t<tr>\r\n\t\t\t\t\t<td><strong> <\/strong><\/td>\r\n\t\t\t\t\t<td>Diametro interno<\/td>\r\n\t\t\t\t\t<td>180 - 780 mm<\/td>\r\n\t\t\t\t<\/tr>\r\n\t\t\t\t<tr>\r\n\t\t\t\t\t<td><strong> <\/strong><\/td>\r\n\t\t\t\t\t<td>Altezza massima. Altezza<\/td>\r\n\t\t\t\t\t<td>250 mm<\/td>\r\n\t\t\t\t<\/tr>\r\n\t\t\t\t<tr>\r\n\t\t\t\t\t<td><\/td>\r\n\t\t\t\t\t<td>Peso massimo Peso<\/td>\r\n\t\t\t\t\t<td>1.500 kg<\/td>\r\n\t\t\t\t<\/tr>\r\n\t\t\t\t<tr>\r\n\t\t\t\t\t<td><strong>Rivista di strumenti<\/strong><\/td>\r\n\t\t\t\t\t<td>Posti per utensili<\/td>\r\n\t\t\t\t\t<td>16<\/td>\r\n\t\t\t\t<\/tr>\r\n\t\t\t\t<tr>\r\n\t\t\t\t\t<td><\/td>\r\n\t\t\t\t\t<td>Portautensili<\/td>\r\n\t\t\t\t\t<td>HSK-A 63<\/td>\r\n\t\t\t\t<\/tr>\r\n\t\t\t\t<tr>\r\n\t\t\t\t\t<td><\/td>\r\n\t\t\t\t\t<td>Lunghezza dell'utensile<\/td>\r\n\t\t\t\t\t<td>300 mm<\/td>\r\n\t\t\t\t<\/tr>\r\n\t\t\t\t<tr>\r\n\t\t\t\t\t<td><strong>Dimensioni <\/strong><\/td>\r\n\t\t\t\t\t<td>Requisiti per l'installazione<\/td>\r\n\t\t\t\t\t<td>5,8 x 3,7 x 3,6 m<\/td>\r\n\t\t\t\t<\/tr>\r\n\t\t\t\t<tr>\r\n\t\t\t\t\t<td><strong> <\/strong><\/td>\r\n\t\t\t\t\t<td>Peso totale<\/td>\r\n\t\t\t\t\t<td>28.000 kg<\/td>\r\n\t\t\t\t<\/tr>\r\n\t\t\t<\/tbody>\r\n\t\t<\/table>\r\n\t<\/div>\r\n<\/div>\r\n\r\n\r\n\r\n<div class=\"columns\">\r\n\t<div class=\"column col-6\">\r\n\t\t<a href=\"https:\/\/www.elha.de\/wp-content\/uploads\/rtx-5280-arbeitsraum.jpg\" class=\"lightbox elha-image-lightbox\">\r\n\t\t\t<img decoding=\"async\" src=\"https:\/\/www.elha.de\/wp-content\/uploads\/rtx-5280-arbeitsraum-460x307.jpg\" alt=\"Spazio di lavoro RTX 5280\" >\r\n\t\t<\/a>\r\n\t<\/div>\r\n\r\n\t<div class=\"column col-6\">\r\n\t\t<a href=\"https:\/\/www.elha.de\/wp-content\/uploads\/rtx-5280-rundtisch-bearbeitungszentrum.jpg\" class=\"lightbox elha-image-lightbox\">\r\n\t\t\t<img decoding=\"async\" src=\"https:\/\/www.elha.de\/wp-content\/uploads\/rtx-5280-rundtisch-bearbeitungszentrum-460x307.jpg\" alt=\"\" >\r\n\t\t<\/a>\r\n\t<\/div>\r\n<\/div>","protected":false},"excerpt":{"rendered":"<p>\t\t\tLa macchina \u00e8 adatta alla foratura verticale a 1 o 2 mandrini, all'alesaggio, alla svasatura, all'alesatura conica e alla maschiatura di fori disposti su cerchi di fori. Le prestazioni delle due unit\u00e0 a martinetto<\/p>","protected":false},"author":1,"featured_media":6830,"parent":1649,"menu_order":2,"comment_status":"closed","ping_status":"closed","template":"","meta":{"footnotes":""},"class_list":["post-4822","page","type-page","status-publish","has-post-thumbnail","hentry"],"blocksy_meta":{"styles_descriptor":{"styles":{"desktop":"","tablet":"","mobile":""},"google_fonts":[],"version":6}},"_links":{"self":[{"href":"https:\/\/www.elha.de\/it\/wp-json\/wp\/v2\/pages\/4822","targetHints":{"allow":["GET"]}}],"collection":[{"href":"https:\/\/www.elha.de\/it\/wp-json\/wp\/v2\/pages"}],"about":[{"href":"https:\/\/www.elha.de\/it\/wp-json\/wp\/v2\/types\/page"}],"author":[{"embeddable":true,"href":"https:\/\/www.elha.de\/it\/wp-json\/wp\/v2\/users\/1"}],"replies":[{"embeddable":true,"href":"https:\/\/www.elha.de\/it\/wp-json\/wp\/v2\/comments?post=4822"}],"version-history":[{"count":0,"href":"https:\/\/www.elha.de\/it\/wp-json\/wp\/v2\/pages\/4822\/revisions"}],"up":[{"embeddable":true,"href":"https:\/\/www.elha.de\/it\/wp-json\/wp\/v2\/pages\/1649"}],"wp:featuredmedia":[{"embeddable":true,"href":"https:\/\/www.elha.de\/it\/wp-json\/wp\/v2\/media\/6830"}],"wp:attachment":[{"href":"https:\/\/www.elha.de\/it\/wp-json\/wp\/v2\/media?parent=4822"}],"curies":[{"name":"wp","href":"https:\/\/api.w.org\/{rel}","templated":true}]}}