{"id":4880,"date":"2016-06-21T11:19:08","date_gmt":"2016-06-21T09:19:08","guid":{"rendered":"https:\/\/www.elha.de\/?page_id=4880"},"modified":"2025-02-28T09:20:42","modified_gmt":"2025-02-28T08:20:42","slug":"smx-5239-centro-di-lavoro-orizzontale-a-6-assi-di-grandi-dimensioni","status":"publish","type":"page","link":"https:\/\/www.elha.de\/it\/maschinen\/spezial-bearbeitungszentren\/smx-5239-6-achsen-horizontal-grossbearbeitungszentrum\/","title":{"rendered":"SMX 5239 - Centro di lavoro orizzontale a 6 assi di grandi dimensioni"},"content":{"rendered":"<div class=\"columns\">\r\n\t<div class=\"column col-6 col-md-12\">\r\n\t\t<p>\r\n\t\t\tQuesta macchina segna una nuova pietra miliare per i grandi centri di lavoro orizzontali in termini di dimensioni, stabilit\u00e0 e flessibilit\u00e0. La SMX 5239 \u00e8 stata sviluppata concettualmente per la lavorazione di componenti di telai di macchine utensili. La struttura di base \u00e8 costituita da una solida colonna mobile per il posizionamento secondario, in cui \u00e8 integrata un'unit\u00e0 dinamica a 2 assi che esegue i movimenti principali durante la lavorazione. In questa unit\u00e0 \u00e8 installato anche uno slittone rotante, montato idrostaticamente, con un diametro di 450 mm, progettato per ospitare unit\u00e0 di attacco per un'ampia gamma di operazioni.\r\n\t\t<\/p>\r\n\r\n\t\t<a href=\"https:\/\/www.elha.de\/wp-content\/uploads\/smx-5239-ohne-verkleidung.jpg\" class=\"lightbox elha-image-lightbox\">\r\n\t\t\t<img decoding=\"async\" src=\"https:\/\/www.elha.de\/wp-content\/uploads\/smx-5239-ohne-verkleidung-460x307.jpg\" alt=\"SMX 5239 - Senza rivestimento\" >\r\n\t\t<\/a>\r\n\r\n\t\t<p>\r\n\t\t\tL'unit\u00e0 di sollevamento \u00e8 dotata di un azionamento del mandrino dell'utensile con riduttore a 2 stadi per velocit\u00e0\/coppie elevate. Una tavola rotante di \u00d8 2000 mm \u00e8 disposta trasversalmente all'unit\u00e0 di lavoro, sulla quale possono essere bloccati pallet di 4500 x 2000. Un altro punto di forza \u00e8 la possibilit\u00e0 di produrre senza operatore utilizzando un sistema di cambio pallet automatico con 3 pallet, che possono essere cambiati uno dopo l'altro. Per garantire un'elevata flessibilit\u00e0 e tempi di allestimento ridotti, \u00e8 presente un ampio magazzino per lo stoccaggio di 360 utensili HSK, che consente il cambio automatico degli utensili tramite robot.\r\n\t\t<\/p>\r\n\r\n\t\t\r\n\t\t\r\n\t\t\t<a href=\"https:\/\/www.elha.de\/wp-content\/uploads\/smx-5239-en.pdf\" target=\"_blank\" class=\"btn mb-4\" rel=\"noopener noreferrer\">Descrizione del sistema<\/a>\r\n\t\t\r\n\t<\/div>\r\n\r\n\r\n\r\n\t<div class=\"column col-6 col-md-12\">\r\n\t\t<table>\r\n\t\t\t<thead>\r\n\t\t\t\t<tr>\r\n\t\t\t\t\t<th colspan=\"3\">Dati tecnici<\/th>\r\n\t\t\t\t<\/tr>\r\n\t\t\t<\/thead>\r\n\r\n\t\t\t<tbody>\r\n\t\t\t\t<tr>\r\n\t\t\t\t\t<td><strong>Distanze di viaggio<\/strong><\/td>\r\n\t\t\t\t\t<td>Asse X (tavola rotante)<\/td>\r\n\t\t\t\t\t<td>5600 mm<\/td>\r\n\t\t\t\t<\/tr>\r\n\t\t\t\t<tr>\r\n\t\t\t\t\t<td><\/td>\r\n\t\t\t\t\t<td>Asse Y (diapositiva trasversale)<\/td>\r\n\t\t\t\t\t<td>3500 mm<\/td>\r\n\t\t\t\t<\/tr>\r\n\t\t\t\t<tr>\r\n\t\t\t\t\t<td><\/td>\r\n\t\t\t\t\t<td>Asse Z (ram circolare)<\/td>\r\n\t\t\t\t\t<td>1000 mm<\/td>\r\n\t\t\t\t<\/tr>\r\n\t\t\t\t<tr>\r\n\t\t\t\t\t<td><\/td>\r\n\t\t\t\t\t<td>Asse W (verticale)<\/td>\r\n\t\t\t\t\t<td>2650 mm<\/td>\r\n\t\t\t\t<\/tr>\r\n\t\t\t\t<tr>\r\n\t\t\t\t\t<td><\/td>\r\n\t\t\t\t\t<td>Cambiapallet<\/td>\r\n\t\t\t\t\t<td>1250 mm<\/td>\r\n\t\t\t\t<\/tr>\r\n\t\t\t\t<tr>\r\n\t\t\t\t\t<td><\/td>\r\n\t\t\t\t\t<td>Cambiamento della testa di attacco<\/td>\r\n\t\t\t\t\t<td>2300 mm<\/td>\r\n\t\t\t\t<\/tr>\r\n\t\t\t\t<tr>\r\n\t\t\t\t\t<td><\/td>\r\n\t\t\t\t\t<td>Precisione di posizionamento<\/td>\r\n\t\t\t\t\t<td>0,02 \/ 4500 mm<\/td>\r\n\t\t\t\t<\/tr>\r\n\t\t\t\t<tr>\r\n\t\t\t\t\t<td><strong>Azionamento principale<\/strong><\/td>\r\n\t\t\t\t\t<td>Max. Potenza S1<\/td>\r\n\t\t\t\t\t<td>37,7 kW<\/td>\r\n\t\t\t\t<\/tr>\r\n\t\t\t\t<tr>\r\n\t\t\t\t\t<td><\/td>\r\n\t\t\t\t\t<td>GS1: Coppia massima Coppia S1 \/ S6<\/td>\r\n\t\t\t\t\t<td>1500 \/ 1920 Nm<\/td>\r\n\t\t\t\t<\/tr>\r\n\t\t\t\t<tr>\r\n\t\t\t\t\t<td><\/td>\r\n\t\t\t\t\t<td>GS2: Coppia massima Coppia S1 \/ S6<\/td>\r\n\t\t\t\t\t<td>300 \/ 384 Nm<\/td>\r\n\t\t\t\t<\/tr>\r\n\t\t\t\t<tr>\r\n\t\t\t\t\t<td><\/td>\r\n\t\t\t\t\t<td>Velocit\u00e0 massima GS1 \/ GS2 \/ S6<\/td>\r\n\t\t\t\t\t<td>1300 \/ 6500 min-1<\/td>\r\n\t\t\t\t<\/tr>\r\n\t\t\t\t<tr>\r\n\t\t\t\t\t<td><strong>Tavola rotante \/ pallet<\/strong><\/td>\r\n\t\t\t\t\t<td>Diametro della tavola rotante<\/td>\r\n\t\t\t\t\t<td>2000 mm<\/td>\r\n\t\t\t\t<\/tr>\r\n\t\t\t\t<tr>\r\n\t\t\t\t\t<td><\/td>\r\n\t\t\t\t\t<td>Dimensioni del pallet<\/td>\r\n\t\t\t\t\t<td>4500 x 2000 mm<\/td>\r\n\t\t\t\t<\/tr>\r\n\t\t\t\t<tr>\r\n\t\t\t\t\t<td><\/td>\r\n\t\t\t\t\t<td>Peso del pezzo in lavorazione<\/td>\r\n\t\t\t\t\t<td>18 t<\/td>\r\n\t\t\t\t<\/tr>\r\n\t\t\t\t<tr>\r\n\t\t\t\t\t<td><\/td>\r\n\t\t\t\t\t<td>Cambiapallet<\/td>\r\n\t\t\t\t\t<td>3<\/td>\r\n\t\t\t\t<\/tr>\r\n\t\t\t\t<tr>\r\n\t\t\t\t\t<td><strong>Cambio testa \/ deposito utensili<\/strong><\/td>\r\n\t\t\t\t\t<td>Teste di attacco<\/td>\r\n\t\t\t\t\t<td>3<\/td>\r\n\t\t\t\t<\/tr>\r\n\t\t\t\t<tr>\r\n\t\t\t\t\t<td><\/td>\r\n\t\t\t\t\t<td>Posti per utensili<\/td>\r\n\t\t\t\t\t<td>360<\/td>\r\n\t\t\t\t<\/tr>\r\n\t\t\t\t<tr>\r\n\t\t\t\t\t<td><\/td>\r\n\t\t\t\t\t<td>Portautensili<\/td>\r\n\t\t\t\t\t<td>HSK-A 100<\/td>\r\n\t\t\t\t<\/tr>\r\n\t\t\t\t<tr>\r\n\t\t\t\t\t<td><strong>Dimensioni<\/strong><\/td>\r\n\t\t\t\t\t<td>Requisiti per l'installazione<\/td>\r\n\t\t\t\t\t<td>18,5\u00d711,8\u00d75,6 m<\/td>\r\n\t\t\t\t<\/tr>\r\n\t\t\t\t<tr>\r\n\t\t\t\t\t<td><strong> <\/strong><\/td>\r\n\t\t\t\t\t<td>Peso totale<\/td>\r\n\t\t\t\t\t<td>180 t<\/td>\r\n\t\t\t\t<\/tr>\r\n\t\t\t<\/tbody>\r\n\t\t<\/table>\r\n\t<\/div>\r\n<\/div>\r\n\r\n\r\n\r\n<div class=\"columns\">\r\n\t<div class=\"column col-6\">\r\n\t\t<div class=\"elha-youtube-lightbox\"><a href=\"https:\/\/www.youtube-nocookie.com\/embed\/T83pPhxapo0\" class=\"lightbox\" rel=\"nofollow noopener\" target=\"_blank\"><img decoding=\"async\" src=\"https:\/\/www.elha.de\/wp-content\/uploads\/smx-5239-video-460x307.jpg\" alt=\"\"><\/a><span>Accettare la trasmissione dei dati a YouTube e riprodurre il video. <a href=\"https:\/\/www.elha.de\/it\/dichiarazione-sulla-protezione-dei-dati\/\">Informativa sulla privacy<\/a><\/span><\/div>\r\n\t<\/div>\r\n\r\n\t<div class=\"column col-6\">\r\n\t\t<a href=\"https:\/\/www.elha.de\/wp-content\/uploads\/smx-5239-horizontal-grossbearbeitungszentrum.jpg\" class=\"lightbox elha-image-lightbox\">\r\n\t\t\t<img decoding=\"async\" src=\"https:\/\/www.elha.de\/wp-content\/uploads\/smx-5239-horizontal-grossbearbeitungszentrum-460x325.jpg\" alt=\"SMX 5239 02\" >\r\n\t\t<\/a>\r\n\t<\/div>\r\n\r\n\t<div class=\"column col-6\">\r\n\t\t<a href=\"https:\/\/www.elha.de\/wp-content\/uploads\/smx-5239-achsbezeichnungen.jpg\" class=\"lightbox elha-image-lightbox\">\r\n\t\t\t<img decoding=\"async\" src=\"https:\/\/www.elha.de\/wp-content\/uploads\/smx-5239-achsbezeichnungen-460x325.jpg\" alt=\"SMX 5239 03\" >\r\n\t\t<\/a>\r\n\t<\/div>\r\n\r\n\t<div class=\"column col-6\">\r\n\t\t<a href=\"https:\/\/www.elha.de\/wp-content\/uploads\/smx-5239-kopfwechsler-werkzeugwechsler.jpg\" class=\"lightbox elha-image-lightbox\">\r\n\t\t\t<img decoding=\"async\" src=\"https:\/\/www.elha.de\/wp-content\/uploads\/smx-5239-kopfwechsler-werkzeugwechsler-460x325.jpg\" alt=\"SMX 5239 04\" >\r\n\t\t<\/a>\r\n\t<\/div>\r\n\r\n\t<div class=\"column col-6\">\r\n\t\t<a href=\"https:\/\/www.elha.de\/wp-content\/uploads\/smx-5239-schutzverkleidung.jpg\" class=\"lightbox elha-image-lightbox\">\r\n\t\t\t<img decoding=\"async\" src=\"https:\/\/www.elha.de\/wp-content\/uploads\/smx-5239-schutzverkleidung-460x325.jpg\" alt=\"SMX 5239 05\" >\r\n\t\t<\/a>\r\n\t<\/div>\r\n\r\n\t<div class=\"column col-6\">\r\n\t\t<a href=\"https:\/\/www.elha.de\/wp-content\/uploads\/smx-5239-werkzeugwechsel-roboter.jpg\" class=\"lightbox elha-image-lightbox\">\r\n\t\t\t<img decoding=\"async\" src=\"https:\/\/www.elha.de\/wp-content\/uploads\/smx-5239-werkzeugwechsel-roboter-460x325.jpg\" alt=\"SMX 5239 06\" >\r\n\t\t<\/a>\r\n\t<\/div>\r\n<\/div>","protected":false},"excerpt":{"rendered":"<p>\t\t\tQuesta macchina segna una nuova pietra miliare per i grandi centri di lavoro orizzontali in termini di dimensioni, stabilit\u00e0 e flessibilit\u00e0. La SMX 5239 \u00e8 stata progettata per la lavorazione di componenti di telai di macchine utensili.<\/p>","protected":false},"author":1,"featured_media":7400,"parent":1651,"menu_order":0,"comment_status":"closed","ping_status":"closed","template":"","meta":{"footnotes":""},"class_list":["post-4880","page","type-page","status-publish","has-post-thumbnail","hentry"],"blocksy_meta":{"styles_descriptor":{"styles":{"desktop":"","tablet":"","mobile":""},"google_fonts":[],"version":6}},"_links":{"self":[{"href":"https:\/\/www.elha.de\/it\/wp-json\/wp\/v2\/pages\/4880","targetHints":{"allow":["GET"]}}],"collection":[{"href":"https:\/\/www.elha.de\/it\/wp-json\/wp\/v2\/pages"}],"about":[{"href":"https:\/\/www.elha.de\/it\/wp-json\/wp\/v2\/types\/page"}],"author":[{"embeddable":true,"href":"https:\/\/www.elha.de\/it\/wp-json\/wp\/v2\/users\/1"}],"replies":[{"embeddable":true,"href":"https:\/\/www.elha.de\/it\/wp-json\/wp\/v2\/comments?post=4880"}],"version-history":[{"count":0,"href":"https:\/\/www.elha.de\/it\/wp-json\/wp\/v2\/pages\/4880\/revisions"}],"up":[{"embeddable":true,"href":"https:\/\/www.elha.de\/it\/wp-json\/wp\/v2\/pages\/1651"}],"wp:featuredmedia":[{"embeddable":true,"href":"https:\/\/www.elha.de\/it\/wp-json\/wp\/v2\/media\/7400"}],"wp:attachment":[{"href":"https:\/\/www.elha.de\/it\/wp-json\/wp\/v2\/media?parent=4880"}],"curies":[{"name":"wp","href":"https:\/\/api.w.org\/{rel}","templated":true}]}}