{"id":4942,"date":"2016-06-21T13:06:03","date_gmt":"2016-06-21T11:06:03","guid":{"rendered":"https:\/\/www.elha.de\/?page_id=4942"},"modified":"2025-02-28T13:16:08","modified_gmt":"2025-02-28T12:16:08","slug":"centro-di-lavoro-speciale-orizzontale-smx-5181-con-testa-di-fresatura-hv","status":"publish","type":"page","link":"https:\/\/www.elha.de\/it\/maschinen\/spezial-bearbeitungszentren\/smx-5181-horizontales-spezial-bearbeitungszentrum-mit-hv-fraeskopf\/","title":{"rendered":"SMX 5181 - Centro di lavoro speciale orizzontale con testa di fresatura HV"},"content":{"rendered":"<div class=\"columns\">\r\n\t<div class=\"column col-6 col-md-12\">\r\n\t\t<p>\r\n\t\t\tQuesto centro di lavoro \u00e8 stato progettato per la lavorazione completa di componenti laser flatbed di TRUMPF. I gruppi macchina sono ottimizzati per la lavorazione dinamica, di alta precisione e flessibile di componenti di grandi dimensioni. La sottostruttura in un unico pezzo e il basamento della macchina in materiale composito sono intrinsecamente rigidi, ottimizzano lo smorzamento delle vibrazioni e sono termicamente stabili.\r\n\t\t<\/p>\r\n\r\n\t\t<p>\r\n\t\t\tL'unit\u00e0 di lavoro, dotata di una testa di fresatura a forcella di nuova concezione e di un potente mandrino motore, \u00e8 adatta alla lavorazione di alluminio e acciaio. Il processo di cambio utensile viene eseguito da un robot (dotato di una doppia pinza). Nell'arena utensili sono disponibili fino a 339 posizioni. La tavola rotante CNC mobile \u00e8 dotata di sistemi di bloccaggio a punto zero per il mantenimento dei pallet di serraggio. Un cambiapallet automatico \u00e8 progettato per la produzione non presidiata e pu\u00f2 immagazzinare fino a 4(5) pallet con pezzi grezzi nel sistema.\r\n\t\t<\/p>\r\n\r\n\t\t\r\n\r\n\t\t\r\n\t\t\t<a href=\"https:\/\/www.elha.de\/wp-content\/uploads\/smx-5181-en.pdf\" target=\"_blank\" class=\"btn mb-4\" rel=\"noopener noreferrer\">Descrizione del sistema<\/a>\r\n\t\t\r\n\r\n\t\t<div class=\"elha-youtube-lightbox mb-4\"><a href=\"https:\/\/www.youtube-nocookie.com\/embed\/vOhaGEoapiU\" class=\"lightbox\" rel=\"nofollow noopener\" target=\"_blank\"><img decoding=\"async\" src=\"https:\/\/www.elha.de\/wp-content\/uploads\/spx-5181-video.jpg\" alt=\"\"><\/a><span>Accettare la trasmissione dei dati a YouTube e riprodurre il video. <a href=\"https:\/\/www.elha.de\/it\/dichiarazione-sulla-protezione-dei-dati\/\">Informativa sulla privacy<\/a><\/span><\/div>\r\n\t<\/div>\r\n\r\n\t<div class=\"column col-6 col-md-12\">\r\n\t\t<table>\r\n\t\t\t<thead>\r\n\t\t\t\t<tr>\r\n\t\t\t\t\t<th colspan=\"3\">Dati tecnici<\/th>\r\n\t\t\t\t<\/tr>\r\n\t\t\t<\/thead>\r\n\r\n\t\t\t<tbody>\r\n\t\t\t\t<tr>\r\n\t\t\t\t\t<td><strong>Distanze di viaggio<\/strong><\/td>\r\n\t\t\t\t\t<td>Asse X<\/td>\r\n\t\t\t\t\t<td>2.800 mm<\/td>\r\n\t\t\t\t<\/tr>\r\n\t\t\t\t<tr>\r\n\t\t\t\t\t<td><\/td>\r\n\t\t\t\t\t<td>Asse Y<\/td>\r\n\t\t\t\t\t<td>1.250 mm<\/td>\r\n\t\t\t\t<\/tr>\r\n\t\t\t\t<tr>\r\n\t\t\t\t\t<td><\/td>\r\n\t\t\t\t\t<td>Asse Z<\/td>\r\n\t\t\t\t\t<td>2.800 mm<\/td>\r\n\t\t\t\t<\/tr>\r\n\t\t\t\t<tr>\r\n\t\t\t\t\t<td><strong>Avanzamenti <\/strong><\/td>\r\n\t\t\t\t\t<td>Massima. Velocit\u00e0 massima<\/td>\r\n\t\t\t\t\t<td>60 m\/min<\/td>\r\n\t\t\t\t<\/tr>\r\n\t\t\t\t<tr>\r\n\t\t\t\t\t<td><\/td>\r\n\t\t\t\t\t<td>Max. Accelerazione<\/td>\r\n\t\t\t\t\t<td>5 m\/sec\u00b2<\/td>\r\n\t\t\t\t<\/tr>\r\n\t\t\t\t<tr>\r\n\t\t\t\t\t<td><\/td>\r\n\t\t\t\t\t<td>Max. Forza di alimentazione<\/td>\r\n\t\t\t\t\t<td>10.000 N<\/td>\r\n\t\t\t\t<\/tr>\r\n\t\t\t\t<tr>\r\n\t\t\t\t\t<td><strong>Testa girevole<\/strong><\/td>\r\n\t\t\t\t\t<td>Max. Potenza S1<\/td>\r\n\t\t\t\t\t<td>55 kW<\/td>\r\n\t\t\t\t<\/tr>\r\n\t\t\t\t<tr>\r\n\t\t\t\t\t<td><\/td>\r\n\t\t\t\t\t<td>Coppia massima Coppia S1<\/td>\r\n\t\t\t\t\t<td>210 Nm<\/td>\r\n\t\t\t\t<\/tr>\r\n\t\t\t\t<tr>\r\n\t\t\t\t\t<td><\/td>\r\n\t\t\t\t\t<td>Max. Velocit\u00e0<\/td>\r\n\t\t\t\t\t<td>15.000 giri\/min.<\/td>\r\n\t\t\t\t<\/tr>\r\n\t\t\t\t<tr>\r\n\t\t\t\t\t<td><\/td>\r\n\t\t\t\t\t<td>Gamma girevole<\/td>\r\n\t\t\t\t\t<td>Da 0\u00b0 a 90\u00b0<\/td>\r\n\t\t\t\t<\/tr>\r\n\t\t\t\t<tr>\r\n\t\t\t\t\t<td><strong>Tavola rotonda <\/strong><\/td>\r\n\t\t\t\t\t<td>Dimensioni del piano del tavolo<\/td>\r\n\t\t\t\t\t<td>1.000 x 1.000 mm<\/td>\r\n\t\t\t\t<\/tr>\r\n\t\t\t\t<tr>\r\n\t\t\t\t\t<td><\/td>\r\n\t\t\t\t\t<td>Massimo. dimensioni del pallet<\/td>\r\n\t\t\t\t\t<td>1.000 x 1.600 mm<\/td>\r\n\t\t\t\t<\/tr>\r\n\t\t\t\t<tr>\r\n\t\t\t\t\t<td><\/td>\r\n\t\t\t\t\t<td>Max. Diametro girevole<\/td>\r\n\t\t\t\t\t<td>3.000 mm<\/td>\r\n\t\t\t\t<\/tr>\r\n\t\t\t\t<tr>\r\n\t\t\t\t\t<td><\/td>\r\n\t\t\t\t\t<td>Max. Carico della tabella<\/td>\r\n\t\t\t\t\t<td>10.000 kg<\/td>\r\n\t\t\t\t<\/tr>\r\n\t\t\t\t<tr>\r\n\t\t\t\t\t<td><\/td>\r\n\t\t\t\t\t<td>Precisione di posizionamento<\/td>\r\n\t\t\t\t\t<td>\u00b11\u2033<\/td>\r\n\t\t\t\t<\/tr>\r\n\t\t\t\t<tr>\r\n\t\t\t\t\t<td><strong>Rivista di strumenti<\/strong><\/td>\r\n\t\t\t\t\t<td>Posti per utensili<\/td>\r\n\t\t\t\t\t<td>339<\/td>\r\n\t\t\t\t<\/tr>\r\n\t\t\t\t<tr>\r\n\t\t\t\t\t<td><strong> <\/strong><\/td>\r\n\t\t\t\t\t<td>Portautensili<\/td>\r\n\t\t\t\t\t<td>HSK-A 100<\/td>\r\n\t\t\t\t<\/tr>\r\n\t\t\t\t<tr>\r\n\t\t\t\t\t<td><strong> <\/strong><\/td>\r\n\t\t\t\t\t<td>Tempo di cambio utensile<\/td>\r\n\t\t\t\t\t<td>7,0 sec<\/td>\r\n\t\t\t\t<\/tr>\r\n\t\t\t\t<tr>\r\n\t\t\t\t\t<td><strong>Dimensioni <\/strong><\/td>\r\n\t\t\t\t\t<td>Requisiti per l'installazione<\/td>\r\n\t\t\t\t\t<td>17,4 x 9,1 x 5,9 m<\/td>\r\n\t\t\t\t<\/tr>\r\n\t\t\t\t<tr>\r\n\t\t\t\t\t<td><strong> <\/strong><\/td>\r\n\t\t\t\t\t<td>Peso totale<\/td>\r\n\t\t\t\t\t<td>65.000 kg<\/td>\r\n\t\t\t\t<\/tr>\r\n\t\t\t<\/tbody>\r\n\t\t<\/table>\r\n\t<\/div>\r\n<\/div>\r\n\r\n\r\n\r\n<div class=\"columns\">\r\n\t<div class=\"column col-6 col-md-12\">\r\n\t\t<a href=\"https:\/\/www.elha.de\/wp-content\/uploads\/tool-arena-roboter.jpg\" class=\"lightbox elha-image-lightbox mb-3\">\r\n\t\t\t<img decoding=\"async\" src=\"https:\/\/www.elha.de\/wp-content\/uploads\/tool-arena-roboter-460x307.jpg\" alt=\"Arena utensili con robot di cambio utensili\">\r\n\t\t<\/a>\r\n\r\n\t\t<a href=\"https:\/\/www.elha.de\/wp-content\/uploads\/smx-5181-werkzeugwechsel-roboterarena.jpg\" class=\"lightbox elha-image-lightbox mb-3\">\r\n\t\t\t<img decoding=\"async\" src=\"https:\/\/www.elha.de\/wp-content\/uploads\/smx-5181-werkzeugwechsel-roboterarena-460x307.jpg\" alt=\"SMX 5181 BAZ 02\">\r\n\t\t<\/a>\r\n\t<\/div>\r\n\r\n\t<div class=\"column col-6\">\r\n\t\t<a href=\"https:\/\/www.elha.de\/wp-content\/uploads\/smx-5181-fraeskopf-kommandopult.jpg\" class=\"lightbox elha-image-lightbox\"><img decoding=\"async\" src=\"https:\/\/www.elha.de\/wp-content\/uploads\/smx-5181-fraeskopf-kommandopult-627x940.jpg\" alt=\"Unit\u00e0 di controllo SMX 5181 con vista sulla sala macchine\"><\/a>\r\n\t<\/div>\r\n<\/div>","protected":false},"excerpt":{"rendered":"<p>\t\t\tQuesto centro di lavoro \u00e8 stato progettato per la lavorazione completa di componenti laser flatbed di TRUMPF. I gruppi macchina sono progettati per una lavorazione dinamica, di alta precisione e flessibile di componenti di grandi dimensioni.<\/p>","protected":false},"author":1,"featured_media":4962,"parent":1651,"menu_order":2,"comment_status":"closed","ping_status":"closed","template":"","meta":{"footnotes":""},"class_list":["post-4942","page","type-page","status-publish","has-post-thumbnail","hentry"],"blocksy_meta":{"styles_descriptor":{"styles":{"desktop":"","tablet":"","mobile":""},"google_fonts":[],"version":6}},"_links":{"self":[{"href":"https:\/\/www.elha.de\/it\/wp-json\/wp\/v2\/pages\/4942","targetHints":{"allow":["GET"]}}],"collection":[{"href":"https:\/\/www.elha.de\/it\/wp-json\/wp\/v2\/pages"}],"about":[{"href":"https:\/\/www.elha.de\/it\/wp-json\/wp\/v2\/types\/page"}],"author":[{"embeddable":true,"href":"https:\/\/www.elha.de\/it\/wp-json\/wp\/v2\/users\/1"}],"replies":[{"embeddable":true,"href":"https:\/\/www.elha.de\/it\/wp-json\/wp\/v2\/comments?post=4942"}],"version-history":[{"count":0,"href":"https:\/\/www.elha.de\/it\/wp-json\/wp\/v2\/pages\/4942\/revisions"}],"up":[{"embeddable":true,"href":"https:\/\/www.elha.de\/it\/wp-json\/wp\/v2\/pages\/1651"}],"wp:featuredmedia":[{"embeddable":true,"href":"https:\/\/www.elha.de\/it\/wp-json\/wp\/v2\/media\/4962"}],"wp:attachment":[{"href":"https:\/\/www.elha.de\/it\/wp-json\/wp\/v2\/media?parent=4942"}],"curies":[{"name":"wp","href":"https:\/\/api.w.org\/{rel}","templated":true}]}}