{"id":4977,"date":"2016-06-21T13:42:47","date_gmt":"2016-06-21T11:42:47","guid":{"rendered":"https:\/\/www.elha.de\/?page_id=4977"},"modified":"2025-02-27T10:49:03","modified_gmt":"2025-02-27T09:49:03","slug":"smx-5189-centro-di-lavoro-orizzontale-a-2-mandrini","status":"publish","type":"page","link":"https:\/\/www.elha.de\/it\/maschinen\/spezial-bearbeitungszentren\/smx-5189-2-spindel-horizontal-bearbeitungszentrum\/","title":{"rendered":"SMX 5189 - Centro di lavoro orizzontale a 2 mandrini"},"content":{"rendered":"<div class=\"columns\">\r\n\t<div class=\"column col-6 col-md-12\">\r\n\t\t<p>\r\n\t\t\tQuesta macchina \u00e8 stata progettata per la lavorazione delle sedi delle pinze dei freni dei camion in un'unica posizione di serraggio. \u00c8 possibile lavorare diverse varianti di pezzi sulle stesse attrezzature di serraggio, poich\u00e9 i punti di serraggio sono disposti in modo identico per tutte le varianti di pezzi.\r\n\t\t<\/p>\r\n\r\n\t\t<p>\r\n\t\t\tPer le lavorazioni complesse, la macchina \u00e8 stata dotata di un ponte girevole (asse A), azionato su entrambi i lati da motori torque di \u00d8 500 mm. Sul ponte girevole sono montate due tavole girevoli di \u00d8 500 mm (assi B), anch'esse azionate da motori torque. Tutti gli assi rotanti sono dotati di bloccaggio idraulico.\r\n\t\t<\/p>\r\n\r\n\t\t<p>\r\n\t\t\tLe due unit\u00e0 di lavoro possono essere spostate in modo completamente indipendente l'una dall'altra: ci\u00f2 significa che le lunghezze e i diametri degli utensili possono essere corretti su tutti e tre gli assi. La macchina \u00e8 inoltre dotata di un magazzino utensili a 80 posizioni. Nel magazzino possono essere alloggiate diverse teste di foratura e fresatura.\r\n\t\t<\/p>\r\n\r\n\t\t<a href=\"https:\/\/www.elha.de\/wp-content\/uploads\/smx-5189-zeichnung.png\" class=\"lightbox elha-image-lightbox mb-4\">\r\n\t\t\t<img decoding=\"async\" src=\"https:\/\/www.elha.de\/wp-content\/uploads\/smx-5189-zeichnung-460x338.png\" alt=\"SMX 5189 Disegno\">\r\n\t\t<\/a>\r\n\t<\/div>\r\n\r\n\r\n\r\n\t<div class=\"column col-6 col-md-12\">\r\n\t\t<table class=\"mb-4\">\r\n\t\t\t<thead>\r\n\t\t\t\t<tr>\r\n\t\t\t\t\t<th colspan=\"3\">Dati tecnici<\/th>\r\n\t\t\t\t<\/tr>\r\n\t\t\t<\/thead>\r\n\r\n\t\t\t<tbody>\r\n\t\t\t\t<tr>\r\n\t\t\t\t\t<td><strong>Distanze di viaggio<\/strong><\/td>\r\n\t\t\t\t\t<td>Assi X<\/td>\r\n\t\t\t\t\t<td>500 mm<\/td>\r\n\t\t\t\t<\/tr>\r\n\t\t\t\t<tr>\r\n\t\t\t\t\t<td><\/td>\r\n\t\t\t\t\t<td>Assi Y (cambio utensile)<\/td>\r\n\t\t\t\t\t<td>500 (925) mm<\/td>\r\n\t\t\t\t<\/tr>\r\n\t\t\t\t<tr>\r\n\t\t\t\t\t<td><\/td>\r\n\t\t\t\t\t<td>Assi Z<\/td>\r\n\t\t\t\t\t<td>500 mm<\/td>\r\n\t\t\t\t<\/tr>\r\n\t\t\t\t<tr>\r\n\t\t\t\t\t<td><strong>Avanzamenti <\/strong><\/td>\r\n\t\t\t\t\t<td>Massima. Velocit\u00e0 massima<\/td>\r\n\t\t\t\t\t<td>40 m\/min<\/td>\r\n\t\t\t\t<\/tr>\r\n\t\t\t\t<tr>\r\n\t\t\t\t\t<td><\/td>\r\n\t\t\t\t\t<td>Max. Accelerazione<\/td>\r\n\t\t\t\t\t<td>4 m\/sec\u00b2<\/td>\r\n\t\t\t\t<\/tr>\r\n\t\t\t\t<tr>\r\n\t\t\t\t\t<td><\/td>\r\n\t\t\t\t\t<td>Max. Forza di alimentazione<\/td>\r\n\t\t\t\t\t<td>10.000 N<\/td>\r\n\t\t\t\t<\/tr>\r\n\t\t\t\t<tr>\r\n\t\t\t\t\t<td><strong>Unit\u00e0 di lavoro<\/strong><\/td>\r\n\t\t\t\t\t<td>Potenza massima Potenza S1 \/ S6<\/td>\r\n\t\t\t\t\t<td>50 \/ 75 kW<\/td>\r\n\t\t\t\t<\/tr>\r\n\t\t\t\t<tr>\r\n\t\t\t\t\t<td><\/td>\r\n\t\t\t\t\t<td>Coppia massima Coppia S1 \/ S6<\/td>\r\n\t\t\t\t\t<td>256 \/ 386 Nm<\/td>\r\n\t\t\t\t<\/tr>\r\n\t\t\t\t<tr>\r\n\t\t\t\t\t<td><\/td>\r\n\t\t\t\t\t<td>Max. Velocit\u00e0<\/td>\r\n\t\t\t\t\t<td>7.500 giri\/min.<\/td>\r\n\t\t\t\t<\/tr>\r\n\t\t\t\t<tr>\r\n\t\t\t\t\t<td><\/td>\r\n\t\t\t\t\t<td>Distanza dal mandrino<\/td>\r\n\t\t\t\t\t<td>800 mm<\/td>\r\n\t\t\t\t<\/tr>\r\n\t\t\t\t<tr>\r\n\t\t\t\t\t<td><strong>Assali girevoli<\/strong><\/td>\r\n\t\t\t\t\t<td>Diametro assi A \/ numero<\/td>\r\n\t\t\t\t\t<td>\u2205 500 mm (1x)<\/td>\r\n\t\t\t\t<\/tr>\r\n\t\t\t\t<tr>\r\n\t\t\t\t\t<td><\/td>\r\n\t\t\t\t\t<td>Diametro Assi B \/ quantit\u00e0<\/td>\r\n\t\t\t\t\t<td>\u2205 500 mm (2x)<\/td>\r\n\t\t\t\t<\/tr>\r\n\t\t\t\t<tr>\r\n\t\t\t\t\t<td><strong>Rivista di strumenti<\/strong><\/td>\r\n\t\t\t\t\t<td>Posti per utensili<\/td>\r\n\t\t\t\t\t<td>80<\/td>\r\n\t\t\t\t<\/tr>\r\n\t\t\t\t<tr>\r\n\t\t\t\t\t<td><strong> <\/strong><\/td>\r\n\t\t\t\t\t<td>Portautensili<\/td>\r\n\t\t\t\t\t<td>HSK-A 100<\/td>\r\n\t\t\t\t<\/tr>\r\n\t\t\t\t<tr>\r\n\t\t\t\t\t<td><strong> <\/strong><\/td>\r\n\t\t\t\t\t<td>Tempo di cambio utensile<\/td>\r\n\t\t\t\t\t<td>8 secondi<\/td>\r\n\t\t\t\t<\/tr>\r\n\t\t\t\t<tr>\r\n\t\t\t\t\t<td><strong>Dimensioni <\/strong><\/td>\r\n\t\t\t\t\t<td>Requisiti per l'installazione<\/td>\r\n\t\t\t\t\t<td>6,0 x 5,2 x 4,5 m<\/td>\r\n\t\t\t\t<\/tr>\r\n\t\t\t\t<tr>\r\n\t\t\t\t\t<td><strong> <\/strong><\/td>\r\n\t\t\t\t\t<td>Peso totale<\/td>\r\n\t\t\t\t\t<td>34.000 kg<\/td>\r\n\t\t\t\t<\/tr>\r\n\t\t\t\t<tr>\r\n\t\t\t\t\t<td><strong> <\/strong><\/td>\r\n\t\t\t\t\t<td>Tempo del pezzo<\/td>\r\n\t\t\t\t\t<td>133 sec<\/td>\r\n\t\t\t\t<\/tr>\r\n\t\t\t<\/tbody>\r\n\t\t<\/table>\r\n\r\n\t\t\r\n\t\t\r\n\t\t\t<a href=\"https:\/\/www.elha.de\/wp-content\/uploads\/smx-5189-en.pdf\" target=\"_blank\" class=\"btn\" rel=\"noopener\">Descrizione del sistema<\/a>\r\n\t\t\r\n\t<\/div>\r\n<\/div>\r\n\r\n\r\n\r\n<div class=\"columns\">\r\n\t<div class=\"column col-6\">\r\n\t\t<a href=\"https:\/\/www.elha.de\/wp-content\/uploads\/smx-5189-2-spindel-horizontal-bearbeitungszentrum.jpg\" class=\"lightbox elha-image-lightbox\">\r\n\t\t\t<img decoding=\"async\" src=\"https:\/\/www.elha.de\/wp-content\/uploads\/smx-5189-2-spindel-horizontal-bearbeitungszentrum-460x307.jpg\" alt=\"SMX 5189 01\">\r\n\t\t<\/a>\r\n\t<\/div>\r\n\r\n\t<div class=\"column col-6\">\r\n\t\t<a href=\"https:\/\/www.elha.de\/wp-content\/uploads\/smx-5189-zweispindler-schwenkbruecke.jpg\" class=\"lightbox elha-image-lightbox\">\r\n\t\t\t<img decoding=\"async\" src=\"https:\/\/www.elha.de\/wp-content\/uploads\/smx-5189-zweispindler-schwenkbruecke-460x307.jpg\" alt=\"SMX 5189 02\">\r\n\t\t<\/a>\r\n\t<\/div>\r\n<\/div>","protected":false},"excerpt":{"rendered":"<p>\t\t\tQuesta macchina \u00e8 stata progettata per la lavorazione delle sedi delle pinze dei freni dei camion in un'unica posizione di serraggio. \u00c8 possibile lavorare diverse varianti di pezzi sulle stesse attrezzature di serraggio, in quanto i punti di serraggio sono<\/p>","protected":false},"author":1,"featured_media":4988,"parent":1651,"menu_order":3,"comment_status":"closed","ping_status":"closed","template":"","meta":{"footnotes":""},"class_list":["post-4977","page","type-page","status-publish","has-post-thumbnail","hentry"],"blocksy_meta":{"styles_descriptor":{"styles":{"desktop":"","tablet":"","mobile":""},"google_fonts":[],"version":6}},"_links":{"self":[{"href":"https:\/\/www.elha.de\/it\/wp-json\/wp\/v2\/pages\/4977","targetHints":{"allow":["GET"]}}],"collection":[{"href":"https:\/\/www.elha.de\/it\/wp-json\/wp\/v2\/pages"}],"about":[{"href":"https:\/\/www.elha.de\/it\/wp-json\/wp\/v2\/types\/page"}],"author":[{"embeddable":true,"href":"https:\/\/www.elha.de\/it\/wp-json\/wp\/v2\/users\/1"}],"replies":[{"embeddable":true,"href":"https:\/\/www.elha.de\/it\/wp-json\/wp\/v2\/comments?post=4977"}],"version-history":[{"count":0,"href":"https:\/\/www.elha.de\/it\/wp-json\/wp\/v2\/pages\/4977\/revisions"}],"up":[{"embeddable":true,"href":"https:\/\/www.elha.de\/it\/wp-json\/wp\/v2\/pages\/1651"}],"wp:featuredmedia":[{"embeddable":true,"href":"https:\/\/www.elha.de\/it\/wp-json\/wp\/v2\/media\/4988"}],"wp:attachment":[{"href":"https:\/\/www.elha.de\/it\/wp-json\/wp\/v2\/media?parent=4977"}],"curies":[{"name":"wp","href":"https:\/\/api.w.org\/{rel}","templated":true}]}}