{"id":5024,"date":"2016-06-21T15:14:27","date_gmt":"2016-06-21T13:14:27","guid":{"rendered":"https:\/\/www.elha.de\/?page_id=5024"},"modified":"2025-02-28T10:02:55","modified_gmt":"2025-02-28T09:02:55","slug":"centro-di-lavoro-per-la-foratura-profonda-a-6-mandrini-spx-5207","status":"publish","type":"page","link":"https:\/\/www.elha.de\/it\/maschinen\/sondermaschinen\/spx-5207-6-spindel-tiefloch-bohr-bearbeitungszentrum\/","title":{"rendered":"SPX 5207 - Centro di foratura e lavorazione a 6 mandrini per fori profondi"},"content":{"rendered":"<div class=\"columns\">\r\n\t<div class=\"column col-6 col-md-12\">\r\n\t\t<p>La macchina \u00e8 adatta alla foratura profonda orizzontale a 6 mandrini di fori su cerchi di bulloni. Le unit\u00e0 di lavoro motorizzate dei mandrini sono disposte a 6x 60\u00b0 su una piastra di base e possono essere controllate da CNC al rispettivo diametro.<\/p>\r\n\r\n\t\t<p>Il mandrino a 3 griffe \u00d81.250 \u00e8 montato su un'unit\u00e0 di tavola rotante mobile. Ci\u00f2 garantisce un'accessibilit\u00e0 ottimale durante le operazioni di carico e scarico. Il basamento della macchina, realizzato in un unico pezzo, \u00e8 in materiale composito e smorza in modo ottimale le vibrazioni.<\/p>\r\n\r\n\t\t<p>I fori di diametro compreso tra 6 e 16 mm vengono completati in una sola corsa di lavoro. Le unit\u00e0 di lavoro sono dotate di dispositivi di guida della punta regolabili idraulicamente per la foratura a punti.<\/p>\r\n\r\n\t\t<a href=\"https:\/\/www.elha.de\/wp-content\/uploads\/spx-5207-zeichnung.png\" class=\"lightbox elha-image-lightbox mb-3\">\r\n\t\t\t<img decoding=\"async\" src=\"https:\/\/www.elha.de\/wp-content\/uploads\/spx-5207-zeichnung-460x305.png\" alt=\"Disegno SPX 5207\">\r\n\t\t<\/a>\r\n\t<\/div>\r\n\r\n\t<div class=\"column col-6 col-md-12\">\r\n\t\t<table class=\"mb-4\">\r\n\t\t\t<thead>\r\n\t\t\t\t<tr>\r\n\t\t\t\t\t<th colspan=\"3\">Dati tecnici<\/th>\r\n\t\t\t\t<\/tr>\r\n\t\t\t<\/thead>\r\n\r\n\t\t\t<tbody>\r\n\t\t\t\t<tr>\r\n\t\t\t\t\t<td><strong>Distanze di viaggio<\/strong><\/td>\r\n\t\t\t\t\t<td>Asse X (1-6)<\/td>\r\n\t\t\t\t\t<td>530 mm<\/td>\r\n\t\t\t\t<\/tr>\r\n\t\t\t\t<tr>\r\n\t\t\t\t\t<td><\/td>\r\n\t\t\t\t\t<td>Asse Z<\/td>\r\n\t\t\t\t\t<td>1.400 mm<\/td>\r\n\t\t\t\t<\/tr>\r\n\t\t\t\t<tr>\r\n\t\t\t\t\t<td><strong><\/strong><\/td>\r\n\t\t\t\t\t<td>Pozzi<\/td>\r\n\t\t\t\t\t<td>470 mm<\/td>\r\n\t\t\t\t<\/tr>\r\n\t\t\t\t<tr>\r\n\t\t\t\t\t<td><strong>Avanzamenti <\/strong><\/td>\r\n\t\t\t\t\t<td>Massima. Velocit\u00e0 massima<\/td>\r\n\t\t\t\t\t<td>20 m\/min<\/td>\r\n\t\t\t\t<\/tr>\r\n\t\t\t\t<tr>\r\n\t\t\t\t\t<td><\/td>\r\n\t\t\t\t\t<td>Max. Accelerazione X \/ Z<\/td>\r\n\t\t\t\t\t<td>4 \/ 1,4 m\/sec\u00b2<\/td>\r\n\t\t\t\t<\/tr>\r\n\t\t\t\t<tr>\r\n\t\t\t\t\t<td><\/td>\r\n\t\t\t\t\t<td>Max. Forza di avanzamento Z<\/td>\r\n\t\t\t\t\t<td>60.000 N<\/td>\r\n\t\t\t\t<\/tr>\r\n\t\t\t\t<tr>\r\n\t\t\t\t\t<td><strong>Azionamento principale <\/strong><\/td>\r\n\t\t\t\t\t<td>Potenza massima Potenza S1 \/ S6<\/td>\r\n\t\t\t\t\t<td>13 \/ 16,9 kW<\/td>\r\n\t\t\t\t<\/tr>\r\n\t\t\t\t<tr>\r\n\t\t\t\t\t<td><\/td>\r\n\t\t\t\t\t<td>Coppia massima Coppia S1 \/ S6<\/td>\r\n\t\t\t\t\t<td>49,7 \/ 64,6 Nm<\/td>\r\n\t\t\t\t<\/tr>\r\n\t\t\t\t<tr>\r\n\t\t\t\t\t<td><\/td>\r\n\t\t\t\t\t<td>Max. Velocit\u00e0<\/td>\r\n\t\t\t\t\t<td>8.000 giri\/min.<\/td>\r\n\t\t\t\t<\/tr>\r\n\t\t\t\t<tr>\r\n\t\t\t\t\t<td><strong><\/strong><\/td>\r\n\t\t\t\t\t<td>Portautensili<\/td>\r\n\t\t\t\t\t<td>HSK 63 mm<\/td>\r\n\t\t\t\t<\/tr>\r\n\t\t\t\t<tr>\r\n\t\t\t\t\t<td><strong>Tavola rotonda<\/strong><\/td>\r\n\t\t\t\t\t<td>Diametro<\/td>\r\n\t\t\t\t\t<td>1.250 mm<\/td>\r\n\t\t\t\t<\/tr>\r\n\t\t\t\t<tr>\r\n\t\t\t\t\t<td><strong><\/strong><\/td>\r\n\t\t\t\t\t<td>Max. Velocit\u00e0<\/td>\r\n\t\t\t\t\t<td>5 giri al minuto<\/td>\r\n\t\t\t\t<\/tr>\r\n\t\t\t\t<tr>\r\n\t\t\t\t\t<td><strong>Pezzo in lavorazione <\/strong><\/td>\r\n\t\t\t\t\t<td>Diametro esterno<\/td>\r\n\t\t\t\t\t<td>780 - 1.500 mm<\/td>\r\n\t\t\t\t<\/tr>\r\n\t\t\t\t<tr>\r\n\t\t\t\t\t<td><strong><\/strong><\/td>\r\n\t\t\t\t\t<td>Diametro del cerchio del passo<\/td>\r\n\t\t\t\t\t<td>510 - 1.450 mm<\/td>\r\n\t\t\t\t<\/tr>\r\n\t\t\t\t<tr>\r\n\t\t\t\t\t<td><\/td>\r\n\t\t\t\t\t<td>Peso massimo Peso<\/td>\r\n\t\t\t\t\t<td>1.500 kg<\/td>\r\n\t\t\t\t<\/tr>\r\n\t\t\t\t<tr>\r\n\t\t\t\t\t<td><strong>Dimensioni <\/strong><\/td>\r\n\t\t\t\t\t<td>Requisiti per l'installazione<\/td>\r\n\t\t\t\t\t<td>10,4 x 6,2 x 4,3 m<\/td>\r\n\t\t\t\t<\/tr>\r\n\t\t\t\t<tr>\r\n\t\t\t\t\t<td><strong> <\/strong><\/td>\r\n\t\t\t\t\t<td>Peso totale<\/td>\r\n\t\t\t\t\t<td>62.000 kg<\/td>\r\n\t\t\t\t<\/tr>\r\n\t\t\t<\/tbody>\r\n\t\t<\/table>\r\n\r\n\t\t\r\n\t\t\r\n\t\t\t<a href=\"https:\/\/www.elha.de\/wp-content\/uploads\/spx-5207-en.pdf\" target=\"_blank\" class=\"btn\" rel=\"noopener noreferrer\">Descrizione del sistema<\/a>\r\n\t\t\r\n\t<\/div>\r\n<\/div>\r\n\r\n\r\n\r\n<div class=\"columns\">\r\n\t<div class=\"column col-6 col-md-12\">\r\n\t\t<div class=\"elha-youtube-lightbox\"><a href=\"https:\/\/www.youtube-nocookie.com\/embed\/fsx4Lmdaxeo\" class=\"lightbox\" rel=\"nofollow noopener\" target=\"_blank\"><img decoding=\"async\" src=\"https:\/\/www.elha.de\/wp-content\/uploads\/spx-5207-video.jpg\" alt=\"\"><\/a><span>Accettare la trasmissione dei dati a YouTube e riprodurre il video. <a href=\"https:\/\/www.elha.de\/it\/dichiarazione-sulla-protezione-dei-dati\/\">Informativa sulla privacy<\/a><\/span><\/div>\r\n\r\n\t\t<a href=\"https:\/\/www.elha.de\/wp-content\/uploads\/spx-5207-6-spindel-tiefloch-bohr-bearbeitungszentrum2.jpg\" class=\"lightbox elha-image-lightbox mt-3 mb-3\">\r\n\t\t\t<img decoding=\"async\" src=\"https:\/\/www.elha.de\/wp-content\/uploads\/spx-5207-6-spindel-tiefloch-bohr-bearbeitungszentrum2-460x307.jpg\" alt=\"SPX 5207 01\">\r\n\t\t<\/a>\r\n\t<\/div>\r\n\r\n\t<div class=\"column col-6 col-md-8\">\r\n\t\t<a href=\"https:\/\/www.elha.de\/wp-content\/uploads\/spx-5207-6-spindel-tiefloch-bohr-bearbeitungszentrum.jpg\" class=\"lightbox elha-image-lightbox\">\r\n\t\t\t<img decoding=\"async\" src=\"https:\/\/www.elha.de\/wp-content\/uploads\/spx-5207-6-spindel-tiefloch-bohr-bearbeitungszentrum-665x940.jpg\" alt=\"SPX 5207 02\">\r\n\t\t<\/a>\r\n\t<\/div>\r\n<\/div>","protected":false},"excerpt":{"rendered":"<p>\t\tLa macchina \u00e8 adatta alla foratura profonda orizzontale a 6 mandrini di fori situati su cerchi di bulloni. Le unit\u00e0 di lavoro motorizzate dei mandrini sono disposte a 6x 60\u00b0 su un'apposita piastra di base e<\/p>","protected":false},"author":1,"featured_media":6832,"parent":1653,"menu_order":1,"comment_status":"closed","ping_status":"closed","template":"","meta":{"footnotes":""},"class_list":["post-5024","page","type-page","status-publish","has-post-thumbnail","hentry"],"blocksy_meta":{"styles_descriptor":{"styles":{"desktop":"","tablet":"","mobile":""},"google_fonts":[],"version":6}},"_links":{"self":[{"href":"https:\/\/www.elha.de\/it\/wp-json\/wp\/v2\/pages\/5024","targetHints":{"allow":["GET"]}}],"collection":[{"href":"https:\/\/www.elha.de\/it\/wp-json\/wp\/v2\/pages"}],"about":[{"href":"https:\/\/www.elha.de\/it\/wp-json\/wp\/v2\/types\/page"}],"author":[{"embeddable":true,"href":"https:\/\/www.elha.de\/it\/wp-json\/wp\/v2\/users\/1"}],"replies":[{"embeddable":true,"href":"https:\/\/www.elha.de\/it\/wp-json\/wp\/v2\/comments?post=5024"}],"version-history":[{"count":0,"href":"https:\/\/www.elha.de\/it\/wp-json\/wp\/v2\/pages\/5024\/revisions"}],"up":[{"embeddable":true,"href":"https:\/\/www.elha.de\/it\/wp-json\/wp\/v2\/pages\/1653"}],"wp:featuredmedia":[{"embeddable":true,"href":"https:\/\/www.elha.de\/it\/wp-json\/wp\/v2\/media\/6832"}],"wp:attachment":[{"href":"https:\/\/www.elha.de\/it\/wp-json\/wp\/v2\/media?parent=5024"}],"curies":[{"name":"wp","href":"https:\/\/api.w.org\/{rel}","templated":true}]}}