{"id":5049,"date":"2016-06-21T15:42:15","date_gmt":"2016-06-21T13:42:15","guid":{"rendered":"https:\/\/www.elha.de\/?page_id=5049"},"modified":"2025-03-27T12:11:49","modified_gmt":"2025-03-27T11:11:49","slug":"centro-di-tornitura-orizzontale-a-2-mandrini-spx-5111","status":"publish","type":"page","link":"https:\/\/www.elha.de\/it\/maschinen\/sondermaschinen\/spx-5111-horizontales-2-spindel-drehfraes-bearbeitungszentrum\/","title":{"rendered":"SPX 5111 - Centro di lavoro orizzontale a 2 mandrini per fresatura rotante"},"content":{"rendered":"<div class=\"columns\">\r\n\t<div class=\"column col-6 col-md-12\">\r\n\t\t<p>Questa macchina \u00e8 stata progettata appositamente per la lavorazione di cilindri a pressione (\u00d8 max. 800 mm; lunghezza max. 2.000 mm). L'ambito di lavorazione comprende la tornitura della superficie laterale, la fresatura di canali e la foratura. La macchina si distingue in particolare per l'elevata precisione, l'alta stabilit\u00e0 termica e le eccellenti propriet\u00e0 di smorzamento.<\/p>\r\n\r\n\t\t<p>L'unit\u00e0 mandrino principale HSK 160 per impieghi gravosi (150 kW) \u00e8 utilizzata principalmente per operazioni di tornitura e fresatura di canali. Questa unit\u00e0 \u00e8 dotata di un magazzino a 14 dischi. L'unit\u00e0 dinamica HSK 100 (50 kW) \u00e8 utilizzata principalmente per le operazioni di foratura. Questa unit\u00e0 \u00e8 dotata di un caricatore ovale a 40 slot per il carrello di spinta. Il cambio degli utensili avviene tramite una doppia pinza.<\/p>\r\n\r\n\t\t<p>Le unit\u00e0 di centraggio e di bloccaggio (assi X1 e X2) possono essere spostate separatamente in modalit\u00e0 di carico e scarico. Gli assi X sono accoppiati elettronicamente durante la lavorazione. Gli assi di rotazione (A1 e A2) sono azionati su entrambi i lati e sono anch'essi accoppiati elettronicamente.<\/p>\r\n\r\n\t\t<a href=\"https:\/\/www.elha.de\/wp-content\/uploads\/spx-5111-zeichnung.png\" class=\"lightbox elha-image-lightbox\">\r\n\t\t\t<img decoding=\"async\" src=\"https:\/\/www.elha.de\/wp-content\/uploads\/spx-5111-zeichnung-460x417.png\" alt=\"Disegno SPX 5111\">\r\n\t\t<\/a>\r\n\t<\/div>\r\n\r\n\t<div class=\"column col-6 col-md-12\">\r\n\t\t<table class=\"mb-4\">\r\n\t\t\t<thead>\r\n\t\t\t\t<tr>\r\n\t\t\t\t\t<th colspan=\"3\">Dati tecnici<\/th>\r\n\t\t\t\t<\/tr>\r\n\t\t\t<\/thead>\r\n\t\t\t<tbody>\r\n\t\t\t\t<tr>\r\n\t\t\t\t\t<td><strong>Distanze di viaggio<\/strong><\/td>\r\n\t\t\t\t\t<td>Asse X1 \/ X2<\/td>\r\n\t\t\t\t\t<td>2.710 \/ 2.670 mm<\/td>\r\n\t\t\t\t<\/tr>\r\n\t\t\t\t<tr>\r\n\t\t\t\t\t<td><\/td>\r\n\t\t\t\t\t<td>Asse Y<\/td>\r\n\t\t\t\t\t<td>800 mm<\/td>\r\n\t\t\t\t<\/tr>\r\n\t\t\t\t<tr>\r\n\t\t\t\t\t<td><\/td>\r\n\t\t\t\t\t<td>Asse Z1 \/ Z2<\/td>\r\n\t\t\t\t\t<td>1.050 \/ 500 mm<\/td>\r\n\t\t\t\t<\/tr>\r\n\t\t\t\t<tr>\r\n\t\t\t\t\t<td><\/td>\r\n\t\t\t\t\t<td>Asse U1 \/ U2 (WZW)<\/td>\r\n\t\t\t\t\t<td>1.150 \/ 900 mm<\/td>\r\n\t\t\t\t<\/tr>\r\n\t\t\t\t<tr>\r\n\t\t\t\t\t<td><strong>Avanzamenti <\/strong><\/td>\r\n\t\t\t\t\t<td>Velocit\u00e0 max. Velocit\u00e0 (Z2)<\/td>\r\n\t\t\t\t\t<td>30 (40) m\/min<\/td>\r\n\t\t\t\t<\/tr>\r\n\t\t\t\t<tr>\r\n\t\t\t\t\t<td><\/td>\r\n\t\t\t\t\t<td>Accelerazione massima (Z2) Accelerazione (Z2)<\/td>\r\n\t\t\t\t\t<td>2,5 (6) m\/sec\u00b2<\/td>\r\n\t\t\t\t<\/tr>\r\n\t\t\t\t<tr>\r\n\t\t\t\t\t<td><\/td>\r\n\t\t\t\t\t<td>Max. Forza di avanzamento (Z2)<\/td>\r\n\t\t\t\t\t<td>20 (12) kN<\/td>\r\n\t\t\t\t<\/tr>\r\n\t\t\t\t<tr>\r\n\t\t\t\t\t<td><strong>Azionamento principale 1<\/strong><\/td>\r\n\t\t\t\t\t<td>Max. Potenza S1<\/td>\r\n\t\t\t\t\t<td>150 kW<\/td>\r\n\t\t\t\t<\/tr>\r\n\t\t\t\t<tr>\r\n\t\t\t\t\t<td><\/td>\r\n\t\t\t\t\t<td>Coppia nominale 1 \/ 2<\/td>\r\n\t\t\t\t\t<td>6.000 \/ 2.295 Nm<\/td>\r\n\t\t\t\t<\/tr>\r\n\t\t\t\t<tr>\r\n\t\t\t\t\t<td><\/td>\r\n\t\t\t\t\t<td>Max. Velocit\u00e0<\/td>\r\n\t\t\t\t\t<td>1.600 giri\/min.<\/td>\r\n\t\t\t\t<\/tr>\r\n\t\t\t\t<tr>\r\n\t\t\t\t\t<td><strong>Azionamento principale 2 <\/strong><\/td>\r\n\t\t\t\t\t<td>Max. Potenza S1<\/td>\r\n\t\t\t\t\t<td>50 kW<\/td>\r\n\t\t\t\t<\/tr>\r\n\t\t\t\t<tr>\r\n\t\t\t\t\t<td><\/td>\r\n\t\t\t\t\t<td>Coppia nominale<\/td>\r\n\t\t\t\t\t<td>300 Nm<\/td>\r\n\t\t\t\t<\/tr>\r\n\t\t\t\t<tr>\r\n\t\t\t\t\t<td><\/td>\r\n\t\t\t\t\t<td>Max. Velocit\u00e0<\/td>\r\n\t\t\t\t\t<td>7.260 giri\/min.<\/td>\r\n\t\t\t\t<\/tr>\r\n\t\t\t\t<tr>\r\n\t\t\t\t\t<td><strong>Assi rotanti<\/strong><\/td>\r\n\t\t\t\t\t<td>Massima. Coppia<\/td>\r\n\t\t\t\t\t<td>9.000 Nm<\/td>\r\n\t\t\t\t<\/tr>\r\n\t\t\t\t<tr>\r\n\t\t\t\t\t<td><strong> <\/strong><\/td>\r\n\t\t\t\t\t<td>Max. Velocit\u00e0<\/td>\r\n\t\t\t\t\t<td>20 giri al minuto<\/td>\r\n\t\t\t\t<\/tr>\r\n\t\t\t\t<tr>\r\n\t\t\t\t\t<td><strong> <\/strong><\/td>\r\n\t\t\t\t\t<td>Campo di serraggio<\/td>\r\n\t\t\t\t\t<td>52-220 mm<\/td>\r\n\t\t\t\t<\/tr>\r\n\t\t\t\t<tr>\r\n\t\t\t\t\t<td><\/td>\r\n\t\t\t\t\t<td>Max. Peso del pezzo in lavorazione<\/td>\r\n\t\t\t\t\t<td>1.500 kg<\/td>\r\n\t\t\t\t<\/tr>\r\n\t\t\t\t<tr>\r\n\t\t\t\t\t<td><strong>Dimensioni <\/strong><\/td>\r\n\t\t\t\t\t<td>Requisiti per l'installazione<\/td>\r\n\t\t\t\t\t<td>12,1 x 10,3 x 6,2 m<\/td>\r\n\t\t\t\t<\/tr>\r\n\t\t\t\t<tr>\r\n\t\t\t\t\t<td><strong> <\/strong><\/td>\r\n\t\t\t\t\t<td>Peso totale<\/td>\r\n\t\t\t\t\t<td>130.000 kg<\/td>\r\n\t\t\t\t<\/tr>\r\n\t\t\t<\/tbody>\r\n\t\t<\/table>\r\n\r\n\t\t\r\n\t\t\r\n\t\t\t<a href=\"https:\/\/www.elha.de\/wp-content\/uploads\/spx-5111-en.pdf\" target=\"_blank\"  class=\"btn\" rel=\"noopener noreferrer\">Descrizione del sistema<\/a>\r\n\t\t\r\n\t<\/div>\r\n<\/div>\r\n\r\n\r\n\r\n<div class=\"columns\">\r\n\t<div class=\"column col-6 col-md-12\">\r\n\t\t<a href=\"https:\/\/www.elha.de\/wp-content\/uploads\/spx-5111-dreh-fraeszentrum.jpg\" class=\"lightbox elha-image-lightbox\">\r\n\t\t\t<img decoding=\"async\" src=\"https:\/\/www.elha.de\/wp-content\/uploads\/spx-5111-dreh-fraeszentrum-460x345.jpg\" alt=\"SPX 5111 01\">\r\n\t\t<\/a>\r\n\t<\/div>\r\n\r\n\t<div class=\"column col-6 col-md-12\">\r\n\t\t<div class=\"elha-youtube-lightbox\"><a href=\"https:\/\/www.youtube-nocookie.com\/embed\/j99MR_OS-Po\" class=\"lightbox\" rel=\"nofollow noopener\" target=\"_blank\"><img decoding=\"async\" src=\"https:\/\/www.elha.de\/wp-content\/uploads\/spx-5111-video.jpg\" alt=\"\"><\/a><span>Accettare la trasmissione dei dati a YouTube e riprodurre il video. <a href=\"https:\/\/www.elha.de\/it\/dichiarazione-sulla-protezione-dei-dati\/\">Informativa sulla privacy<\/a><\/span><\/div>\r\n\t<\/div>\r\n<\/div>","protected":false},"excerpt":{"rendered":"<p>\t\tQuesta macchina \u00e8 stata progettata appositamente per la lavorazione di cilindri a impressione (\u00d8 max. 800 mm; lunghezza max. 2.000 mm). L'ambito di lavorazione comprende la tornitura della superficie laterale,<\/p>","protected":false},"author":1,"featured_media":5061,"parent":1653,"menu_order":2,"comment_status":"closed","ping_status":"closed","template":"","meta":{"footnotes":""},"class_list":["post-5049","page","type-page","status-publish","has-post-thumbnail","hentry"],"blocksy_meta":{"styles_descriptor":{"styles":{"desktop":"","tablet":"","mobile":""},"google_fonts":[],"version":6}},"_links":{"self":[{"href":"https:\/\/www.elha.de\/it\/wp-json\/wp\/v2\/pages\/5049","targetHints":{"allow":["GET"]}}],"collection":[{"href":"https:\/\/www.elha.de\/it\/wp-json\/wp\/v2\/pages"}],"about":[{"href":"https:\/\/www.elha.de\/it\/wp-json\/wp\/v2\/types\/page"}],"author":[{"embeddable":true,"href":"https:\/\/www.elha.de\/it\/wp-json\/wp\/v2\/users\/1"}],"replies":[{"embeddable":true,"href":"https:\/\/www.elha.de\/it\/wp-json\/wp\/v2\/comments?post=5049"}],"version-history":[{"count":0,"href":"https:\/\/www.elha.de\/it\/wp-json\/wp\/v2\/pages\/5049\/revisions"}],"up":[{"embeddable":true,"href":"https:\/\/www.elha.de\/it\/wp-json\/wp\/v2\/pages\/1653"}],"wp:featuredmedia":[{"embeddable":true,"href":"https:\/\/www.elha.de\/it\/wp-json\/wp\/v2\/media\/5061"}],"wp:attachment":[{"href":"https:\/\/www.elha.de\/it\/wp-json\/wp\/v2\/media?parent=5049"}],"curies":[{"name":"wp","href":"https:\/\/api.w.org\/{rel}","templated":true}]}}