{"id":5071,"date":"2016-06-21T16:08:05","date_gmt":"2016-06-21T14:08:05","guid":{"rendered":"https:\/\/www.elha.de\/?page_id=5071"},"modified":"2025-02-28T10:10:34","modified_gmt":"2025-02-28T09:10:34","slug":"centro-di-lavoro-orizzontale-a-2-mandrini-spx-5176","status":"publish","type":"page","link":"https:\/\/www.elha.de\/it\/maschinen\/sondermaschinen\/spx-5176-2-spindel-horizontal-bearbeitungszentrum\/","title":{"rendered":"SPX 5176 - Centro di lavorazione orizzontale a 2 mandrini"},"content":{"rendered":"<div class=\"columns\">\r\n\t<div class=\"column col-6 col-md-12\">\r\n\t\t<p>Questa macchina \u00e8 stata progettata principalmente per la foratura e la fresatura orizzontale multimandrino di rulli pesanti. Per poter lavorare anche altri pezzi, la prima unit\u00e0 \u00e8 stata progettata come unit\u00e0 box-in-box dinamica. L'unit\u00e0 box-in-box \u00e8 caratterizzata da una maggiore corsa X e da un mandrino di lavoro pi\u00f9 potente.<\/p>\r\n\r\n\t\t<p>Il telaio della macchina in tre parti dell'unit\u00e0 box-in-box e la sottostruttura della macchina in due parti sono stati progettati in materiale composito antivibrante. La tavola rotante CNC da 2.500 mm \u00e8 stata progettata per pezzi particolarmente pesanti, con un peso fino a 45 tonnellate. La tavola rotante pu\u00f2 essere utilizzata per posizionare qualsiasi angolo con una precisione di \u00b13 secondi d'arco.<\/p>\r\n\r\n\t\t<p>L'uso di teste di foratura bimandrino regolabili manualmente e intercambiabili automaticamente in entrambe le unit\u00e0 pu\u00f2 ridurre significativamente i tempi di lavorazione. Due magazzini utensili automatici possono contenere anche utensili di foratura e fresatura aggiuntivi.<\/p>\r\n\r\n\t\t<div class=\"elha-youtube-lightbox\"><a href=\"https:\/\/www.youtube-nocookie.com\/embed\/rQfkxOxe9Co\" class=\"lightbox\" rel=\"nofollow noopener\" target=\"_blank\"><img decoding=\"async\" src=\"https:\/\/www.elha.de\/wp-content\/uploads\/spx-5176-video.jpg\" alt=\"\"><\/a><span>Accettare la trasmissione dei dati a YouTube e riprodurre il video. <a href=\"https:\/\/www.elha.de\/it\/dichiarazione-sulla-protezione-dei-dati\/\">Informativa sulla privacy<\/a><\/span><\/div>\r\n\t<\/div>\r\n\r\n\t<div class=\"column col-6 col-md-12\">\r\n\t\t<table class=\"mb-4\">\r\n\t\t\t<thead>\r\n\t\t\t\t<tr>\r\n\t\t\t\t\t<th colspan=\"3\">Dati tecnici<\/th>\r\n\t\t\t\t<\/tr>\r\n\t\t\t<\/thead>\r\n\r\n\t\t\t<tbody>\r\n\t\t\t\t<tr>\r\n\t\t\t\t\t<td><strong>Distanze di viaggio<\/strong><\/td>\r\n\t\t\t\t\t<td>Asse X1 \/ X2<\/td>\r\n\t\t\t\t\t<td> 2.500 \/ 200 mm<\/td>\r\n\t\t\t\t<\/tr>\r\n\t\t\t\t<tr>\r\n\t\t\t\t\t<td><\/td>\r\n\t\t\t\t\t<td>Asse Y1 \/ Y2<\/td>\r\n\t\t\t\t\t<td>1.800 mm<\/td>\r\n\t\t\t\t<\/tr>\r\n\t\t\t\t<tr>\r\n\t\t\t\t\t<td><\/td>\r\n\t\t\t\t\t<td>Asse Z1 \/ Z2<\/td>\r\n\t\t\t\t\t<td>1.000 mm<\/td>\r\n\t\t\t\t<\/tr>\r\n\t\t\t\t<tr>\r\n\t\t\t\t\t<td><strong>Avanzamenti <\/strong><\/td>\r\n\t\t\t\t\t<td>Massima. Velocit\u00e0 massima<\/td>\r\n\t\t\t\t\t<td>30 m\/min<\/td>\r\n\t\t\t\t<\/tr>\r\n\t\t\t\t<tr>\r\n\t\t\t\t\t<td><strong>Unit\u00e0 di azionamento principale 1<\/strong><\/td>\r\n\t\t\t\t\t<td>Potenza massima Potenza S1 \/ S6<\/td>\r\n\t\t\t\t\t<td>28 \/ 42 kW<\/td>\r\n\t\t\t\t<\/tr>\r\n\t\t\t\t<tr>\r\n\t\t\t\t\t<td><\/td>\r\n\t\t\t\t\t<td>Massima. Coppia<\/td>\r\n\t\t\t\t\t<td>534 \/ 2.136 Nm<\/td>\r\n\t\t\t\t<\/tr>\r\n\t\t\t\t<tr>\r\n\t\t\t\t\t<td><\/td>\r\n\t\t\t\t\t<td>Max. Velocit\u00e0<\/td>\r\n\t\t\t\t\t<td>3.000 giri\/min.<\/td>\r\n\t\t\t\t<\/tr>\r\n\t\t\t\t<tr>\r\n\t\t\t\t\t<td><strong>Unit\u00e0 di azionamento principale 2 <\/strong><\/td>\r\n\t\t\t\t\t<td>Potenza massima Potenza S1 \/ S6<\/td>\r\n\t\t\t\t\t<td>33 \/ 45 kW<\/td>\r\n\t\t\t\t<\/tr>\r\n\t\t\t\t<tr>\r\n\t\t\t\t\t<td><\/td>\r\n\t\t\t\t\t<td>Coppia massima Coppia S1 \/ S6<\/td>\r\n\t\t\t\t\t<td>157 \/ 215 Nm<\/td>\r\n\t\t\t\t<\/tr>\r\n\t\t\t\t<tr>\r\n\t\t\t\t\t<td><\/td>\r\n\t\t\t\t\t<td>Max. Velocit\u00e0<\/td>\r\n\t\t\t\t\t<td>10.000 giri\/min.<\/td>\r\n\t\t\t\t<\/tr>\r\n\t\t\t\t<tr>\r\n\t\t\t\t\t<td><strong>Tavola rotonda<\/strong><\/td>\r\n\t\t\t\t\t<td>Diametro<\/td>\r\n\t\t\t\t\t<td>2.500 mm<\/td>\r\n\t\t\t\t<\/tr>\r\n\t\t\t\t<tr>\r\n\t\t\t\t\t<td><strong> <\/strong><\/td>\r\n\t\t\t\t\t<td>Max. Velocit\u00e0<\/td>\r\n\t\t\t\t\t<td>6 giri al minuto<\/td>\r\n\t\t\t\t<\/tr>\r\n\t\t\t\t<tr>\r\n\t\t\t\t\t<td><strong>Rivista di strumenti <\/strong><\/td>\r\n\t\t\t\t\t<td>Posti per utensili<\/td>\r\n\t\t\t\t\t<td>3 +MSK<\/td>\r\n\t\t\t\t<\/tr>\r\n\t\t\t\t<tr>\r\n\t\t\t\t\t<td><strong> <\/strong><\/td>\r\n\t\t\t\t\t<td>Portautensili<\/td>\r\n\t\t\t\t\t<td>HSK-A 100<\/td>\r\n\t\t\t\t<\/tr>\r\n\t\t\t\t<tr>\r\n\t\t\t\t\t<td><strong>Dimensioni <\/strong><\/td>\r\n\t\t\t\t\t<td>Requisiti per l'installazione<\/td>\r\n\t\t\t\t\t<td>11,7 x 9,3 x 6,0 m<\/td>\r\n\t\t\t\t<\/tr>\r\n\t\t\t\t<tr>\r\n\t\t\t\t\t<td><strong> <\/strong><\/td>\r\n\t\t\t\t\t<td>Peso totale<\/td>\r\n\t\t\t\t\t<td>166.000 kg<\/td>\r\n\t\t\t\t<\/tr>\r\n\t\t\t<\/tbody>\r\n\t\t<\/table>\r\n\r\n\t\t\r\n\t\t\r\n\t\t\t<a href=\"https:\/\/www.elha.de\/wp-content\/uploads\/spx-5176-en.pdf\" target=\"_blank\" class=\"btn\" rel=\"noopener noreferrer\">Descrizione del sistema<\/a>\r\n\t\t\r\n\t<\/div>\r\n<\/div>\r\n\r\n\r\n\r\n<div class=\"columns\">\r\n\t<div class=\"column col-6 col-md-12\">\r\n\t\t<a href=\"https:\/\/www.elha.de\/wp-content\/uploads\/spx-5176-2-spindel-horizontal-bearbeitungszentrum.jpg\" class=\"lightbox elha-image-lightbox\">\r\n\t\t\t<img decoding=\"async\" src=\"https:\/\/www.elha.de\/wp-content\/uploads\/spx-5176-2-spindel-horizontal-bearbeitungszentrum-460x348.jpg\" alt=\"SPX 5176 01\">\r\n\t\t<\/a>\r\n\t<\/div>\r\n\r\n\t<div class=\"column col-6 col-md-12\">\r\n\t\t<a href=\"https:\/\/www.elha.de\/wp-content\/uploads\/spx-5176-zeichnung.png\" class=\"lightbox elha-image-lightbox\">\r\n\t\t\t<img decoding=\"async\" src=\"https:\/\/www.elha.de\/wp-content\/uploads\/spx-5176-zeichnung-460x364.png\" alt=\"Disegno SPX 5176\">\r\n\t\t<\/a>\r\n\t<\/div>\r\n<\/div>","protected":false},"excerpt":{"rendered":"<p>\t\tQuesta macchina \u00e8 stata progettata principalmente per la foratura e la fresatura orizzontale multimandrino di rulli pesanti. Per poter lavorare anche altri pezzi, la prima macchina<\/p>","protected":false},"author":1,"featured_media":5089,"parent":1653,"menu_order":3,"comment_status":"closed","ping_status":"closed","template":"","meta":{"footnotes":""},"class_list":["post-5071","page","type-page","status-publish","has-post-thumbnail","hentry"],"blocksy_meta":{"styles_descriptor":{"styles":{"desktop":"","tablet":"","mobile":""},"google_fonts":[],"version":6}},"_links":{"self":[{"href":"https:\/\/www.elha.de\/it\/wp-json\/wp\/v2\/pages\/5071","targetHints":{"allow":["GET"]}}],"collection":[{"href":"https:\/\/www.elha.de\/it\/wp-json\/wp\/v2\/pages"}],"about":[{"href":"https:\/\/www.elha.de\/it\/wp-json\/wp\/v2\/types\/page"}],"author":[{"embeddable":true,"href":"https:\/\/www.elha.de\/it\/wp-json\/wp\/v2\/users\/1"}],"replies":[{"embeddable":true,"href":"https:\/\/www.elha.de\/it\/wp-json\/wp\/v2\/comments?post=5071"}],"version-history":[{"count":0,"href":"https:\/\/www.elha.de\/it\/wp-json\/wp\/v2\/pages\/5071\/revisions"}],"up":[{"embeddable":true,"href":"https:\/\/www.elha.de\/it\/wp-json\/wp\/v2\/pages\/1653"}],"wp:featuredmedia":[{"embeddable":true,"href":"https:\/\/www.elha.de\/it\/wp-json\/wp\/v2\/media\/5089"}],"wp:attachment":[{"href":"https:\/\/www.elha.de\/it\/wp-json\/wp\/v2\/media?parent=5071"}],"curies":[{"name":"wp","href":"https:\/\/api.w.org\/{rel}","templated":true}]}}