{"id":5093,"date":"2016-06-22T13:25:42","date_gmt":"2016-06-22T11:25:42","guid":{"rendered":"https:\/\/www.elha.de\/?page_id=5093"},"modified":"2025-02-27T10:54:19","modified_gmt":"2025-02-27T09:54:19","slug":"foratrice-per-rotaie-spx-5134","status":"publish","type":"page","link":"https:\/\/www.elha.de\/it\/maschinen\/sondermaschinen\/spx-5134-schienenbohranlage\/","title":{"rendered":"SPX 5134 - Macchina per la foratura delle rotaie"},"content":{"rendered":"<div class=\"columns\">\r\n\t<div class=\"column col-6 col-md-12\">\r\n\t\t<p>Questa macchina \u00e8 adatta alla foratura e alla smussatura bilaterale di profili ferroviari di varie forme e dimensioni. La foratura viene eseguita con un'unit\u00e0 a 2 assi orientabile di \u00b115\u00b0. Questa unit\u00e0 \u00e8 dotata di un ulteriore cambio utensili a 6 posizioni. La smussatura posteriore dei fori viene eseguita con un'unit\u00e0 a 2 assi non orientabile sul lato opposto.<\/p>\r\n\r\n\t\t<p>La macchina \u00e8 stata dotata di un software brevettato per poter produrre smussi uniformi su entrambi i lati nonostante le ampie tolleranze sul pezzo. Questo programma consente di realizzare smussi con una tolleranza di \u00b10,3 mm.<\/p>\r\n\r\n\t\t<p>Il magazzino di alimentazione accanto alla macchina pu\u00f2 contenere fino a 10 binari. Una rulliera di alimentazione trasporta nella macchina le rotaie dei pezzi grezzi con una lunghezza fino a 15 metri. La macchina \u00e8 dotata di un dispositivo di posizionamento delle rotaie controllato da CNC per un posizionamento preciso delle rotaie. Dopo la lavorazione, le rotaie finite vengono prelevate da un magazzino di scarico.<\/p>\r\n\r\n\t\t<a href=\"https:\/\/www.elha.de\/wp-content\/uploads\/spx-5134-zeichnung.png\" class=\"lightbox elha-image-lightbox mb-3\">\r\n\t\t\t<img decoding=\"async\" src=\"https:\/\/www.elha.de\/wp-content\/uploads\/spx-5134-zeichnung-460x338.png\" alt=\"SPX 5134 Disegno\">\r\n\t\t<\/a>\r\n\t<\/div>\r\n\r\n\t<div class=\"column col-6 col-md-12\">\r\n\t\t<table class=\"mb-4\">\r\n\t\t\t<thead>\r\n\t\t\t\t<tr>\r\n\t\t\t\t\t<th colspan=\"3\">Dati tecnici<\/th>\r\n\t\t\t\t<\/tr>\r\n\t\t\t<\/thead>\r\n\t\t\t<tbody>\r\n\t\t\t\t<tr>\r\n\t\t\t\t\t<td><strong>Distanze di viaggio<\/strong><\/td>\r\n\t\t\t\t\t<td>Assi Y<\/td>\r\n\t\t\t\t\t<td>100 mm<\/td>\r\n\t\t\t\t<\/tr>\r\n\t\t\t\t<tr>\r\n\t\t\t\t\t<td><\/td>\r\n\t\t\t\t\t<td>Assi Z<\/td>\r\n\t\t\t\t\t<td>320 mm<\/td>\r\n\t\t\t\t<\/tr>\r\n\t\t\t\t<tr>\r\n\t\t\t\t\t<td><\/td>\r\n\t\t\t\t\t<td>Trasporto ferroviario<\/td>\r\n\t\t\t\t\t<td>18.000 mm<\/td>\r\n\t\t\t\t<\/tr>\r\n\t\t\t\t<tr>\r\n\t\t\t\t\t<td><\/td>\r\n\t\t\t\t\t<td>Rivista di strumenti<\/td>\r\n\t\t\t\t\t<td>450 mm<\/td>\r\n\t\t\t\t<\/tr>\r\n\t\t\t\t<tr>\r\n\t\t\t\t\t<td><\/td>\r\n\t\t\t\t\t<td>Gamma girevole<\/td>\r\n\t\t\t\t\t<td>\u00b115\u00b0<\/td>\r\n\t\t\t\t<\/tr>\r\n\t\t\t\t<tr>\r\n\t\t\t\t\t<td><strong>Avanzamenti <\/strong><\/td>\r\n\t\t\t\t\t<td>Massima. Velocit\u00e0 massima<\/td>\r\n\t\t\t\t\t<td>30 m\/min<\/td>\r\n\t\t\t\t<\/tr>\r\n\t\t\t\t<tr>\r\n\t\t\t\t\t<td><\/td>\r\n\t\t\t\t\t<td>Trasporto ferroviario<\/td>\r\n\t\t\t\t\t<td>10 m\/min<\/td>\r\n\t\t\t\t<\/tr>\r\n\t\t\t\t<tr>\r\n\t\t\t\t\t<td><strong>Azionamento principale<\/strong><\/td>\r\n\t\t\t\t\t<td>Potenza massima Potenza S1 \/ S6<\/td>\r\n\t\t\t\t\t<td>20 \/ 25 kW<\/td>\r\n\t\t\t\t<\/tr>\r\n\t\t\t\t<tr>\r\n\t\t\t\t\t<td><\/td>\r\n\t\t\t\t\t<td>Max. Velocit\u00e0<\/td>\r\n\t\t\t\t\t<td>4.000 giri\/min.<\/td>\r\n\t\t\t\t<\/tr>\r\n\t\t\t\t<tr>\r\n\t\t\t\t\t<td><\/td>\r\n\t\t\t\t\t<td>Portautensili<\/td>\r\n\t\t\t\t\t<td>SK 50<\/td>\r\n\t\t\t\t<\/tr>\r\n\t\t\t\t<tr>\r\n\t\t\t\t\t<td><strong>Rivista di strumenti <\/strong><\/td>\r\n\t\t\t\t\t<td>Posti per utensili<\/td>\r\n\t\t\t\t\t<td>6<\/td>\r\n\t\t\t\t<\/tr>\r\n\t\t\t\t<tr>\r\n\t\t\t\t\t<td><\/td>\r\n\t\t\t\t\t<td>Max. Lunghezza utensile<\/td>\r\n\t\t\t\t\t<td>230 mm<\/td>\r\n\t\t\t\t<\/tr>\r\n\t\t\t\t<tr>\r\n\t\t\t\t\t<td><\/td>\r\n\t\t\t\t\t<td>Max. Diametro utensile<\/td>\r\n\t\t\t\t\t<td>60 mm<\/td>\r\n\t\t\t\t<\/tr>\r\n\t\t\t\t<tr>\r\n\t\t\t\t\t<td><strong>Rivista di ricambi<\/strong><\/td>\r\n\t\t\t\t\t<td>Lunghezza del pezzo<\/td>\r\n\t\t\t\t\t<td>1.000-15.000 mm<\/td>\r\n\t\t\t\t<\/tr>\r\n\t\t\t\t<tr>\r\n\t\t\t\t\t<td><strong> <\/strong><\/td>\r\n\t\t\t\t\t<td>Larghezza di sovrapposizione<\/td>\r\n\t\t\t\t\t<td>2.500 mm<\/td>\r\n\t\t\t\t<\/tr>\r\n\t\t\t\t<tr>\r\n\t\t\t\t\t<td><strong><\/strong><\/td>\r\n\t\t\t\t\t<td>Velocit\u00e0 di trasporto<\/td>\r\n\t\t\t\t\t<td>6 m\/min<\/td>\r\n\t\t\t\t<\/tr>\r\n\t\t\t\t<tr>\r\n\t\t\t\t\t<td><strong>Dimensioni <\/strong><\/td>\r\n\t\t\t\t\t<td>Requisiti per l'installazione<\/td>\r\n\t\t\t\t\t<td>37,2 x 6,7 x 3,0 m<\/td>\r\n\t\t\t\t<\/tr>\r\n\t\t\t\t<tr>\r\n\t\t\t\t\t<td><strong> <\/strong><\/td>\r\n\t\t\t\t\t<td>Peso totale<\/td>\r\n\t\t\t\t\t<td>37.500 kg<\/td>\r\n\t\t\t\t<\/tr>\r\n\t\t\t<\/tbody>\r\n\t\t<\/table>\r\n\r\n\t\t\r\n\t\t\r\n\t\t\t<a href=\"https:\/\/www.elha.de\/wp-content\/uploads\/spx-5134-en.pdf\" target=\"_blank\" class=\"btn\" rel=\"noopener\">Descrizione del sistema<\/a>\r\n\t\t\r\n\t<\/div>\r\n<\/div>\r\n\r\n\r\n\r\n<div class=\"columns\">\r\n\t<div class=\"column col-6\">\r\n\t\t<a href=\"https:\/\/www.elha.de\/wp-content\/uploads\/spx-5134-schienenbohranlage.jpg\" class=\"lightbox elha-image-lightbox\">\r\n\t\t\t<img decoding=\"async\" src=\"https:\/\/www.elha.de\/wp-content\/uploads\/spx-5134-schienenbohranlage-460x345.jpg\" alt=\"SPX 5134 01\">\r\n\t\t<\/a>\r\n\t<\/div>\r\n\r\n\t<div class=\"column col-6\">\r\n\t\t<a href=\"https:\/\/www.elha.de\/wp-content\/uploads\/spx-5134-arbeitseinheiten.jpg\" class=\"lightbox elha-image-lightbox\">\r\n\t\t\t<img decoding=\"async\" src=\"https:\/\/www.elha.de\/wp-content\/uploads\/spx-5134-arbeitseinheiten-460x345.jpg\" alt=\"SPX 5134 02\">\r\n\t\t<\/a>\r\n\t<\/div>\r\n<\/div>","protected":false},"excerpt":{"rendered":"<p>\t\tQuesta macchina \u00e8 adatta alla foratura e alla smussatura bilaterale di profili ferroviari di varie forme e dimensioni. La foratura viene eseguita con un'unit\u00e0 a 2 assi orientabile di \u00b115\u00b0.<\/p>","protected":false},"author":1,"featured_media":5103,"parent":1653,"menu_order":4,"comment_status":"closed","ping_status":"closed","template":"","meta":{"footnotes":""},"class_list":["post-5093","page","type-page","status-publish","has-post-thumbnail","hentry"],"blocksy_meta":{"styles_descriptor":{"styles":{"desktop":"","tablet":"","mobile":""},"google_fonts":[],"version":6}},"_links":{"self":[{"href":"https:\/\/www.elha.de\/it\/wp-json\/wp\/v2\/pages\/5093","targetHints":{"allow":["GET"]}}],"collection":[{"href":"https:\/\/www.elha.de\/it\/wp-json\/wp\/v2\/pages"}],"about":[{"href":"https:\/\/www.elha.de\/it\/wp-json\/wp\/v2\/types\/page"}],"author":[{"embeddable":true,"href":"https:\/\/www.elha.de\/it\/wp-json\/wp\/v2\/users\/1"}],"replies":[{"embeddable":true,"href":"https:\/\/www.elha.de\/it\/wp-json\/wp\/v2\/comments?post=5093"}],"version-history":[{"count":0,"href":"https:\/\/www.elha.de\/it\/wp-json\/wp\/v2\/pages\/5093\/revisions"}],"up":[{"embeddable":true,"href":"https:\/\/www.elha.de\/it\/wp-json\/wp\/v2\/pages\/1653"}],"wp:featuredmedia":[{"embeddable":true,"href":"https:\/\/www.elha.de\/it\/wp-json\/wp\/v2\/media\/5103"}],"wp:attachment":[{"href":"https:\/\/www.elha.de\/it\/wp-json\/wp\/v2\/media?parent=5093"}],"curies":[{"name":"wp","href":"https:\/\/api.w.org\/{rel}","templated":true}]}}