{"id":6321,"date":"2016-11-30T08:53:53","date_gmt":"2016-11-30T07:53:53","guid":{"rendered":"https:\/\/www.elha.de\/?page_id=6321"},"modified":"2025-05-22T16:36:29","modified_gmt":"2025-05-22T14:36:29","slug":"esempi-di-sistemi-di-automazione","status":"publish","type":"page","link":"https:\/\/www.elha.de\/it\/maschinen\/fertigungsmodule\/automatisierung-systembeispiele\/","title":{"rendered":"Esempi di automazione e di sistema"},"content":{"rendered":"<p>L'automazione costante e i tempi di cambio formato ridotti consentono una produzione competitiva anche nei Paesi con salari elevati. Per questo motivo, le macchine ELHA FM sono state sviluppate per essere utilizzate in linee parzialmente o completamente automatizzate, indipendenti o interconnesse, e possono quindi essere integrate in modo efficiente nei corrispondenti ambienti di produzione.<\/p>\r\n\r\n<h2>Sistematica<\/h2>\r\n<p>Il robot a 2 assi carica i pallet di pezzi direttamente nell'area di lavoro. I pezzi vengono poi prelevati dal dispositivo di bloccaggio con il metodo pick-up. Questo processo consente una certa flessibilit\u00e0 nell'allineamento del trasportatore di accumulo dei pallet. Un robot standard a 5 assi con diverse varianti di pinze offre la massima flessibilit\u00e0 di automazione. Il robot \u00e8 posizionato davanti all'area di lavoro e carica i pezzi direttamente nel dispositivo di serraggio. Inoltre, durante la lavorazione \u00e8 possibile eseguire operazioni secondarie come la sbavatura o l'etichettatura. Una navetta lineare \u00e8 una soluzione tecnicamente semplice per fornire i pezzi nell'area di lavoro. Ci\u00f2 significa che i pezzi possono essere trasportati con un solo asse meccanico da un trasportatore di accumulo pallet o dopo un caricamento manuale.<\/p>\r\n\r\n<h2>Un modulo con molte possibilit\u00e0<\/h2>\r\n<p>Le soluzioni complete automatizzate eseguono molte operazioni diverse e spesso sostituiscono una serie di macchine standard. I sistemi completi sono costituiti da diverse macchine o componenti di sistema interconnessi. Vengono integrate macchine CNC specializzate e unit\u00e0 esterne, ad esempio per la brocciatura, la tempra, l'assemblaggio e la lavorazione dura. Vengono eseguite anche attivit\u00e0 periferiche come la movimentazione, la sbavatura, la pulizia e il lavaggio.<\/p>\r\n\r\n\r\n\r\n<div class=\"columns\">\r\n\t<div class=\"column col-6\">\r\n\t\t<a href=\"https:\/\/www.elha.de\/wp-content\/uploads\/einzelmodul-manuelle-beschickung.jpg\" class=\"lightbox elha-image-lightbox\">\r\n\t\t\t<img decoding=\"async\" src=\"https:\/\/www.elha.de\/wp-content\/uploads\/einzelmodul-manuelle-beschickung-460x307.jpg\" alt=\"Modulo singolo per il caricamento manuale\" >\r\n\t\t<\/a>\r\n\t\t<p>Modulo singolo per il caricamento manuale<\/p>\r\n\t<\/div>\r\n\r\n\t<div class=\"column col-6\">\r\n\t\t<a href=\"https:\/\/www.elha.de\/wp-content\/uploads\/einzelmodul-staufoerderband.jpg\" class=\"lightbox elha-image-lightbox\">\r\n\t\t\t<img decoding=\"async\" src=\"https:\/\/www.elha.de\/wp-content\/uploads\/einzelmodul-staufoerderband-460x307.jpg\" alt=\"Modulo singolo con nastro trasportatore ad accumulo\" >\r\n\t\t<\/a>\r\n\t\t<p>Modulo singolo con nastro trasportatore ad accumulo<\/p>\r\n\t<\/div>\r\n\r\n\t<div class=\"column col-6\">\r\n\t\t<a href=\"https:\/\/www.elha.de\/wp-content\/uploads\/doppelmodul-gemeinsame-verkettung.jpg\" class=\"lightbox elha-image-lightbox\">\r\n\t\t\t<img decoding=\"async\" src=\"https:\/\/www.elha.de\/wp-content\/uploads\/doppelmodul-gemeinsame-verkettung-460x307.jpg\" alt=\"Modulo doppio con interconnessione comune\" >\r\n\t\t<\/a>\r\n\t\t<p>Modulo doppio con interconnessione comune<\/p>\r\n\t<\/div>\r\n\r\n\t<div class=\"column col-6\">\r\n\t\t<a href=\"https:\/\/www.elha.de\/wp-content\/uploads\/automatisierte-fertigungslinie.jpg\" class=\"lightbox elha-image-lightbox\">\r\n\t\t\t<img decoding=\"async\" src=\"https:\/\/www.elha.de\/wp-content\/uploads\/automatisierte-fertigungslinie-460x307.jpg\" alt=\"Linea di produzione automatizzata\" >\r\n\t\t<\/a>\r\n\t\t<p>Linea di produzione automatizzata<\/p>\r\n\t<\/div>\r\n<\/div>\r\n\r\n\r\n\r\n<h2>Ulteriori esempi di sistema<\/h2>\r\n\r\n<div class=\"columns\">\r\n\t<div class=\"column col-6\">\r\n\t\t<img decoding=\"async\" src=\"https:\/\/www.elha.de\/wp-content\/uploads\/fm3x-einzelmodul-460x238.jpg\" alt=\"FM 3+X come modulo singolo\" >\r\n\t\t<p>FM 3+X come modulo singolo<\/p>\r\n\t<\/div>\r\n\r\n\t<div class=\"column col-6\">\r\n\t\t<img decoding=\"async\" src=\"https:\/\/www.elha.de\/wp-content\/uploads\/fm3x-doppelmodul-460x238.jpg\" alt=\"FM 3+X come modulo doppio \" >\r\n\t\t<p>FM 3+X come modulo doppio<\/p>\r\n\t<\/div>\r\n\r\n\t<div class=\"column col-12\">\r\n\t\t<img decoding=\"async\" src=\"https:\/\/www.elha.de\/wp-content\/uploads\/fm4x-paarweise-doppelmodul.jpg\" alt=\"FM 4+X in coppia come modulo doppio\" >\r\n\t\t<p>FM 4+X in coppia come modulo doppio<\/p>\r\n\t<\/div>\r\n\r\n\t<div class=\"column col-12\">\r\n\t\t<img decoding=\"async\" src=\"https:\/\/www.elha.de\/wp-content\/uploads\/fm3x-gesamtverkettung.jpg\" alt=\"FM 3+X con interconnessione totale\" >\r\n\t\t<p>FM 3+X con interconnessione totale<\/p>\r\n\t<\/div>\r\n<\/div>\r\n\r\n\r\n\r\n<div class=\"clearfix mt-5\">\r\n\t<a href=\"https:\/\/www.elha.de\/it\/macchine\/moduli-di-produzione\/specifiche-dei-tipi-di-macchine-di-base\/\" class=\"btn float-left\">&lt; pagina precedente<\/a>\r\n\t<a href=\"https:\/\/www.elha.de\/it\/macchine\/moduli-di-produzione\/tecnologia-di-processo\/\" class=\"btn float-right\">pagina successiva &gt;<\/a>\r\n<\/div>","protected":false},"excerpt":{"rendered":"<p>L'automazione costante e i tempi di cambio formato ridotti consentono una produzione competitiva anche nei paesi con salari elevati. Di conseguenza, le macchine ELHA FM sono ideali per l'impiego in linee di produzione parzialmente o completamente automatizzate.<\/p>","protected":false},"author":1,"featured_media":6357,"parent":105,"menu_order":5,"comment_status":"closed","ping_status":"closed","template":"","meta":{"footnotes":""},"class_list":["post-6321","page","type-page","status-publish","has-post-thumbnail","hentry"],"blocksy_meta":{"styles_descriptor":{"styles":{"desktop":"","tablet":"","mobile":""},"google_fonts":[],"version":6}},"_links":{"self":[{"href":"https:\/\/www.elha.de\/it\/wp-json\/wp\/v2\/pages\/6321","targetHints":{"allow":["GET"]}}],"collection":[{"href":"https:\/\/www.elha.de\/it\/wp-json\/wp\/v2\/pages"}],"about":[{"href":"https:\/\/www.elha.de\/it\/wp-json\/wp\/v2\/types\/page"}],"author":[{"embeddable":true,"href":"https:\/\/www.elha.de\/it\/wp-json\/wp\/v2\/users\/1"}],"replies":[{"embeddable":true,"href":"https:\/\/www.elha.de\/it\/wp-json\/wp\/v2\/comments?post=6321"}],"version-history":[{"count":0,"href":"https:\/\/www.elha.de\/it\/wp-json\/wp\/v2\/pages\/6321\/revisions"}],"up":[{"embeddable":true,"href":"https:\/\/www.elha.de\/it\/wp-json\/wp\/v2\/pages\/105"}],"wp:featuredmedia":[{"embeddable":true,"href":"https:\/\/www.elha.de\/it\/wp-json\/wp\/v2\/media\/6357"}],"wp:attachment":[{"href":"https:\/\/www.elha.de\/it\/wp-json\/wp\/v2\/media?parent=6321"}],"curies":[{"name":"wp","href":"https:\/\/api.w.org\/{rel}","templated":true}]}}