{"id":6616,"date":"2016-12-13T13:08:41","date_gmt":"2016-12-13T12:08:41","guid":{"rendered":"https:\/\/www.elha.de\/?page_id=6616"},"modified":"2025-04-07T12:15:06","modified_gmt":"2025-04-07T10:15:06","slug":"competenze","status":"publish","type":"page","link":"https:\/\/www.elha.de\/it\/kompetenzen\/","title":{"rendered":"Competenza"},"content":{"rendered":"<div class=\"columns\"><div class=\"column mb-3 col-4 col-md-6\"><a href=\"https:\/\/www.elha.de\/it\/kompetenzen\/branchen\/\" class=\"elha-image-link border\"><img loading=\"lazy\" decoding=\"async\" width=\"460\" height=\"307\" src=\"https:\/\/www.elha.de\/wp-content\/uploads\/branchen-automotive.jpg\" class=\"attachment-cropimage size-cropimage wp-post-image\" alt=\"Vista dell&#039;interno di un motore d&#039;auto con componenti abbinati con precisione - soluzioni di produzione ELHA per i settori chiave.\" \/><\/a><div class=\"text-bold mt-1 mb-1\" style=\"font-size:20px;\"><a href=\"https:\/\/www.elha.de\/it\/kompetenzen\/branchen\/\">Industrie<\/a><\/div><div>\n\r\n\tGrazie all'esperienza pluridecennale nella costruzione di macchine speciali e allo sforzo di aprire costantemente nuovi campi di attivit\u00e0 con idee innovative per la lavorazione produttiva, ELHA ha sviluppato una<\/div><\/div><div class=\"column mb-3 col-4 col-md-6\"><a href=\"https:\/\/www.elha.de\/it\/kompetenzen\/prozessentwicklung\/\" class=\"elha-image-link border\"><img loading=\"lazy\" decoding=\"async\" width=\"460\" height=\"307\" src=\"https:\/\/www.elha.de\/wp-content\/uploads\/mehrspindlige-bearbeitung.jpg\" class=\"attachment-cropimage size-cropimage wp-post-image\" alt=\"\" srcset=\"https:\/\/www.elha.de\/wp-content\/uploads\/mehrspindlige-bearbeitung.jpg 1280w, https:\/\/www.elha.de\/wp-content\/uploads\/mehrspindlige-bearbeitung-460x307.jpg 460w, https:\/\/www.elha.de\/wp-content\/uploads\/mehrspindlige-bearbeitung-940x626.jpg 940w\" sizes=\"auto, (max-width: 460px) 100vw, 460px\" \/><\/a><div class=\"text-bold mt-1 mb-1\" style=\"font-size:20px;\"><a href=\"https:\/\/www.elha.de\/it\/kompetenzen\/prozessentwicklung\/\">Sviluppo del processo<\/a><\/div><div>\n\r\n\tNel corso degli anni, ELHA si \u00e8 evoluta da puro produttore di macchine per il taglio dei metalli e macchine speciali a fornitore di soluzioni complete per i processi di produzione, compresi tutti i servizi necessari.\r\n\tdi processi produttivi completi, compresi tutti i servizi necessari.<\/div><\/div><div class=\"column mb-3 col-4 col-md-6\"><a href=\"https:\/\/www.elha.de\/it\/kompetenzen\/innovationen\/\" class=\"elha-image-link border\"><img loading=\"lazy\" decoding=\"async\" width=\"455\" height=\"307\" src=\"https:\/\/www.elha.de\/wp-content\/uploads\/hydrostatische-pinole.jpg\" class=\"attachment-cropimage size-cropimage wp-post-image\" alt=\"\" srcset=\"https:\/\/www.elha.de\/wp-content\/uploads\/hydrostatische-pinole.jpg 1280w, https:\/\/www.elha.de\/wp-content\/uploads\/hydrostatische-pinole-940x634.jpg 940w\" sizes=\"auto, (max-width: 455px) 100vw, 455px\" \/><\/a><div class=\"text-bold mt-1 mb-1\" style=\"font-size:20px;\"><a href=\"https:\/\/www.elha.de\/it\/kompetenzen\/innovationen\/\">Innovazioni<\/a><\/div><div>\n\r\n\tSempre pi\u00f9 produttivi, sempre pi\u00f9 efficienti... e migliori della concorrenza! E comunque di qualit\u00e0... Queste sono le richieste che i nostri clienti ci fanno.\r\n\tNoi cerchiamo di vincere queste sfide,<\/div><\/div><div class=\"column mb-3 col-4 col-md-6\"><a href=\"https:\/\/www.elha.de\/it\/kompetenzen\/idps-industrie-4-0\/\" class=\"elha-image-link border\"><img loading=\"lazy\" decoding=\"async\" width=\"460\" height=\"171\" src=\"https:\/\/www.elha.de\/wp-content\/uploads\/idps-banner.jpg\" class=\"attachment-cropimage size-cropimage wp-post-image\" alt=\"\" \/><\/a><div class=\"text-bold mt-1 mb-1\" style=\"font-size:20px;\"><a href=\"https:\/\/www.elha.de\/it\/kompetenzen\/idps-industrie-4-0\/\">iDPS (Industria 4.0)<\/a><\/div><div>\n\r\n\tiDPS \u00e8 la soluzione di sistema di ELHA per una maggiore produttivit\u00e0, efficienza e trasparenza.\r\n\r\n\r\n\r\n\tLe applicazioni sono accessibili tramite i dispositivi finali della rete aziendale o, con l'approvazione del cliente, in tutto il mondo tramite il sito web\r\n\tELHA<\/div><\/div><div class=\"column mb-3 col-4 col-md-6\"><a href=\"https:\/\/www.elha.de\/it\/kompetenzen\/referenzen\/\" class=\"elha-image-link border\"><img loading=\"lazy\" decoding=\"async\" width=\"460\" height=\"307\" src=\"https:\/\/www.elha.de\/wp-content\/uploads\/referenzen-uebersicht.jpg\" class=\"attachment-cropimage size-cropimage wp-post-image\" alt=\"\" srcset=\"https:\/\/www.elha.de\/wp-content\/uploads\/referenzen-uebersicht.jpg 920w, https:\/\/www.elha.de\/wp-content\/uploads\/referenzen-uebersicht-460x307.jpg 460w\" sizes=\"auto, (max-width: 460px) 100vw, 460px\" \/><\/a><div class=\"text-bold mt-1 mb-1\" style=\"font-size:20px;\"><a href=\"https:\/\/www.elha.de\/it\/kompetenzen\/referenzen\/\">Riferimenti<\/a><\/div><div>\n<\/div><\/div><\/div>","protected":false},"excerpt":{"rendered":"","protected":false},"author":1,"featured_media":0,"parent":0,"menu_order":4,"comment_status":"closed","ping_status":"closed","template":"","meta":{"footnotes":""},"class_list":["post-6616","page","type-page","status-publish","hentry"],"blocksy_meta":{"styles_descriptor":{"styles":{"desktop":"","tablet":"","mobile":""},"google_fonts":[],"version":6}},"_links":{"self":[{"href":"https:\/\/www.elha.de\/it\/wp-json\/wp\/v2\/pages\/6616","targetHints":{"allow":["GET"]}}],"collection":[{"href":"https:\/\/www.elha.de\/it\/wp-json\/wp\/v2\/pages"}],"about":[{"href":"https:\/\/www.elha.de\/it\/wp-json\/wp\/v2\/types\/page"}],"author":[{"embeddable":true,"href":"https:\/\/www.elha.de\/it\/wp-json\/wp\/v2\/users\/1"}],"replies":[{"embeddable":true,"href":"https:\/\/www.elha.de\/it\/wp-json\/wp\/v2\/comments?post=6616"}],"version-history":[{"count":0,"href":"https:\/\/www.elha.de\/it\/wp-json\/wp\/v2\/pages\/6616\/revisions"}],"wp:attachment":[{"href":"https:\/\/www.elha.de\/it\/wp-json\/wp\/v2\/media?parent=6616"}],"curies":[{"name":"wp","href":"https:\/\/api.w.org\/{rel}","templated":true}]}}