{"id":6703,"date":"2017-01-25T11:05:48","date_gmt":"2017-01-25T10:05:48","guid":{"rendered":"https:\/\/www.elha.de\/?page_id=6703"},"modified":"2025-03-07T14:44:26","modified_gmt":"2025-03-07T13:44:26","slug":"innovazioni","status":"publish","type":"page","link":"https:\/\/www.elha.de\/it\/kompetenzen\/innovationen\/","title":{"rendered":"Innovazioni"},"content":{"rendered":"<p class=\"mb-5\">\r\n\tSempre pi\u00f9 produttivi, sempre pi\u00f9 efficienti... e migliori della concorrenza! E comunque di qualit\u00e0... Queste sono le richieste che i nostri clienti ci fanno.\r\n\tNel tentativo di vincere queste sfide, abbiamo sviluppato e implementato molte innovazioni nella tecnologia delle macchine nel corso dei nostri molti anni di lavoro nel campo delle soluzioni di processo di lavorazione.\r\n\tdi soluzioni per i processi di lavorazione, abbiamo sviluppato anche molte innovazioni nella tecnologia delle macchine, che spesso rappresentano il vantaggio decisivo per i nostri\r\n\tclienti e quindi il fattore decisivo a favore di una soluzione ELHA. Scoprite qui alcune di queste innovazioni e tecnologie chiave e convincetevi della forza innovativa che\r\n\tconvincetevi della forza innovativa che caratterizza l'ELHA.\r\n<\/p>\r\n\r\n\r\n\r\n<div class=\"columns mb-5\">\r\n\t<div class=\"column col-6 col-md-12\">\r\n\t\t<img decoding=\"async\" src=\"https:\/\/www.elha.de\/wp-content\/uploads\/mehrspindelbearbeitung-460x307.jpg\" alt=\"Lavorazione multimandrino\">\r\n\t<\/div>\r\n\r\n\t<div class=\"column col-6 col-md-12\">\r\n\t\t<h2>Tecnologia multimandrino<\/h2>\r\n\t\t<p>\r\n\t\t\tL'attributo \"altamente produttivo\" \u00e8 stato indissolubilmente legato al nome ELHA per decenni! Allora come oggi, l'impiego di lavorazioni multimandrino di foratura,\r\n\t\t\te di fresatura in innumerevoli versioni \u00e8 una chiave importante per questo! Sia che si tratti dell'inserimento \"one shot\" di schemi di foratura complessi o di\r\n\t\t\tcentinaia di fori in serie o per la lavorazione multimandrino simultanea di pi\u00f9 componenti. In un'ampia variet\u00e0 di macchine e\r\n\t\t\tAbbiamo implementato in modo affidabile questa tecnologia in un'ampia gamma di concetti di macchine e sistemi, come macchine transfer lineari, transfer o rotative. Le ultime innovazioni in questo campo includono la\r\n\t\t\tl'opzione di regolazione fine del mandrino nelle teste multimandrino, che consente di regolare manualmente, con precisione al \u00b5m, la posizione e l'angolo dell'asse del mandrino.\r\n\t\t<\/p>\r\n\t\t\r\n\t\t\r\n\t\t\t<a href=\"https:\/\/www.elha.de\/wp-content\/uploads\/flyer-multi-spindle-technology-en.pdf\" class=\"btn\" target=\"_blank\" rel=\"noopener noreferrer\">Regolazione fine del mandrino del Flyer<\/a>\r\n\t\t\r\n\t<\/div>\r\n<\/div>\r\n\r\n\r\n\r\n\r\n\r\n<div class=\"columns mb-5\">\r\n\t<div class=\"column col-6 col-md-12\">\r\n\t\t<img decoding=\"async\" src=\"https:\/\/www.elha.de\/wp-content\/uploads\/fm-smart-video-460x307.jpg\" alt=\"Torretta del mandrino\">\r\n\t<\/div>\r\n\r\n\t<div class=\"column col-6 col-md-12\">\r\n\t\t<h2>ELHA SRR - La torretta serie mandrino<\/h2>\r\n\t\t<p>\r\n\t\t\tProduttivit\u00e0 e flessibilit\u00e0 non si escludono pi\u00f9 a vicenda. Per realizzare questo obiettivo nell'ambito della tecnologia dei centri di trasferimento ad alta produttivit\u00e0\r\n\t\t\tnei moduli di produzione ELHA, abbiamo sviluppato la torretta a file di mandrini. Questa non solo consente una potente lavorazione a 2-4 mandrini con utensili azionati direttamente\r\n\t\t\tcon utensili azionati direttamente, ma offre anche la capacit\u00e0 necessaria di utensili e la possibilit\u00e0 di sostituirli comodamente, proprio come il centro di lavoro.\r\n\t\t\ted elimina i tempi improduttivi causati dal cambio degli utensili nelle operazioni pratiche grazie a un'indicizzazione rapidissima.\r\n\t\t<\/p>\r\n\t\t<a href=\"https:\/\/www.elha.de\/it\/macchine\/centri-di-trasferimento\/magazzino-torretta-fila-mandrino\/\" class=\"btn\">\r\n\t\t\tInformazioni sulla torretta del mandrino\r\n\t\t<\/a>\r\n\t<\/div>\r\n<\/div>\r\n\r\n\r\n\r\n\r\n\r\n<div class=\"columns mb-5\">\r\n\t<div class=\"column col-6 col-md-12\">\r\n\t\t<img decoding=\"async\" src=\"https:\/\/www.elha.de\/wp-content\/uploads\/hydrostatische-pinole-460x307.jpg\" alt=\"Cannotto idrostatico\">\r\n\t<\/div>\r\n\r\n\t<div class=\"column col-6 col-md-12\">\r\n\t\t<h2>La tecnologia h<\/h2>\r\n\t\t<p>\r\n\t\t\tNel tentativo di aumentare in modo significativo la stabilit\u00e0 di lavorazione e lo smorzamento delle vibrazioni nel modulo di produzione ELHA, il nostro percorso ci ha portato allo sviluppo e all'utilizzo della tecnologia brevettata h.\r\n\t\t\ttecnologia h brevettata. Dietro c'\u00e8 un grande cannotto a guida idrostatica, che esegue sia il movimento lineare che quello rotatorio del portapezzo.\r\n\t\t\tmovimento rotatorio del portapezzo. In combinazione con un doppio azionamento altamente dinamico in senso longitudinale e un azionamento di coppia in senso rotatorio, questa tecnologia massimizza la\r\n\t\t\trotativo, questa tecnologia massimizza la produttivit\u00e0 e la precisione di lavorazione. La tecnologia h\r\n\t\t\t\u00e8 stata utilizzata anche come mandrino in altre macchine speciali in cui erano richieste la massima stabilit\u00e0 e precisione,\r\n\t\t\tper la lavorazione ad alte prestazioni di componenti in titanio, ad esempio.\r\n\t\t<\/p>\r\n\t<\/div>\r\n<\/div>\r\n\r\n\r\n\r\n\r\n\r\n<div class=\"columns mb-5\">\r\n\t<div class=\"column col-6 col-md-12\">\r\n\t\t<img decoding=\"async\" src=\"https:\/\/www.elha.de\/wp-content\/uploads\/segment-direct-drive-460x307.jpg\" alt=\"Segmento ad azionamento diretto\">\r\n\t<\/div>\r\n\r\n\t<div class=\"column col-6 col-md-12\">\r\n\t\t<h2>ELHA SDD - Segmento ad azionamento diretto<\/h2>\r\n\t\t<p>\r\n\t\t\tLa tecnologia dei motori lineari senza contatto si \u00e8 affermata da tempo nelle lavorazioni di precisione altamente dinamiche dei centri di lavoro.\r\n\t\t\tELHA ha fatto un ulteriore passo avanti in questa tecnologia e l'ha implementata sotto forma di un azionamento per tavola rotante brevettato. Il risultato \u00e8 il migliore al mondo\r\n\t\t\ttavole rotanti e di indicizzazione nella gamma di diametri da 2 a 8 m in termini di precisione di posizionamento (\u00b11\") e dinamica. Questo rende la ELHA SDD la prima scelta\r\n\t\t\tper la lavorazione di interpolazione ad alta precisione e dinamica e per la lavorazione di indicizzazione altamente produttiva di modelli di fori, per esempio\r\n\t\t\tnei cuscinetti rotanti e nelle flange. \r\n\t\t<\/p>\r\n\t\t<a href=\"https:\/\/www.elha.de\/it\/macchine\/centri-di-fresatura-verticale-per-la-tornitura\/elha-sdd-segmento-azionamento-diretto\/\" class=\"btn\">\r\n\t\t\tInfo Segmento azionamento diretto\r\n\t\t<\/a>\r\n\t<\/div>\r\n<\/div>\r\n\r\n\r\n\r\n\r\n\r\n<div class=\"columns mb-5\">\r\n\t<div class=\"column col-6 col-md-12\">\r\n\t\t<div class=\"elha-youtube-lightbox\"><a href=\"https:\/\/www.youtube-nocookie.com\/embed\/WUN0jyd4mDE\" class=\"lightbox\" rel=\"nofollow noopener\" target=\"_blank\"><img decoding=\"async\" src=\"https:\/\/www.elha.de\/wp-content\/uploads\/virtuelle-maschine-video-460x307.jpg\" alt=\"\"><\/a><span>Accettare la trasmissione dei dati a YouTube e riprodurre il video. <a href=\"https:\/\/www.elha.de\/it\/dichiarazione-sulla-protezione-dei-dati\/\">Informativa sulla privacy<\/a><\/span><\/div>\r\n\t<\/div>\r\n\r\n\t<div class=\"column col-6 col-md-12\">\r\n\t\t<h2>Macchina virtuale<\/h2>\r\n\t\t<p>\r\n\t\t\tCon la macchina virtuale, ELHA offre uno strumento di simulazione estremamente produttivo che collega le propriet\u00e0 reali della macchina con i dati di processo dell'ambiente CAD\/CAM del cliente.\r\n\t\t\tCi\u00f2 apre la possibilit\u00e0 di studi di lavorazione molto precisi e di simulazioni di processo, compresi i controlli di collisione in 3D.\r\n\t\t\tQuesto riduce al minimo il tempo necessario per i test di fattibilit\u00e0\/economici e i processi di messa a punto.\r\n\t\t<\/p>\r\n\t\t\r\n\t<\/div>\r\n<\/div>\n\n\n\n<h2 class=\"wp-block-heading\">BSFZ<\/h2>\n\n\n\n<p>Dal giugno 2023, siamo autorizzati a portare il sigillo ufficiale del Ministero federale dopo che il nostro concetto di sviluppo SRM ha ricevuto una decisione positiva dal Centro di certificazione per le sovvenzioni alla ricerca (BSFZ).<\/p>\n\n\n\n<p>L'assegnazione dell'esclusivo sigillo BSFZ conferma che l'azienda \u00e8 idonea a ricevere finanziamenti e che \u00e8 attivamente coinvolta nella ricerca e nello sviluppo. \u00c8 un riconoscimento per la nostra competenza innovativa e dimostra che siamo costantemente alla ricerca di soluzioni avanzate per soddisfare le esigenze dei nostri clienti e guidare il settore.<\/p>\n\n\n\n<p>Siamo orgogliosi di fregiarci di questo prestigioso sigillo e continueremo a impegnarci nelle nostre attivit\u00e0 di ricerca e sviluppo per offrire soluzioni innovative che soddisfino i nostri clienti.<\/p>\n\n\n\n<p>Scoprite di pi\u00f9 sui nostri sviluppi e contattateci oggi stesso per sapere come possiamo aiutarvi a raggiungere i vostri obiettivi di produzione e tecnologia.<\/p>\n\n\n\n<figure class=\"wp-block-image aligncenter size-medium is-resized\"><a href=\"https:\/\/www.bescheinigung-forschungszulage.de\/bsfz-siegel\" target=\"_blank\" rel=\" noreferrer noopener nofollow\"><img loading=\"lazy\" decoding=\"async\" width=\"460\" height=\"460\" src=\"https:\/\/www.elha.de\/wp-content\/uploads\/BSFZ_Siegel_RGB_2x-460x460.png\" alt=\"\" class=\"wp-image-11622\" style=\"width:300px\" srcset=\"https:\/\/www.elha.de\/wp-content\/uploads\/BSFZ_Siegel_RGB_2x-460x460.png 460w, https:\/\/www.elha.de\/wp-content\/uploads\/BSFZ_Siegel_RGB_2x-940x940.png 940w, https:\/\/www.elha.de\/wp-content\/uploads\/BSFZ_Siegel_RGB_2x-150x150.png 150w, https:\/\/www.elha.de\/wp-content\/uploads\/BSFZ_Siegel_RGB_2x-1536x1536.png 1536w, https:\/\/www.elha.de\/wp-content\/uploads\/BSFZ_Siegel_RGB_2x.png 2000w\" sizes=\"auto, (max-width: 460px) 100vw, 460px\" \/><\/a><\/figure>","protected":false},"excerpt":{"rendered":"<p>\tImmer produktiver, immer effizienter\u2026 und besser als der Wettbewerb! Und Qualit\u00e4t sowieso\u2026 Das sind die Anforderungen unserer Kunden an uns.<br \/>\n\tIm Bestreben diese Herausforderungen zu meistern,<\/p>","protected":false},"author":1,"featured_media":7518,"parent":6616,"menu_order":4,"comment_status":"closed","ping_status":"closed","template":"","meta":{"footnotes":""},"class_list":["post-6703","page","type-page","status-publish","has-post-thumbnail","hentry"],"blocksy_meta":{"styles_descriptor":{"styles":{"desktop":"","tablet":"","mobile":""},"google_fonts":[],"version":6},"page_title_panel":"","has_hero_section":"default","003515be99ccb5dfbaf01d41e7042e5f":"","hero_section":"type-1","hero_elements":[{"id":"custom_title","enabled":true,"heading_tag":"h1","title":"Pagina iniziale"},{"id":"custom_description","enabled":true,"description_visibility":{"desktop":true,"tablet":true,"mobile":false}},{"id":"custom_meta","enabled":false,"meta_elements":[{"id":"author","enabled":true,"label":"Von","has_author_avatar":"yes","avatar_size":25},{"id":"post_date","enabled":true,"label":"Am","date_format_source":"default","date_format":"M j, Y"},{"id":"comments","enabled":true}],"page_meta_elements":{"joined":true,"articles_count":true,"comments":true}},{"id":"breadcrumbs","enabled":false}],"d6fbc26d74331a24b9aab3855ebc039e":"","hero_alignment1":"CT_CSS_SKIP_RULE","hero_margin":40,"hero_alignment2":"center","hero_vertical_alignment":"center","cf1979b628a0cc1d55a6e176effee7e2":"","hero_structure":"narrow","05d47558587afba5a8fe68fd738b9fc0":"","page_title_bg_type":"featured_image","custom_hero_background":{"attachment_id":null},"parallax":{"desktop":false,"tablet":false,"mobile":false},"100ae0aacefef996ed879522389f4398":"","hero_height":"250px","pageTitleFont":{"family":"Default","variation":"Default","size":{"desktop":"32px","tablet":"30px","mobile":"25px"},"line-height":"CT_CSS_SKIP_RULE","letter-spacing":"CT_CSS_SKIP_RULE","text-transform":"CT_CSS_SKIP_RULE","text-decoration":"CT_CSS_SKIP_RULE"},"pageTitleFontColor":{"default":{"color":"CT_CSS_SKIP_RULEDEFAULT"}},"f8f91e580dfc7018003fcf865dc88616":"","pageMetaFont":{"family":"Default","variation":"n6","size":"12px","line-height":"1.3","letter-spacing":"CT_CSS_SKIP_RULE","text-transform":"uppercase","text-decoration":"CT_CSS_SKIP_RULE"},"pageMetaFontColor":{"default":{"color":"CT_CSS_SKIP_RULEDEFAULT"},"hover":{"color":"CT_CSS_SKIP_RULEDEFAULT"}},"page_meta_button_type_font_colors":{"default":{"color":"CT_CSS_SKIP_RULEDEFAULT"},"hover":{"color":"CT_CSS_SKIP_RULEDEFAULT"}},"page_meta_button_type_background_colors":{"default":{"color":"CT_CSS_SKIP_RULEDEFAULT"},"hover":{"color":"CT_CSS_SKIP_RULEDEFAULT"}},"c05ab2986c71494d1eaff4c3fc1bc62c":"","pageExcerptFont":{"family":"Default","variation":"Default","size":"CT_CSS_SKIP_RULE","line-height":"CT_CSS_SKIP_RULE","letter-spacing":"CT_CSS_SKIP_RULE","text-transform":"CT_CSS_SKIP_RULE","text-decoration":"CT_CSS_SKIP_RULE"},"pageExcerptColor":{"default":{"color":"CT_CSS_SKIP_RULEDEFAULT"}},"e06a915aa1bf5d4465a36b568373c318":"","breadcrumbsFont":{"family":"Default","variation":"n6","size":"12px","line-height":"CT_CSS_SKIP_RULE","letter-spacing":"CT_CSS_SKIP_RULE","text-transform":"uppercase","text-decoration":"CT_CSS_SKIP_RULE"},"breadcrumbsFontColor":{"default":{"color":"CT_CSS_SKIP_RULEDEFAULT"},"initial":{"color":"CT_CSS_SKIP_RULEDEFAULT"},"hover":{"color":"CT_CSS_SKIP_RULEDEFAULT"}},"12888b318aaa747fc38920c57a01292b":"","pageTitleOverlay":{"default":{"color":"CT_CSS_SKIP_RULE"}},"567b779463ded12a12630f4e3dda2aa1":"","pageTitleBackground":{"background_type":"color","background_pattern":"type-1","background_image":{"attachment_id":null,"x":0,"y":0},"gradient":"linear-gradient(135deg,rgba(6,147,227,1) 0%,rgb(155,81,224) 100%)","background_repeat":"no-repeat","background_size":"auto","background_attachment":"scroll","patternColor":{"default":{"color":"#e5e7ea"}},"overlayColor":{"default":{"color":"CT_CSS_SKIP_RULE"}},"backgroundColor":{"default":{"color":"var(--theme-palette-color-6)"}}},"8de8473437ecc4c33cc023ee8f459e06":"","pageTitlePadding":{"top":"50px","bottom":"50px","left":"auto","right":"auto","linked":true},"e9bd054138b2c50fa60c620dcc548d46":"","page_structure_type":"default","34d0bbcf15acaec91270a7aa4174ad3c":"","content_style_source":"inherit","content_style":"wide","vertical_spacing_source":"inherit","content_area_spacing":"both","background":{"background_type":"color","background_pattern":"type-1","background_image":{"attachment_id":null,"x":0,"y":0},"gradient":"linear-gradient(135deg,rgba(6,147,227,1) 0%,rgb(155,81,224) 100%)","background_repeat":"no-repeat","background_size":"auto","background_attachment":"scroll","patternColor":{"default":{"color":"#e5e7ea"}},"overlayColor":{"default":{"color":"CT_CSS_SKIP_RULE"}},"backgroundColor":{"default":{"color":"CT_CSS_SKIP_RULE"}}},"content_background":{"background_type":"color","background_pattern":"type-1","background_image":{"attachment_id":null,"x":0,"y":0},"gradient":"linear-gradient(135deg,rgba(6,147,227,1) 0%,rgb(155,81,224) 100%)","background_repeat":"no-repeat","background_size":"auto","background_attachment":"scroll","patternColor":{"default":{"color":"#e5e7ea"}},"overlayColor":{"default":{"color":"CT_CSS_SKIP_RULE"}},"backgroundColor":{"default":{"color":"var(--theme-palette-color-8)"}}},"content_boxed_shadow":{"inherit":false,"blur":18,"spread":-6,"v_offset":12,"h_offset":0,"inset":false,"enable":true,"color":{"color":"rgba(34, 56, 101, 0.04)"}},"boxed_content_spacing":{"desktop":{"top":"40px","bottom":"40px","left":"40px","right":"40px","linked":true},"tablet":{"top":"35px","bottom":"35px","left":"35px","right":"35px","linked":true},"mobile":{"top":"20px","bottom":"20px","left":"20px","right":"20px","linked":true}},"content_boxed_radius":{"top":"3px","bottom":"3px","left":"3px","right":"3px","linked":true},"c596bb92ac4c76364ba9ba7cdeb2ae79":"","disable_featured_image":"yes","disable_header":"no","disable_footer":"no"},"_links":{"self":[{"href":"https:\/\/www.elha.de\/it\/wp-json\/wp\/v2\/pages\/6703","targetHints":{"allow":["GET"]}}],"collection":[{"href":"https:\/\/www.elha.de\/it\/wp-json\/wp\/v2\/pages"}],"about":[{"href":"https:\/\/www.elha.de\/it\/wp-json\/wp\/v2\/types\/page"}],"author":[{"embeddable":true,"href":"https:\/\/www.elha.de\/it\/wp-json\/wp\/v2\/users\/1"}],"replies":[{"embeddable":true,"href":"https:\/\/www.elha.de\/it\/wp-json\/wp\/v2\/comments?post=6703"}],"version-history":[{"count":0,"href":"https:\/\/www.elha.de\/it\/wp-json\/wp\/v2\/pages\/6703\/revisions"}],"up":[{"embeddable":true,"href":"https:\/\/www.elha.de\/it\/wp-json\/wp\/v2\/pages\/6616"}],"wp:featuredmedia":[{"embeddable":true,"href":"https:\/\/www.elha.de\/it\/wp-json\/wp\/v2\/media\/7518"}],"wp:attachment":[{"href":"https:\/\/www.elha.de\/it\/wp-json\/wp\/v2\/media?parent=6703"}],"curies":[{"name":"wp","href":"https:\/\/api.w.org\/{rel}","templated":true}]}}