{"id":8250,"date":"2018-05-03T09:31:06","date_gmt":"2018-05-03T07:31:06","guid":{"rendered":"https:\/\/www.elha.de\/?page_id=8250"},"modified":"2026-01-22T10:44:20","modified_gmt":"2026-01-22T09:44:20","slug":"idps-industria-4-0","status":"publish","type":"page","link":"https:\/\/www.elha.de\/it\/kompetenzen\/idps-industrie-4-0\/","title":{"rendered":"iDPS (Industria 4.0)"},"content":{"rendered":"<p>\r\n\tiDPS \u00e8 la soluzione di sistema di ELHA per una maggiore produttivit\u00e0, efficienza e trasparenza.\r\n<\/p>\r\n\r\n<p>\r\n\tL'accesso alle applicazioni pu\u00f2 avvenire tramite i dispositivi finali della rete aziendale o, con il consenso del cliente, in tutto il mondo tramite il portale di assistenza delle macchine ELHA.\r\n\tELHA Machine Service Portal. Le interfacce per i dispositivi mobili possono essere offerte come opzione.\r\n<\/p>\r\n\r\n<p>\r\n\tLa base per le applicazioni \u00e8 un PC industriale integrato nella macchina con un database,\r\n\tdashboard e un'innovativa soluzione di accesso remoto. Sono possibili aggiunte personalizzate.\r\n<\/p>\r\n\r\n<div class=\"elha-youtube-lightbox\"><a href=\"https:\/\/www.youtube-nocookie.com\/embed\/ACUk09f5rFs\" class=\"lightbox\" rel=\"nofollow noopener\" target=\"_blank\"><img decoding=\"async\" src=\"https:\/\/www.elha.de\/wp-content\/uploads\/idps-video-vorschau.jpg\" alt=\"\"><\/a><span>Accettare la trasmissione dei dati a YouTube e riprodurre il video. <a href=\"https:\/\/www.elha.de\/it\/dichiarazione-sulla-protezione-dei-dati\/\">Informativa sulla privacy<\/a><\/span><\/div>\r\n\r\n\r\n\r\n<h2>I vostri vantaggi<\/h2>\r\n\r\n<ul>\r\n\t<li>Elevata trasparenza di processo\/macchina<\/li>\r\n\t<li>Ampie opzioni di analisi\/diagnosi<\/li>\r\n\t<li>Informazioni di base per la manutenzione predittiva<\/li>\r\n\t<li>Assistenza rapida<\/li>\r\n\t<li>Le applicazioni sono disponibili sulla macchina, nella rete aziendale e in tutto il mondo.<\/li>\r\n\t<li>Accesso remoto sicuro che pu\u00f2 essere controllato dal cliente<\/li>\r\n<\/ul>\r\n\r\n\r\n\r\n\r\n\r\n\r\n\t<p class=\"mt-5 mb-5\">\r\n\t\t<img decoding=\"async\" src=\"https:\/\/www.elha.de\/wp-content\/uploads\/idps-packages.gif\">\r\n\t<\/p>\r\n\t<p class=\"text-center\">\r\n\t\t<a href=\"https:\/\/www.elha.de\/wp-content\/uploads\/iDPS-EN-2026.pdf\" class=\"btn btn-primary btn-lg mr-4\" target=\"_blank\" rel=\"noopener noreferrer\">Scarica l'opuscolo<\/a>\r\n\t\t<a href=\"https:\/\/www.elha.de\/it\/contatto\/\" class=\"btn btn-primary btn-lg\">Contattateci<\/a>\r\n\t<\/p>","protected":false},"excerpt":{"rendered":"<p>\tiDPS \u00e8 la soluzione di sistema di ELHA per una maggiore produttivit\u00e0, efficienza e trasparenza.<\/p>\n<p>\tDie Applikationen sind \u00fcber Endger\u00e4te im Firmennetz oder mit Kundenzustimmung auch weltweit \u00fcber das<br \/>\n\tELHA<\/p>","protected":false},"author":1,"featured_media":8252,"parent":6616,"menu_order":5,"comment_status":"closed","ping_status":"closed","template":"","meta":{"footnotes":""},"class_list":["post-8250","page","type-page","status-publish","has-post-thumbnail","hentry"],"blocksy_meta":{"styles_descriptor":{"styles":{"desktop":"","tablet":"","mobile":""},"google_fonts":[],"version":6}},"_links":{"self":[{"href":"https:\/\/www.elha.de\/it\/wp-json\/wp\/v2\/pages\/8250","targetHints":{"allow":["GET"]}}],"collection":[{"href":"https:\/\/www.elha.de\/it\/wp-json\/wp\/v2\/pages"}],"about":[{"href":"https:\/\/www.elha.de\/it\/wp-json\/wp\/v2\/types\/page"}],"author":[{"embeddable":true,"href":"https:\/\/www.elha.de\/it\/wp-json\/wp\/v2\/users\/1"}],"replies":[{"embeddable":true,"href":"https:\/\/www.elha.de\/it\/wp-json\/wp\/v2\/comments?post=8250"}],"version-history":[{"count":0,"href":"https:\/\/www.elha.de\/it\/wp-json\/wp\/v2\/pages\/8250\/revisions"}],"up":[{"embeddable":true,"href":"https:\/\/www.elha.de\/it\/wp-json\/wp\/v2\/pages\/6616"}],"wp:featuredmedia":[{"embeddable":true,"href":"https:\/\/www.elha.de\/it\/wp-json\/wp\/v2\/media\/8252"}],"wp:attachment":[{"href":"https:\/\/www.elha.de\/it\/wp-json\/wp\/v2\/media?parent=8250"}],"curies":[{"name":"wp","href":"https:\/\/api.w.org\/{rel}","templated":true}]}}