{"id":90,"date":"2025-12-17T10:17:38","date_gmt":"2025-12-17T09:17:38","guid":{"rendered":"https:\/\/www.elha.de\/?page_id=90"},"modified":"2026-01-16T10:08:29","modified_gmt":"2026-01-16T09:08:29","slug":"impronta","status":"publish","type":"page","link":"https:\/\/www.elha.de\/it\/impressum\/","title":{"rendered":"Impronta"},"content":{"rendered":"<p>\r\n    Responsabile del contenuto di questo sito web \u00e8\r\n<\/p>\r\n<p>\r\n    <b>ELHA-MASCHINENBAU Liemke GmbH &amp; Co. KG<\/b><br>\r\n\tAllee 16<br>\r\n\t33161 H\u00f6velhof<br>\r\n\tTelefono: 05257 \/ 508-0<br>\r\n\tFax: 05257 \/ 508-118<br>\r\n\tE-mail: <a href=\"mailto:info@elha.de\">info@elha.de<\/a><br>\r\n\tForma giuridica: GmbH &amp; Co. SOCIET\u00c0 IN ACCOMANDITA SEMPLICE<br>\r\n\tSede legale della societ\u00e0: H\u00f6velhof<br>\r\n\tTribunale del registro: Tribunale di Paderborn<br>\r\n\tNumero di registro: HRA 4107<br>\r\n\tNumero di identificazione dell'imposta sulle vendite: DE 126 228 395<br>\r\n\tPartner responsabile a titolo personale: ELHA-MASCHINENBAU Beteiligungs GmbH<br>\r\n\tNumero di registro: HRB 18260<br>\r\n<\/p>\r\n<p>\r\nResponsabile del contenuto ai sensi del \u00a7 18 Abs. 2 MStV:<br>\r\n<\/p>\r\n<p>\r\n    <b>ELHA-MASCHINENBAU Liemke GmbH &amp; Co. KG<\/b><br>\r\n\tAllee 16<br>\r\n\t33161 H\u00f6velhof<br>\r\n<\/p>\r\n\r\n<h2>Responsabilit\u00e0 per i contenuti<\/h2>\r\n\r\n<p>\r\n    I contenuti delle nostre pagine sono stati creati con la massima cura. Tuttavia, non possiamo assumerci alcuna responsabilit\u00e0 per l'accuratezza, la completezza e l'attualit\u00e0 dei contenuti. In qualit\u00e0 di fornitore di servizi, siamo responsabili dei nostri contenuti su queste pagine in conformit\u00e0 con la legislazione generale. Il gestore di questo sito web non \u00e8 responsabile dei danni causati dall'uso delle informazioni o dei dati forniti.\r\n<\/p>\r\n\r\n\r\n\r\n<h2>Responsabilit\u00e0 per i link<\/h2>\r\n\r\n<p>\r\n    Il nostro sito web contiene link a siti esterni di terzi sui cui contenuti non abbiamo alcuna influenza. Pertanto, non ci assumiamo alcuna responsabilit\u00e0 per questi contenuti di terzi. Il rispettivo fornitore o gestore delle pagine \u00e8 sempre responsabile del contenuto delle pagine collegate. Le pagine collegate sono state controllate per verificare eventuali violazioni di legge al momento del collegamento. I contenuti illegali non erano riconoscibili al momento del collegamento. Tuttavia, un controllo permanente dei contenuti delle pagine collegate non \u00e8 ragionevole senza prove concrete di una violazione. Nel caso in cui venissimo a conoscenza di eventuali violazioni di legge, provvederemo a rimuovere immediatamente tali link.\r\n<\/p>\r\n\r\n\r\n\r\n<h2>Copyright<\/h2>\r\n\r\n<p>\r\n    I contenuti e le opere create dagli operatori del sito su queste pagine sono soggetti alla legge tedesca sul diritto d'autore. La riproduzione, la modifica, la distribuzione e qualsiasi tipo di utilizzo al di fuori dei limiti della legge sul copyright richiedono il consenso scritto del rispettivo autore o creatore. Download e copie di questo sito sono consentiti solo per uso privato e non commerciale. Nella misura in cui i contenuti di questo sito non sono stati creati dal gestore, si rispettano i diritti d'autore di terzi. Qualora venissimo a conoscenza di eventuali violazioni legali, provvederemo a rimuovere immediatamente tali contenuti.\r\n<\/p>","protected":false},"excerpt":{"rendered":"<p>    Responsabile del contenuto di questo sito web \u00e8<\/p>\n<p>    ELHA-MASCHINENBAU Liemke GmbH &amp; Co. KG<br \/>\n\tAllee 16<br \/>\n\t33161 H\u00f6velhof<br \/>\n\tTelefono: 05257 \/ 508-0<br \/>\n\tTelefax:<\/p>","protected":false},"author":1,"featured_media":0,"parent":0,"menu_order":11,"comment_status":"closed","ping_status":"closed","template":"","meta":{"footnotes":""},"class_list":["post-90","page","type-page","status-publish","hentry"],"blocksy_meta":{"styles_descriptor":{"styles":{"desktop":"","tablet":"","mobile":""},"google_fonts":[],"version":6}},"_links":{"self":[{"href":"https:\/\/www.elha.de\/it\/wp-json\/wp\/v2\/pages\/90","targetHints":{"allow":["GET"]}}],"collection":[{"href":"https:\/\/www.elha.de\/it\/wp-json\/wp\/v2\/pages"}],"about":[{"href":"https:\/\/www.elha.de\/it\/wp-json\/wp\/v2\/types\/page"}],"author":[{"embeddable":true,"href":"https:\/\/www.elha.de\/it\/wp-json\/wp\/v2\/users\/1"}],"replies":[{"embeddable":true,"href":"https:\/\/www.elha.de\/it\/wp-json\/wp\/v2\/comments?post=90"}],"version-history":[{"count":0,"href":"https:\/\/www.elha.de\/it\/wp-json\/wp\/v2\/pages\/90\/revisions"}],"wp:attachment":[{"href":"https:\/\/www.elha.de\/it\/wp-json\/wp\/v2\/media?parent=90"}],"curies":[{"name":"wp","href":"https:\/\/api.w.org\/{rel}","templated":true}]}}