{"id":12076,"date":"2024-06-04T14:06:05","date_gmt":"2024-06-04T12:06:05","guid":{"rendered":"https:\/\/www.elha.de\/?page_id=12076"},"modified":"2025-05-23T08:56:28","modified_gmt":"2025-05-23T06:56:28","slug":"%e9%ab%98%e9%80%9f%e5%88%87%e6%96%ad","status":"publish","type":"page","link":"https:\/\/www.elha.de\/ja\/maschinen\/parallelkinematik-module\/high-speed-cutting\/","title":{"rendered":"\u9ad8\u901f\u5207\u65ad (HSC)"},"content":{"rendered":"<h2 class=\"wp-block-heading\">\u5927\u578b\u8239\u30d7\u30ed\u30da\u30e9\u306e\u9ad8\u901f\u5207\u524a\uff1a\u30d1\u30e9\u30ec\u30eb\u30fb\u30ad\u30cd\u30de\u30c6\u30a3\u30af\u30b9\u30fb\u30e2\u30b8\u30e5\u30fc\u30eb\u306b\u3088\u308b\u8ab2\u984c\u306e\u514b\u670d<\/h2>\n\n\n\n<figure class=\"wp-block-image size-full\"><img loading=\"lazy\" decoding=\"async\" width=\"940\" height=\"529\" src=\"https:\/\/www.elha.de\/wp-content\/uploads\/SigmaTau-pkm-HSC-application-MMG-propeller.jpg\" alt=\"SigmaTau \/ PKM \u306f\u3001MMG \u306e\u30d7\u30ed\u30da\u30e9\u306e\u3088\u3046\u306a\u9ad8\u901f\u5207\u524a\u7528\u9014\u5411\u3051\u3067\u3059\u3002.\" class=\"wp-image-12215\" srcset=\"https:\/\/www.elha.de\/wp-content\/uploads\/SigmaTau-pkm-HSC-application-MMG-propeller.jpg 940w, https:\/\/www.elha.de\/wp-content\/uploads\/SigmaTau-pkm-HSC-application-MMG-propeller-460x259.jpg 460w\" sizes=\"auto, (max-width: 940px) 100vw, 940px\" \/><\/figure>\n\n\n\n<h2 class=\"wp-block-heading\">\u5927\u578b\u8239\u30d7\u30ed\u30da\u30e9\u306e\u9ad8\u901f\u30d5\u30e9\u30a4\u30b9\u52a0\u5de5\u306b\u304a\u3051\u308b\u73fe\u5728\u306e\u8ab2\u984c<\/h2>\n\n\n\n<p>\u5927\u578b\u8239\u306e\u30d7\u30ed\u30da\u30e9\u306e\u52a0\u5de5\u306b\u306f\u3001\u3044\u304f\u3064\u304b\u306e\u8ab2\u984c\u304c\u3042\u308a\u307e\u3059\u3002\u3053\u308c\u3089\u306e\u90e8\u54c1\u306f\u30b5\u30a4\u30ba\u304c\u5927\u304d\u3044\u305f\u3081\u3001\u9ad8\u901f\u3001\u9ad8\u4fe1\u983c\u6027\u3001\u9ad8\u7cbe\u5ea6\u306e\u52a0\u5de5\u3092\u53ef\u80fd\u306b\u3059\u308b\u9ad8\u5ea6\u306a\u6a5f\u68b0\u304c\u5fc5\u8981\u3067\u3059\u3002\u3053\u3053\u3067\u91cd\u8981\u306a\u70b9\u306f<\/p>\n\n\n\n<ul class=\"wp-block-list\">\n<li><strong>\u51e6\u7406\u6642\u9593\uff1a<\/strong> \u9ad8\u3044\u5207\u308a\u5c51\u51e6\u7406\u7387\u306f\u3001\u751f\u7523\u671f\u9650\u3092\u5b88\u308b\u305f\u3081\u306b\u975e\u5e38\u306b\u91cd\u8981\u3067\u3059\u3002.<\/li>\n\n\n\n<li><strong>\u8868\u9762\u54c1\u8cea\uff1a<\/strong> \u9ad8\u54c1\u8cea\u306e\u8868\u9762\u4ed5\u4e0a\u3052\u306f\u3001\u30d7\u30ed\u30da\u30e9\u306e\u6700\u9069\u306a\u6027\u80fd\u306b\u3068\u3063\u3066\u6975\u3081\u3066\u91cd\u8981\u3067\u3059\u3002\u6a5f\u68b0\u52a0\u5de5\u5de5\u7a0b\u3067\u512a\u308c\u305f\u8868\u9762\u54c1\u8cea\u3092\u9054\u6210\u3059\u308c\u3070\u3001\u7814\u78e8\u6642\u9593\u306e\u5ef6\u9577\u306a\u3069\u8ffd\u52a0\u306e\u4ed5\u4e0a\u3052\u5de5\u7a0b\u3092\u6700\u5c0f\u9650\u306b\u6291\u3048\u308b\u3053\u3068\u304c\u3067\u304d\u308b\u305f\u3081\u3001\u64cd\u696d\u30b3\u30b9\u30c8\u3092\u5927\u5e45\u306b\u524a\u6e1b\u3059\u308b\u3053\u3068\u304c\u3067\u304d\u307e\u3059\u3002.<\/li>\n<\/ul>\n\n\n\n<h2 class=\"wp-block-heading\">\u30d1\u30e9\u30ec\u30eb\u30ad\u30cd\u30de\u30c6\u30a3\u30af\u30b9\u30e2\u30b8\u30e5\u30fc\u30eb\uff08PKM\uff09\u304c\u5927\u578b\u92f3\u7269\u306e\u9ad8\u901f\u52a0\u5de5\u3092\u3044\u304b\u306b\u30de\u30b9\u30bf\u30fc\u3059\u308b\u304b<\/h2>\n\n\n\n<p>\u305d\u306e\u30e6\u30cb\u30fc\u30af\u306a\u7279\u6027\u306e\u304a\u304b\u3052\u3067\u3001PKM\u306f\u9ad8\u901f\u30d5\u30e9\u30a4\u30b9\u52a0\u5de5\u3067\u305d\u306e\u52b9\u7387\u6027\u3092\u8a3c\u660e\u3057\u3066\u304d\u305f\uff1a<\/p>\n\n\n\n<ul class=\"wp-block-list\">\n<li><strong>\u8fc5\u901f\u304b\u3064\u6b63\u78ba\u306a\u51e6\u7406\uff1a<\/strong> \u9ad8\u525b\u6027\u3068\u8efd\u91cf\u69cb\u9020\u306e\u7d44\u307f\u5408\u308f\u305b\u306b\u3088\u308a\u3001\u9ad8\u3044\u9001\u308a\u901f\u5ea6\u3067\u3082\u5b89\u5b9a\u3057\u305f\u6027\u80fd\u3092\u767a\u63ee\u3057\u3001\u52a0\u5de5\u6642\u9593\u306e\u77ed\u7e2e\u3068\u4fe1\u983c\u6027\u306e\u5411\u4e0a\u3092\u5b9f\u73fe\u3057\u307e\u3059\u3002.<\/li>\n\n\n\n<li><strong>\u5e83\u3044\u30ef\u30fc\u30af\u30b9\u30da\u30fc\u30b9\uff1a<\/strong> PKM\u306f\u5927\u578b\u90e8\u54c1\u7528\u306b\u8a2d\u8a08\u3055\u308c\u3066\u304a\u308a\u3001\u5de8\u5927\u306a\u90e8\u54c1\u306b\u3082\u5341\u5206\u306a\u30b9\u30da\u30fc\u30b9\u3092\u63d0\u4f9b\u3059\u308b\u3002.<\/li>\n\n\n\n<li><strong>\u30b3\u30f3\u30d1\u30af\u30c8\u306a\u30c7\u30b6\u30a4\u30f3\uff1a<\/strong> \u3053\u306e\u8a2d\u8a08\u306b\u3088\u308a\u3001\u57fa\u790e\u3078\u306e\u521d\u671f\u6295\u8cc7\u3092\u6700\u5c0f\u9650\u306b\u6291\u3048\u3001\u65e2\u5b58\u306e\u30b7\u30b9\u30c6\u30e0\u306b\u67d4\u8edf\u306b\u5bfe\u5fdc\u3067\u304d\u308b\u3002\u3055\u3089\u306b\u3001\u8efd\u91cf\u30e2\u30b8\u30e5\u30fc\u30eb\u69cb\u9020\u306b\u3088\u308a\u3001\u5f93\u6765\u306e\u30bd\u30ea\u30e5\u30fc\u30b7\u30e7\u30f3\u3068\u6bd4\u8f03\u3057\u3066\u30a8\u30cd\u30eb\u30ae\u30fc\u6d88\u8cbb\u91cf\u304c\u5927\u5e45\u306b\u524a\u6e1b\u3055\u308c\u307e\u3059\u3002.<\/li>\n\n\n\n<li><strong>1\u56de\u9650\u308a\u306e\u56fa\u5b9a\uff1a<\/strong> \u5927\u304d\u306a\u4f5c\u696d\u91cf\u3068\u6a5f\u68b0\u306e\u30ea\u30fc\u30c1\u306b\u3088\u308a\u3001\u518d\u30af\u30e9\u30f3\u30d7\u3059\u308b\u3053\u3068\u306a\u304f\u30d7\u30ed\u30da\u30e9\u306e\u5168\u9762\u3092\u52a0\u5de5\u3059\u308b\u3053\u3068\u304c\u3067\u304d\u308b\u3002.<\/li>\n<\/ul>\n\n\n\n<div class=\"elha-youtube-lightbox\"><a href=\"https:\/\/www.youtube-nocookie.com\/embed\/NcHrPPTe8sc\" class=\"lightbox\" rel=\"nofollow noopener\" target=\"_blank\"><img decoding=\"async\" src=\"https:\/\/www.elha.de\/wp-content\/uploads\/Thumbnail-MMG-Propeller.png\" alt=\"\"><\/a><span>YouTube\u3078\u306e\u30c7\u30fc\u30bf\u9001\u4fe1\u306b\u540c\u610f\u3057\u3001\u30d3\u30c7\u30aa\u3092\u518d\u751f\u3059\u308b - <a href=\"https:\/\/www.elha.de\/ja\/%e5%80%8b%e4%ba%ba%e6%83%85%e5%a0%b1%e4%bf%9d%e8%ad%b7%e6%96%b9%e9%87%9d\/\">\u30d7\u30e9\u30a4\u30d0\u30b7\u30fc\u30dd\u30ea\u30b7\u30fc<\/a><\/span><\/div>\n\n\n\n<h2 class=\"wp-block-heading\">\u30d1\u30e9\u30ec\u30eb\u30fb\u30ad\u30cd\u30de\u30c6\u30a3\u30af\u30b9\u30fb\u30e2\u30b8\u30e5\u30fc\u30eb\u306b\u3088\u308b\u5353\u8d8a\u3057\u305f\u8868\u9762\u54c1\u8cea<\/h2>\n\n\n\n<p>PKM\u306f\u3001\u5353\u8d8a\u3057\u305f\u30b5\u30fc\u30d5\u30a7\u30b9\u3092\u5b9f\u73fe\u3059\u308b\u305f\u3081\u306b\u9ad8\u5ea6\u306a\u6280\u8853\u3092\u99c6\u4f7f\u3057\u3066\u3044\u308b\uff1a<\/p>\n\n\n\n<ul class=\"wp-block-list\">\n<li><strong>\u30d7\u30ed\u30bb\u30b9\u30fb\u30b7\u30df\u30e5\u30ec\u30fc\u30b7\u30e7\u30f3\uff1a<\/strong> \u30c7\u30b8\u30bf\u30eb\u30c4\u30a4\u30f3\u306b\u3088\u308b\u6b63\u78ba\u306a\u30d1\u30b9\u30d7\u30e9\u30f3\u30cb\u30f3\u30b0\u3068\u30c4\u30fc\u30eb\u30d7\u30e9\u30f3\u30cb\u30f3\u30b0<\/li>\n\n\n\n<li><strong>5\u8ef8\u30e0\u30fc\u30d6\u30e1\u30f3\u30c8\uff1a<\/strong> PKM\u306f\u30d7\u30ed\u30da\u30e9\u306e\u5468\u56f2\u3092\u7279\u7570\u70b9\u306a\u3057\u306b\u81ea\u7531\u306b\u52d5\u304f\u3053\u3068\u304c\u3067\u304d\u308b\u305f\u3081\u3001\u4e00\u5b9a\u306e\u8f2a\u90ed\u7cbe\u5ea6\u304c\u4fdd\u8a3c\u3055\u308c\u308b\u3002.<\/li>\n\n\n\n<li><strong>\u8fc5\u901f\u306a\u30c4\u30fc\u30eb\u306e\u518d\u8abf\u6574\uff1a<\/strong> \u9ad8\u52a0\u901f\u5ea6\u3068\u30d1\u30e9\u30ec\u30eb\u30ad\u30cd\u30de\u30c6\u30a3\u30af\u30b9\u306b\u3088\u308a\u3001\u5de5\u5177\u306e\u518d\u8abf\u6574\u30925\u500d\u9ad8\u901f\u5316\u3002.<\/li>\n\n\n\n<li><strong>\u30ad\u30e3\u30ea\u30d6\u30ec\u30fc\u30b7\u30e7\u30f3\u3068\u88dc\u6b63\uff1a<\/strong> \u30de\u30b7\u30f3\u306e\u7cbe\u5ea6\u3092\u9ad8\u3081\u3001\u5916\u90e8\u304b\u3089\u306e\u5f71\u97ff\u3092\u88dc\u6b63\u3059\u308b\u3002.<\/li>\n<\/ul>\n\n\n\n<div class=\"wp-block-media-text is-stacked-on-mobile\" style=\"grid-template-columns:49% auto\"><figure class=\"wp-block-media-text__media\"><img loading=\"lazy\" decoding=\"async\" width=\"940\" height=\"529\" src=\"https:\/\/www.elha.de\/wp-content\/uploads\/SigmaTau-pkm-HSC-application-MMG-propeller-team.jpg\" alt=\"\u9ad8\u901f\u5207\u524a\u7528SigmaTau \/ PKM MMG\u306e\u5927\u304d\u306a\u30d7\u30ed\u30da\u30e9\u306e\u3088\u3046\u306a\u30a2\u30d7\u30ea\u30b1\u30fc\u30b7\u30e7\u30f3\u3002SigmaTau\u306b\u53d6\u308a\u7d44\u3093\u3067\u3044\u308b\u30c1\u30fc\u30e0\u306f\u3001\u30d7\u30ed\u30da\u30e9\u306e\u9ad8\u901f\u5207\u524a\u306e\u6210\u679c\u3092\u767a\u8868\u3057\u3066\u3044\u307e\u3059\u3002.\" class=\"wp-image-12217 size-full\" srcset=\"https:\/\/www.elha.de\/wp-content\/uploads\/SigmaTau-pkm-HSC-application-MMG-propeller-team.jpg 940w, https:\/\/www.elha.de\/wp-content\/uploads\/SigmaTau-pkm-HSC-application-MMG-propeller-team-460x259.jpg 460w\" sizes=\"auto, (max-width: 940px) 100vw, 940px\" \/><\/figure><div class=\"wp-block-media-text__content\">\n<p style=\"padding-top:0;padding-right:0;padding-bottom:0;padding-left:0\">\u30b9\u30a6\u30a7\u30fc\u30c7\u30f3\u306e\u30eb\u30f3\u30c9\u3067\u3001\u30d7\u30ed\u30da\u30e9\u30e1\u30fc\u30ab\u30fc\u306eMMG\u793e\u3001\u5de5\u5177\u30e1\u30fc\u30ab\u30fc\u306ePokolm\u793e\u3068\u3068\u3082\u306b\u3001ELHA-MASCHINENBAU\u3068\u30b3\u30b0\u30cb\u30dc\u30c6\u30a3\u30c3\u30af\u30b9\u306e\u5171\u540c\u30c7\u30e2\u30f3\u30b9\u30c8\u30ec\u30fc\u30b7\u30e7\u30f3\u3068\u30d7\u30ed\u30bb\u30b9\u691c\u8a3c\u3092\u5b9f\u65bd\u3002.<\/p>\n<\/div><\/div>\n\n\n\n<p><strong><strong>\u30af\u30e9\u30a6\u30b9\u30fb\u30b5\u30d5\u30a3\u30a2\u30f3 - MMG\u306e\u30d7\u30ed\u30c0\u30af\u30b7\u30e7\u30f3\u30fb\u30de\u30cd\u30fc\u30b8\u30e3\u30fc\uff1a<\/strong><\/strong><\/p>\n\n\n\n<p>\u201e\u300c\u5927\u578b\u8239\u8236\u7528\u30d7\u30ed\u30da\u30e9\u306e\u88fd\u9020\u696d\u8005\u3068\u3057\u3066\u3001\u79c1\u305f\u3061\u306f\u5927\u578b\u90e8\u54c1\u306e\u9ad8\u901f\u52a0\u5de5\u306e\u30b3\u30b9\u30c8\u9762\u3067\u591a\u304f\u306e\u8ab2\u984c\u306b\u76f4\u9762\u3057\u3066\u3044\u307e\u3057\u305f\u3002.<br>\u305d\u306e\u305f\u3081\u3001SigmaTau ST 3000\u30ed\u30dc\u30c3\u30c8\u3092\u30c6\u30b9\u30c8\u3057\u3001\u305d\u306e\u6027\u80fd\u306b\u975e\u5e38\u306b\u611f\u9298\u3092\u53d7\u3051\u307e\u3057\u305f\u3002ST 3000\u306f\u69d8\u3005\u306a\u30b5\u30a4\u30ba\u306e\u92f3\u7269\u3092\u9a5a\u304f\u3079\u304d\u52b9\u7387\u3067\u51e6\u7406\u3057\u3001\u7af6\u4e89\u529b\u306e\u3042\u308b\u51e6\u7406\u6642\u9593\u306b\u3088\u308a\u3001\u79c1\u305f\u3061\u306f\u751f\u7523\u8981\u4ef6\u3092\u6e80\u305f\u3059\u3053\u3068\u304c\u3067\u304d\u307e\u3059\u3002\u5353\u8d8a\u3057\u305f\u8868\u9762\u54c1\u8cea\u306b\u3088\u308a\u3001\u5f8c\u7d9a\u306e\u7814\u78e8\u5de5\u7a0b\u304c\u524a\u6e1b\u3055\u308c\u3001\u6211\u3005\u306e\u5de5\u7a0b\u306f\u3088\u308a\u901f\u304f\u3001\u3088\u308a\u8cbb\u7528\u5bfe\u52b9\u679c\u306e\u9ad8\u3044\u3082\u306e\u306b\u306a\u308a\u307e\u3057\u305f\u3002\u201c<\/p>\n\n\n\n<h2 class=\"wp-block-heading\">\u91d1\u5c5e\u52a0\u5de5\u306b\u95a2\u3059\u308b\u4e00\u822c\u60c5\u5831<\/h2>\n\n\n\n<p><strong>\u901f\u3044<\/strong><br>\u6700\u9ad8\u4e3b\u8ef8\u56de\u8ee2\u901f\u5ea680,000rpm\u3001\u6700\u9ad8\u9001\u308a\u901f\u5ea650m\/min\u3002. <br>\u30b8\u30e3\u30fc\u30ad\u30fc\u3067\u5e73\u884c\u306a\u904b\u52d5\u5b66\u306b\u3088\u308a\u3001\u5de5\u5177\u306e\u305f\u308f\u307f\u304c\u901f\u3044\u3002.<\/p>\n\n\n\n<p><strong>\u6b63\u78ba<\/strong><br>\u9ad8\u3044\u8f2a\u90ed\u7cbe\u5ea6\u3068\u9ad8\u3044\u518d\u73fe\u6027\u3002.<\/p>\n\n\n\n<div class=\"elha-youtube-lightbox\"><a href=\"https:\/\/www.youtube-nocookie.com\/embed\/wiarOrI8ncI\" class=\"lightbox\" rel=\"nofollow noopener\" target=\"_blank\"><img decoding=\"async\" src=\"https:\/\/www.elha.de\/wp-content\/uploads\/thumbnail-pkm-machining-examples.jpg\" alt=\"\"><\/a><span>YouTube\u3078\u306e\u30c7\u30fc\u30bf\u9001\u4fe1\u306b\u540c\u610f\u3057\u3001\u30d3\u30c7\u30aa\u3092\u518d\u751f\u3059\u308b - <a href=\"https:\/\/www.elha.de\/ja\/%e5%80%8b%e4%ba%ba%e6%83%85%e5%a0%b1%e4%bf%9d%e8%ad%b7%e6%96%b9%e9%87%9d\/\">\u30d7\u30e9\u30a4\u30d0\u30b7\u30fc\u30dd\u30ea\u30b7\u30fc<\/a><\/span><\/div>\n\n\n\n<div style=\"height:50px\" aria-hidden=\"true\" class=\"wp-block-spacer\"><\/div>\n\n\n\n<div class=\"wp-block-columns is-layout-flex wp-container-core-columns-is-layout-28f84493 wp-block-columns-is-layout-flex\">\n<div class=\"wp-block-column is-layout-flow wp-block-column-is-layout-flow\">\n<p><strong>MMG\u3092\u3054\u89a7\u304f\u3060\u3055\u3044\uff1a<\/strong><br>\u30a6\u30a7\u30d6\u30b5\u30a4\u30c8\u306f\u3053\u3061\u3089<\/p>\n\n\n\n<div class=\"wp-block-buttons is-layout-flex wp-container-core-buttons-is-layout-6f59021e wp-block-buttons-is-layout-flex\" style=\"margin-top:0;margin-bottom:0\">\n<div class=\"wp-block-button\"><a class=\"wp-block-button__link wp-element-button\" href=\"https:\/\/mecklenburger-metallguss.com\/\" rel=\"nofollow noopener\" target=\"_blank\">\u3055\u3089\u306b\u8a73\u3057\u304f<\/a><\/div>\n<\/div>\n<\/div>\n\n\n\n<div class=\"wp-block-column is-layout-flow wp-block-column-is-layout-flow\">\n<p><strong>PKM\u306b\u3064\u3044\u3066\u306e\u8a73\u7d30\u306f\u3053\u3061\u3089\uff1a<\/strong><br>\u6982\u8981\u30da\u30fc\u30b8\u306b\u623b\u308b\u306b\u306f\u3053\u3053\u3092\u30af\u30ea\u30c3\u30af<\/p>\n\n\n\n<div class=\"wp-block-buttons is-layout-flex wp-block-buttons-is-layout-flex\">\n<div class=\"wp-block-button\"><a class=\"wp-block-button__link wp-element-button\" href=\"https:\/\/www.elha.de\/ja\/%e6%a9%9f%e6%a2%b0\/%e3%83%91%e3%83%a9%e3%83%ac%e3%83%ab%e3%82%ad%e3%83%8d%e3%83%9e%e3%83%86%e3%82%a3%e3%83%83%e3%82%af%e3%83%a2%e3%82%b8%e3%83%a5%e3%83%bc%e3%83%ab\/\">\u3055\u3089\u306b\u8a73\u3057\u304f<\/a><\/div>\n<\/div>\n<\/div>\n\n\n\n<div class=\"wp-block-column is-layout-flow wp-block-column-is-layout-flow\">\n<p><strong><strong>\u3054\u9023\u7d61\u304f\u3060\u3055\u3044\uff1a<\/strong><\/strong><br>PKM\u306b\u3064\u3044\u3066\u8cea\u554f\u304c\u3042\u308a\u307e\u3059\u304b\uff1f<\/p>\n\n\n\n<div class=\"wp-block-buttons is-layout-flex wp-block-buttons-is-layout-flex\">\n<div class=\"wp-block-button\"><a class=\"wp-block-button__link wp-element-button\" href=\"https:\/\/www.elha.de\/ja\/%e3%82%b3%e3%83%b3%e3%82%bf%e3%82%af%e3%83%88\/\">\u30d5\u30a9\u30fc\u30e0\u3078<\/a><\/div>\n<\/div>\n<\/div>\n<\/div>","protected":false},"excerpt":{"rendered":"<p>\u5927\u578b\u8239\u30d7\u30ed\u30da\u30e9\u306e\u9ad8\u901f\u5207\u524a\uff1a\u30d1\u30e9\u30ec\u30eb\u30fb\u30ad\u30cd\u30de\u30c6\u30a3\u30af\u30b9\u30fb\u30e2\u30b8\u30e5\u30fc\u30eb\u306b\u3088\u308b\u8ab2\u984c\u306e\u514b\u670d<\/p>\n<p>\u5927\u578b\u8239\u30d7\u30ed\u30da\u30e9\u306e\u9ad8\u901f\u30d5\u30e9\u30a4\u30b9\u52a0\u5de5\u306b\u304a\u3051\u308b\u73fe\u5728\u306e\u8ab2\u984c<\/p>\n<p>Die Bearbeitung gro\u00dfer Schiffspropeller, stellt mehrere Herausforderungen dar. Aufgrund der Gr\u00f6\u00dfe<\/p>","protected":false},"author":26,"featured_media":0,"parent":11617,"menu_order":4,"comment_status":"closed","ping_status":"closed","template":"","meta":{"footnotes":""},"class_list":["post-12076","page","type-page","status-publish","hentry"],"blocksy_meta":[],"_links":{"self":[{"href":"https:\/\/www.elha.de\/ja\/wp-json\/wp\/v2\/pages\/12076","targetHints":{"allow":["GET"]}}],"collection":[{"href":"https:\/\/www.elha.de\/ja\/wp-json\/wp\/v2\/pages"}],"about":[{"href":"https:\/\/www.elha.de\/ja\/wp-json\/wp\/v2\/types\/page"}],"author":[{"embeddable":true,"href":"https:\/\/www.elha.de\/ja\/wp-json\/wp\/v2\/users\/26"}],"replies":[{"embeddable":true,"href":"https:\/\/www.elha.de\/ja\/wp-json\/wp\/v2\/comments?post=12076"}],"version-history":[{"count":0,"href":"https:\/\/www.elha.de\/ja\/wp-json\/wp\/v2\/pages\/12076\/revisions"}],"up":[{"embeddable":true,"href":"https:\/\/www.elha.de\/ja\/wp-json\/wp\/v2\/pages\/11617"}],"wp:attachment":[{"href":"https:\/\/www.elha.de\/ja\/wp-json\/wp\/v2\/media?parent=12076"}],"curies":[{"name":"wp","href":"https:\/\/api.w.org\/{rel}","templated":true}]}}