{"id":12079,"date":"2024-06-04T14:09:42","date_gmt":"2024-06-04T12:09:42","guid":{"rendered":"https:\/\/www.elha.de\/?page_id=12079"},"modified":"2025-10-10T11:03:52","modified_gmt":"2025-10-10T09:03:52","slug":"%e6%8c%af%e5%8b%95%e3%83%89%e3%83%aa%e3%83%ab","status":"publish","type":"page","link":"https:\/\/www.elha.de\/ja\/maschinen\/parallelkinematik-module\/vibration-drilling\/","title":{"rendered":"\u5927\u898f\u6a21\u751f\u7523\u306b\u304a\u3051\u308b\u632f\u52d5\u30c9\u30ea\u30eb"},"content":{"rendered":"<p>PKM\u306f\u3001\u7570\u306a\u308b\u6750\u6599\u306e\u30b9\u30bf\u30c3\u30af\u306b\u7a74\u3092\u958b\u3051\u308b\u3053\u3068\u304c\u65e5\u5e38\u7684\u306a\u5927\u91cf\u751f\u7523\u306b\u304a\u3044\u3066\u3001\u5b89\u5168\u3067\u52b9\u7387\u7684\u306a\u30d7\u30ed\u30bb\u30b9\u306b\u5fc5\u8981\u306a\u7cbe\u5ea6\u3068\u525b\u6027\u3092\u63d0\u4f9b\u3057\u307e\u3059\u3002\u540c\u3058\u30bb\u30c3\u30c8\u30a2\u30c3\u30d7\u3067\u30c9\u30ea\u30ea\u30f3\u30b0\u3068\u30c8\u30ea\u30df\u30f3\u30b0\u306e\u4e21\u65b9\u306b\u540c\u3058\u30b9\u30d4\u30f3\u30c9\u30eb\u3092\u4f7f\u7528\u3067\u304d\u308b\u305f\u3081\u3001\u4f5c\u696d\u52b9\u7387\u304c\u5411\u4e0a\u3057\u3001\u30c0\u30a6\u30f3\u30bf\u30a4\u30e0\u304c\u77ed\u7e2e\u3055\u308c\u307e\u3059\u3002.&nbsp;<\/p>\n\n\n\n<div class=\"elha-youtube-lightbox\"><a href=\"https:\/\/www.youtube-nocookie.com\/embed\/XexKRja5yss\" class=\"lightbox\" rel=\"nofollow noopener\" target=\"_blank\"><img decoding=\"async\" src=\"https:\/\/www.elha.de\/wp-content\/uploads\/thumbnail-vibration-drilling-play.jpg\" alt=\"\"><\/a><span>YouTube\u3078\u306e\u30c7\u30fc\u30bf\u9001\u4fe1\u306b\u540c\u610f\u3057\u3001\u30d3\u30c7\u30aa\u3092\u518d\u751f\u3059\u308b - <a href=\"https:\/\/www.elha.de\/ja\/%e5%80%8b%e4%ba%ba%e6%83%85%e5%a0%b1%e4%bf%9d%e8%ad%b7%e6%96%b9%e9%87%9d\/\">\u30d7\u30e9\u30a4\u30d0\u30b7\u30fc\u30dd\u30ea\u30b7\u30fc<\/a><\/span><\/div>\n\n\n\n<h2 class=\"wp-block-heading\">\u632f\u52d5\u30c9\u30ea\u30ea\u30f3\u30b0\u7528\u30d1\u30e9\u30ec\u30eb\u30ad\u30cd\u30de\u30c6\u30a3\u30af\u30b9\u30e2\u30b8\u30e5\u30fc\u30eb&nbsp;<\/h2>\n\n\n\n<p>PKM\u306f\u3001\u822a\u7a7a\u5b87\u5b99\u5efa\u8a2d\u306b\u898b\u3089\u308c\u308b\u3088\u3046\u306a\u5927\u898f\u6a21\u306a\u88fd\u9020\u30d7\u30ed\u30b8\u30a7\u30af\u30c8\u306b\u304a\u3051\u308b\u632f\u52d5\u30c9\u30ea\u30eb\u52a0\u5de5\u306e\u8ab2\u984c\u306b\u3001\u9769\u65b0\u7684\u306a\u30bd\u30ea\u30e5\u30fc\u30b7\u30e7\u30f3\u3092\u63d0\u4f9b\u3057\u307e\u3059\u3002PKM\u306f\u3001\u3053\u306e\u3088\u3046\u306a\u53b3\u3057\u3044\u74b0\u5883\u306b\u304a\u3044\u3066\u3001\u6b21\u306e\u3088\u3046\u306a\u7279\u9577\u3092\u767a\u63ee\u3057\u307e\u3059\uff1a&nbsp;<\/p>\n\n\n\n<p>\u25cf <strong>\u30e2\u30b8\u30e5\u30fc\u30eb\u8a2d\u8a08<\/strong>PKM\u306e\u30e2\u30b8\u30e5\u30e9\u30fc\u8a2d\u8a08\u306f\u3001\u3055\u307e\u3056\u307e\u306a\u65b9\u5411\u3078\u306e\u5bb9\u6613\u306a\u69cb\u6210\u3092\u53ef\u80fd\u306b\u3057\u3001\u3055\u307e\u3056\u307e\u306a\u751f\u7523\u8981\u4ef6\u3084\u4f5c\u696d\u30b9\u30da\u30fc\u30b9\u306b\u975e\u5e38\u306b\u9069\u5fdc\u3057\u307e\u3059\u3002.&nbsp;<\/p>\n\n\n\n<p><strong>\u30b3\u30f3\u30c8\u30ed\u30fc\u30eb\uff06\u30bd\u30d5\u30c8\u30a6\u30a7\u30a2<\/strong> \u30b9\u30d4\u30f3\u30c9\u30eb\u5236\u5fa1\u3092\u6a5f\u68b0\u5236\u5fa1\u3068\u5b8c\u5168\u306b\u7d71\u5408\u3059\u308b\u3053\u3068\u3067\u3001\u6b63\u78ba\u306a\u64cd\u4f5c\u3068\u6a5f\u80fd\u6027\u3092\u78ba\u4fdd\u3057\u3001\u7a74\u3042\u3051\u4f5c\u696d\u306e\u52b9\u7387\u3068\u54c1\u8cea\u3092\u5411\u4e0a\u3055\u305b\u307e\u3059\u3002.&nbsp;<\/p>\n\n\n\n<p><strong>\u30b7\u30fc\u30e0\u30ec\u30b9\u306a\u7d71\u5408\uff1a<\/strong> PKM\u306f\u3001\u5b8c\u5168\u30d1\u30e9\u30ec\u30eb\u30ed\u30dc\u30c3\u30c8\u6280\u8853\u306b\u3088\u3063\u3066\u5b9f\u73fe\u3055\u308c\u305f\u7c21\u7d20\u5316\u3055\u308c\u305f\u30b9\u30d4\u30f3\u30c9\u30eb\u30a8\u30f3\u30c9\u30a8\u30d5\u30a7\u30af\u30bf\u30fc\u306e\u30bb\u30c3\u30c8\u30a2\u30c3\u30d7\u3092\u7279\u5fb4\u3068\u3057\u3066\u3044\u307e\u3059\u3002\u3053\u306e\u30b7\u30fc\u30e0\u30ec\u30b9\u306a\u7d71\u5408\u306b\u3088\u308a\u3001\u5927\u898f\u6a21\u306a\u518d\u8a2d\u5b9a\u3092\u884c\u3046\u3053\u3068\u306a\u304f\u3001\u3055\u307e\u3056\u307e\u306a\u30c9\u30ea\u30eb\u52a0\u5de5\u30a2\u30d7\u30ea\u30b1\u30fc\u30b7\u30e7\u30f3\u306b\u7c21\u5358\u306b\u9069\u5fdc\u3067\u304d\u307e\u3059\u3002.&nbsp;<\/p>\n\n\n\n<p>\u25cf <strong>\u632f\u52d5\u6280\u8853\uff1a<\/strong> PKM\u306f\u3001\u7a74\u3042\u3051\u52a0\u5de5\u3092\u30b5\u30dd\u30fc\u30c8\u3059\u308b\u9ad8\u5ea6\u306a\u632f\u52d5\u6280\u8853\u3092\u5099\u3048\u3066\u3044\u307e\u3059\u3002\u3053\u306e\u9769\u65b0\u7684\u306a\u30a2\u30d7\u30ed\u30fc\u30c1\u306b\u3088\u308a\u3001\u5207\u308a\u5c51\u306f\u78ba\u5b9f\u306b\u5c0f\u3055\u306a\u7834\u7247\u306b\u5206\u89e3\u3055\u308c\u3001\u7a74\u306e\u54c1\u8cea\u3084\u7a74\u3042\u3051\u5de5\u7a0b\u306e\u52b9\u7387\u306b\u5f71\u97ff\u3092\u4e0e\u3048\u308b\u3082\u3064\u308c\u306e\u30ea\u30b9\u30af\u3092\u4f4e\u6e1b\u3057\u307e\u3059\u3002.&nbsp;<\/p>\n\n\n\n<p><\/p>\n\n\n\n<div style=\"height:17px\" aria-hidden=\"true\" class=\"wp-block-spacer\"><\/div>\n\n\n\n<div class=\"wp-block-media-text is-stacked-on-mobile\"><figure class=\"wp-block-media-text__media\"><img loading=\"lazy\" decoding=\"async\" width=\"940\" height=\"529\" src=\"https:\/\/www.elha.de\/wp-content\/uploads\/Vibi-core-pkm-940x529.png\" alt=\"\" class=\"wp-image-12333 size-full\" srcset=\"https:\/\/www.elha.de\/wp-content\/uploads\/Vibi-core-pkm-940x529.png 940w, https:\/\/www.elha.de\/wp-content\/uploads\/Vibi-core-pkm-460x259.png 460w, https:\/\/www.elha.de\/wp-content\/uploads\/Vibi-core-pkm.png 1200w\" sizes=\"auto, (max-width: 940px) 100vw, 940px\" \/><\/figure><div class=\"wp-block-media-text__content\">\n<h3 class=\"wp-block-heading text-size4\">\u30d3\u30d3\u30b3\u30a2\u30b9\u30d4\u30f3\u30c9\u30eb\u3068\u30bb\u30b3\u5207\u524a\u5de5\u5177\u4ed8\u304dPKM&nbsp;<\/h3>\n\n\n\n<p>VibiCore\u632f\u52d5\u30b9\u30d4\u30f3\u30c9\u30eb\u3068Seco\u5207\u524a\u5de5\u5177\u3092\u642d\u8f09\u3057\u305fPKM\u306f\u3001\u30aa\u30da\u30ec\u30fc\u30bf\u306b\u7a74\u3042\u3051\u52a0\u5de5\u306e\u9ad8\u5ea6\u306a\u5236\u5fa1\u3092\u63d0\u4f9b\u3057\u307e\u3059\u3002\u30c6\u30b9\u30c8\u3067\u306f\u3001\u3053\u306e\u30b9\u30d4\u30f3\u30c9\u30eb\u306f\u3001\u5404\u7d20\u6750\u5c64\u306b\u5408\u308f\u305b\u3066\u6700\u9069\u5316\u3055\u308c\u305fNC\u5236\u5fa1\u306e\u7a74\u3042\u3051\u30d1\u30bf\u30fc\u30f3\u3092\u5b9f\u8a3c\u3057\u3001\u7cbe\u5bc6\u3067\u304d\u308c\u3044\u306a\u7a74\u3042\u3051\u52a0\u5de5\u3092\u5b9f\u73fe\u3057\u307e\u3057\u305f\u3002.&nbsp;<\/p>\n<\/div><\/div>\n\n\n\n<h2 class=\"wp-block-heading\">\u822a\u7a7a\u6a5f\u306e\u4e3b\u7ffc\u7528\u30ea\u30d9\u30c3\u30c8\u7a74\u306ePKM\u7a74\u3042\u3051\u5de5\u7a0b\u306e\u30b7\u30df\u30e5\u30ec\u30fc\u30b7\u30e7\u30f3&nbsp;<\/h2>\n\n\n\n<div class=\"elha-youtube-lightbox\"><a href=\"https:\/\/www.youtube-nocookie.com\/embed\/pAFHwYID5uY\" class=\"lightbox\" rel=\"nofollow noopener\" target=\"_blank\"><img decoding=\"async\" src=\"https:\/\/www.elha.de\/wp-content\/uploads\/YouTube_Thumbnail_small.png\" alt=\"\"><\/a><span>YouTube\u3078\u306e\u30c7\u30fc\u30bf\u9001\u4fe1\u306b\u540c\u610f\u3057\u3001\u30d3\u30c7\u30aa\u3092\u518d\u751f\u3059\u308b - <a href=\"https:\/\/www.elha.de\/ja\/%e5%80%8b%e4%ba%ba%e6%83%85%e5%a0%b1%e4%bf%9d%e8%ad%b7%e6%96%b9%e9%87%9d\/\">\u30d7\u30e9\u30a4\u30d0\u30b7\u30fc\u30dd\u30ea\u30b7\u30fc<\/a><\/span><\/div>\n\n\n\n<p>\u5236\u5fa1\u3055\u308c\u305f\u30d7\u30ec\u30c3\u30b7\u30e3\u30fc\u30d5\u30c3\u30c8\u306b\u3088\u308a\u3001\u7a74\u3042\u3051\u52a0\u5de5\u4e2d\u306e\u6750\u6599\u5c64\u3092\u5b89\u5b9a\u3055\u305b\u3001\u5265\u96e2\u306e\u30ea\u30b9\u30af\u3092\u4f4e\u6e1b\u3057\u3001\u92ed\u5229\u306a\u5207\u308a\u5c51\u3092\u52b9\u7387\u7684\u306b\u9664\u53bb\u3067\u304d\u308b\u305f\u3081\u3001\u30ef\u30fc\u30af\u306e\u6e05\u6d44\u6027\u3068\u5b8c\u5168\u6027\u3092\u7dad\u6301\u3067\u304d\u307e\u3059\u3002\u307e\u305f\u3001\u30d7\u30ec\u30c3\u30b7\u30e3\u30fc\u30d5\u30c3\u30c8\u306b\u306f\u30ea\u30cb\u30a2\u30a8\u30f3\u30b3\u30fc\u30c0\u304c\u5185\u8535\u3055\u308c\u3066\u304a\u308a\u3001\u8ef8\u65b9\u5411\u6df1\u3055\u3068\u30ab\u30a6\u30f3\u30bf\u30fc\u30b7\u30f3\u30af\u306e\u7cbe\u5bc6\u306a\u5236\u5fa1\u304c\u53ef\u80fd\u3067\u3059\u3002.&nbsp;<\/p>\n\n\n\n<div style=\"height:17px\" aria-hidden=\"true\" class=\"wp-block-spacer\"><\/div>\n\n\n\n<div class=\"wp-block-media-text is-stacked-on-mobile\"><figure class=\"wp-block-media-text__media\"><img loading=\"lazy\" decoding=\"async\" width=\"1422\" height=\"794\" src=\"https:\/\/www.elha.de\/wp-content\/uploads\/vibicores-oscillation-movement.avif\" alt=\"\" class=\"wp-image-12334 size-full\"\/><\/figure><div class=\"wp-block-media-text__content\">\n<h3 class=\"wp-block-heading\">\u30d3\u30d3\u30b3\u30a2\u306e\u632f\u52d5\u904b\u52d5&nbsp;<\/h3>\n\n\n\n<p>\u30d0\u30a4\u30d6\u30b3\u30a2\u30b9\u30d4\u30f3\u30c9\u30eb\u3092\u4f7f\u7528\u3057\u305f\u5178\u578b\u7684\u306a\u632f\u52d5\u30c9\u30ea\u30eb\u306e\u632f\u52d5\u66f2\u7dda\u306f\u3001\u30c9\u30ea\u30eb\u306e\u9001\u308a\u52d5\u4f5c\u306b\u632f\u52d5\u52d5\u4f5c\u304c\u3069\u306e\u3088\u3046\u306b\u91cd\u306a\u3063\u3066\u3044\u308b\u304b\u3092\u793a\u3057\u3066\u3044\u307e\u3059\u3002\u3053\u306e\u904b\u52d5\u30d1\u30bf\u30fc\u30f3\u306f\u3001\u4e0a\u306e\u56f3\u3067\u898b\u308b\u3053\u3068\u304c\u3067\u304d\u307e\u3059\u3002\u5f93\u6765\u306e\u5e02\u5834\u30a2\u30d7\u30ed\u30fc\u30c1\u3068\u306f\u7570\u306a\u308a\u3001\u5747\u4e00\u3067\u5236\u5fa1\u3055\u308c\u305f\u5207\u308a\u304f\u305a\u539a\u3055\u306b\u3088\u308a\u3001\u5207\u524a\u6642\u9593\u3092\u6700\u9069\u5316\u3057\u307e\u3059\u3002.&nbsp;<\/p>\n<\/div><\/div>\n\n\n\n<div class=\"wp-block-columns is-layout-flex wp-container-core-columns-is-layout-28f84493 wp-block-columns-is-layout-flex\">\n<div class=\"wp-block-column is-layout-flow wp-block-column-is-layout-flow\">\n<h3 class=\"wp-block-heading\">\u7d50\u679c\uff1a\u77ed\u3044\u5207\u5c51\u3068\u512a\u308c\u305f\u6398\u524a\u7d50\u679c&nbsp;<\/h3>\n\n\n\n<p>\u3053\u306e\u30d7\u30ed\u30bb\u30b9\u306f\u3001\u30c9\u30e9\u30a4\u30fb\u30c9\u30ea\u30eb\u3092\u5bb9\u6613\u306b\u3057\u30011\u56de\u306e\u30af\u30e9\u30f3\u30d7\u4f5c\u696d\u3067\u5b8c\u74a7\u306a\u7a74\u52a0\u5de5\u3092\u53ef\u80fd\u306b\u3059\u308b\u305f\u3081\u3001\u518d\u52a0\u5de5\u3084\u6d17\u6d44\u306e\u5fc5\u8981\u304c\u306a\u3044\u3002\u3053\u306e\u65b9\u6cd5\u306f\u3001\u52b9\u7387\u7684\u306a\u30ef\u30f3\u30a6\u30a7\u30a4\u7d44\u7acb\u3092\u30b5\u30dd\u30fc\u30c8\u3057\u307e\u3059\u3002.&nbsp;<\/p>\n<\/div>\n\n\n\n<div class=\"wp-block-column is-layout-flow wp-block-column-is-layout-flow\">\n<figure class=\"wp-block-image size-large\"><img loading=\"lazy\" decoding=\"async\" width=\"940\" height=\"411\" src=\"https:\/\/www.elha.de\/wp-content\/uploads\/vibidrill-spanor-940x411.png\" alt=\"\" class=\"wp-image-12335\" srcset=\"https:\/\/www.elha.de\/wp-content\/uploads\/vibidrill-spanor-940x411.png 940w, https:\/\/www.elha.de\/wp-content\/uploads\/vibidrill-spanor-460x201.png 460w, https:\/\/www.elha.de\/wp-content\/uploads\/vibidrill-spanor.png 1276w\" sizes=\"auto, (max-width: 940px) 100vw, 940px\" \/><\/figure>\n<\/div>\n<\/div>\n\n\n\n<div style=\"height:50px\" aria-hidden=\"true\" class=\"wp-block-spacer\"><\/div>\n\n\n\n<p><strong><em>\u30f4\u30a3\u30ce\u30f4\u30a1\u304c\u8cc7\u91d1\u63d0\u4f9b\u3057\u305f\u30d7\u30ed\u30b8\u30a7\u30af\u30c8\uff1a <\/em><\/strong><em>\u30b3\u30b0\u30cb\u30dc\u30c6\u30a3\u30af\u30b9\u793e\u3001VibiCore\u793e\u3001RISE\u793e\u306e\u5171\u540c\u30d7\u30ed\u30b8\u30a7\u30af\u30c8\u3067\u3042\u308bVINNOVA\u51fa\u8cc7\u306eVIBIDRILL\u30d7\u30ed\u30b8\u30a7\u30af\u30c8\u306f\u3001\u9ad8\u5ea6\u306a\u6280\u8853\u7d71\u5408\u306b\u3088\u308b\u6398\u524a\u7cbe\u5ea6\u3068\u52b9\u7387\u306e\u5411\u4e0a\u306b\u7126\u70b9\u3092\u5f53\u3066\u3066\u3044\u308b\u3002\u3053\u306e\u53d6\u308a\u7d44\u307f\u3067\u306f\u3001\u30b7\u30b0\u30de\u30bf\u30a6\u306e\u30ed\u30dc\u30c3\u30c8\u30b7\u30b9\u30c6\u30e0\u3067\u904b\u7528\u3055\u308c\u308bVibiCore\u306e\u632f\u52d5\u30c9\u30ea\u30eb\u6280\u8853\u3092\u6d3b\u7528\u3059\u308b\u3002\u3053\u306e\u30d7\u30ed\u30b8\u30a7\u30af\u30c8\u306e\u76ee\u7684\u306f\u3001\u30ed\u30dc\u30c3\u30c8\u306b\u3088\u308b\u632f\u52d5\u30c9\u30ea\u30ea\u30f3\u30b0\u6280\u8853\u306e\u6709\u52b9\u6027\u3092\u9ad8\u3081\u3001\u5927\u898f\u6a21\u306a\u88fd\u9020\u74b0\u5883\u306b\u304a\u3051\u308b\u7a74\u306e\u54c1\u8cea\u3092\u6539\u5584\u3057\u3001\u751f\u7523\u5de5\u7a0b\u3092\u30b9\u30d4\u30fc\u30c9\u30a2\u30c3\u30d7\u3059\u308b\u3053\u3068\u3067\u3042\u308b\u3002VIBIDRILL\u30d7\u30ed\u30b8\u30a7\u30af\u30c8\u306f\u3001\u7cbe\u5ea6\u3068\u52b9\u7387\u306b\u5bfe\u3059\u308b\u696d\u754c\u306e\u8981\u6c42\u3092\u6e80\u305f\u3059\u305f\u3081\u306b\u3001\u3053\u306e\u6280\u8853\u3092\u958b\u767a\u3057\u3001\u691c\u8a3c\u3059\u308b\u3053\u3068\u3092\u76ee\u7684\u3068\u3057\u3066\u3044\u308b\u3002.<\/em>&nbsp;<\/p>","protected":false},"excerpt":{"rendered":"<p>In der Gro\u00dfserienfertigung, wo das Bohren durch verschiedene Materialstapel Routine ist, bietet das PKM die Pr\u00e4zision und Steifigkeit, die f\u00fcr einen sicheren, effizienten Prozess erforderlich<\/p>","protected":false},"author":26,"featured_media":12332,"parent":11617,"menu_order":5,"comment_status":"closed","ping_status":"closed","template":"","meta":{"footnotes":""},"class_list":["post-12079","page","type-page","status-publish","has-post-thumbnail","hentry"],"blocksy_meta":{"disable_featured_image":"yes","styles_descriptor":{"styles":{"desktop":"","tablet":"","mobile":""},"google_fonts":[],"version":6}},"_links":{"self":[{"href":"https:\/\/www.elha.de\/ja\/wp-json\/wp\/v2\/pages\/12079","targetHints":{"allow":["GET"]}}],"collection":[{"href":"https:\/\/www.elha.de\/ja\/wp-json\/wp\/v2\/pages"}],"about":[{"href":"https:\/\/www.elha.de\/ja\/wp-json\/wp\/v2\/types\/page"}],"author":[{"embeddable":true,"href":"https:\/\/www.elha.de\/ja\/wp-json\/wp\/v2\/users\/26"}],"replies":[{"embeddable":true,"href":"https:\/\/www.elha.de\/ja\/wp-json\/wp\/v2\/comments?post=12079"}],"version-history":[{"count":0,"href":"https:\/\/www.elha.de\/ja\/wp-json\/wp\/v2\/pages\/12079\/revisions"}],"up":[{"embeddable":true,"href":"https:\/\/www.elha.de\/ja\/wp-json\/wp\/v2\/pages\/11617"}],"wp:featuredmedia":[{"embeddable":true,"href":"https:\/\/www.elha.de\/ja\/wp-json\/wp\/v2\/media\/12332"}],"wp:attachment":[{"href":"https:\/\/www.elha.de\/ja\/wp-json\/wp\/v2\/media?parent=12079"}],"curies":[{"name":"wp","href":"https:\/\/api.w.org\/{rel}","templated":true}]}}