{"id":8250,"date":"2018-05-03T09:31:06","date_gmt":"2018-05-03T07:31:06","guid":{"rendered":"https:\/\/www.elha.de\/?page_id=8250"},"modified":"2026-01-22T10:44:20","modified_gmt":"2026-01-22T09:44:20","slug":"idps-%e3%82%a4%e3%83%b3%e3%83%80%e3%82%b9%e3%83%88%e3%83%aa%e3%83%bc-4-0","status":"publish","type":"page","link":"https:\/\/www.elha.de\/ja\/kompetenzen\/idps-industrie-4-0\/","title":{"rendered":"iDPS (\u30a4\u30f3\u30c0\u30b9\u30c8\u30ea\u30fc4.0)"},"content":{"rendered":"<p>\r\n\tiDPS\u306f\u3001\u3088\u308a\u9ad8\u3044\u751f\u7523\u6027\u3001\u52b9\u7387\u6027\u3001\u900f\u660e\u6027\u3092\u5b9f\u73fe\u3059\u308bELHA\u306e\u30b7\u30b9\u30c6\u30e0\u30bd\u30ea\u30e5\u30fc\u30b7\u30e7\u30f3\u3067\u3059\u3002.\r\n<\/p>\r\n\r\n<p>\r\n\t\u3053\u306e\u30a2\u30d7\u30ea\u30b1\u30fc\u30b7\u30e7\u30f3\u306f\u3001\u793e\u5185\u30cd\u30c3\u30c8\u30ef\u30fc\u30af\u5185\u306e\u30a8\u30f3\u30c9\u30fb\u30c7\u30d0\u30a4\u30b9\u304b\u3089\u3001\u307e\u305f\u306f\u9867\u5ba2\u306e\u540c\u610f\u304c\u3042\u308c\u3070\u3001ELHA\u30de\u30b7\u30f3\u30fb\u30b5\u30fc\u30d3\u30b9\u30fb\u30dd\u30fc\u30bf\u30eb\u304b\u3089\u4e16\u754c\u4e2d\u3069\u3053\u304b\u3089\u3067\u3082\u30a2\u30af\u30bb\u30b9\u3067\u304d\u307e\u3059\u3002\r\n\tELHA\u30de\u30b7\u30f3\u30fb\u30b5\u30fc\u30d3\u30b9\u30fb\u30dd\u30fc\u30bf\u30eb\u304b\u3089\u30a2\u30af\u30bb\u30b9\u3067\u304d\u307e\u3059\u3002\u30e2\u30d0\u30a4\u30eb\u6a5f\u5668\u7528\u306e\u30a4\u30f3\u30bf\u30fc\u30d5\u30a7\u30fc\u30b9\u3082\u30aa\u30d7\u30b7\u30e7\u30f3\u3067\u63d0\u4f9b\u53ef\u80fd\u3067\u3059\u3002.\r\n<\/p>\r\n\r\n<p>\r\n\t\u30a2\u30d7\u30ea\u30b1\u30fc\u30b7\u30e7\u30f3\u306e\u57fa\u790e\u3068\u306a\u308b\u306e\u306f\u3001\u30c7\u30fc\u30bf\u30d9\u30fc\u30b9\u3092\u642d\u8f09\u3057\u305f\u6a5f\u68b0\u4e00\u4f53\u578b\u306e\u7523\u696d\u7528PC\u3067\u3059\u3001\r\n\t\u30c0\u30c3\u30b7\u30e5\u30dc\u30fc\u30c9\u3068\u9769\u65b0\u7684\u306a\u30ea\u30e2\u30fc\u30c8\u30a2\u30af\u30bb\u30b9\u30bd\u30ea\u30e5\u30fc\u30b7\u30e7\u30f3\u3067\u3059\u3002\u30ab\u30b9\u30bf\u30de\u30a4\u30ba\u306b\u3088\u308b\u8ffd\u52a0\u3082\u53ef\u80fd\u3067\u3059\u3002.\r\n<\/p>\r\n\r\n<div class=\"elha-youtube-lightbox\"><a href=\"https:\/\/www.youtube-nocookie.com\/embed\/ACUk09f5rFs\" class=\"lightbox\" rel=\"nofollow noopener\" target=\"_blank\"><img decoding=\"async\" src=\"https:\/\/www.elha.de\/wp-content\/uploads\/idps-video-vorschau.jpg\" alt=\"\"><\/a><span>YouTube\u3078\u306e\u30c7\u30fc\u30bf\u9001\u4fe1\u306b\u540c\u610f\u3057\u3001\u30d3\u30c7\u30aa\u3092\u518d\u751f\u3059\u308b - <a href=\"https:\/\/www.elha.de\/ja\/%e5%80%8b%e4%ba%ba%e6%83%85%e5%a0%b1%e4%bf%9d%e8%ad%b7%e6%96%b9%e9%87%9d\/\">\u30d7\u30e9\u30a4\u30d0\u30b7\u30fc\u30dd\u30ea\u30b7\u30fc<\/a><\/span><\/div>\r\n\r\n\r\n\r\n<h2>\u3042\u306a\u305f\u306e\u5229\u70b9<\/h2>\r\n\r\n<ul>\r\n\t<li>\u30d7\u30ed\u30bb\u30b9\/\u30de\u30b7\u30f3\u306e\u900f\u660e\u6027\u304c\u975e\u5e38\u306b\u9ad8\u3044<\/li>\r\n\t<li>\u8c4a\u5bcc\u306a\u5206\u6790\/\u8a3a\u65ad\u30aa\u30d7\u30b7\u30e7\u30f3<\/li>\r\n\t<li>\u4e88\u77e5\u4fdd\u5168\u306e\u305f\u3081\u306e\u57fa\u672c\u60c5\u5831<\/li>\r\n\t<li>\u8fc5\u901f\u306a\u30b5\u30fc\u30d3\u30b9\u30fb\u30b5\u30dd\u30fc\u30c8<\/li>\r\n\t<li>\u30a2\u30d7\u30ea\u30b1\u30fc\u30b7\u30e7\u30f3\u306f\u30de\u30b7\u30f3\u4e0a\u3001\u793e\u5185\u30cd\u30c3\u30c8\u30ef\u30fc\u30af\u3001\u4e16\u754c\u4e2d\u3067\u5229\u7528\u53ef\u80fd<\/li>\r\n\t<li>\u9867\u5ba2\u304c\u30b3\u30f3\u30c8\u30ed\u30fc\u30eb\u3067\u304d\u308b\u5b89\u5168\u306a\u30ea\u30e2\u30fc\u30c8\u30a2\u30af\u30bb\u30b9<\/li>\r\n<\/ul>\r\n\r\n\r\n\r\n\r\n\r\n\r\n\t<p class=\"mt-5 mb-5\">\r\n\t\t<img decoding=\"async\" src=\"https:\/\/www.elha.de\/wp-content\/uploads\/idps-packages.gif\">\r\n\t<\/p>\r\n\t<p class=\"text-center\">\r\n\t\t<a href=\"https:\/\/www.elha.de\/wp-content\/uploads\/iDPS-EN-2026.pdf\" class=\"btn btn-primary btn-lg mr-4\" target=\"_blank\" rel=\"noopener noreferrer\">\u30d1\u30f3\u30d5\u30ec\u30c3\u30c8\u30c0\u30a6\u30f3\u30ed\u30fc\u30c9<\/a>\r\n\t\t<a href=\"https:\/\/www.elha.de\/ja\/%e3%82%b3%e3%83%b3%e3%82%bf%e3%82%af%e3%83%88\/\" class=\"btn btn-primary btn-lg\">\u304a\u554f\u3044\u5408\u308f\u305b<\/a>\r\n\t<\/p>","protected":false},"excerpt":{"rendered":"<p>\tiDPS\u306f\u3001\u3088\u308a\u9ad8\u3044\u751f\u7523\u6027\u3001\u52b9\u7387\u6027\u3001\u900f\u660e\u6027\u3092\u5b9f\u73fe\u3059\u308bELHA\u306e\u30b7\u30b9\u30c6\u30e0\u30bd\u30ea\u30e5\u30fc\u30b7\u30e7\u30f3\u3067\u3059\u3002.<\/p>\n<p>\tDie Applikationen sind \u00fcber Endger\u00e4te im Firmennetz oder mit Kundenzustimmung auch weltweit \u00fcber das<br \/>\n\tELHA<\/p>","protected":false},"author":1,"featured_media":8252,"parent":6616,"menu_order":5,"comment_status":"closed","ping_status":"closed","template":"","meta":{"footnotes":""},"class_list":["post-8250","page","type-page","status-publish","has-post-thumbnail","hentry"],"blocksy_meta":{"styles_descriptor":{"styles":{"desktop":"","tablet":"","mobile":""},"google_fonts":[],"version":6}},"_links":{"self":[{"href":"https:\/\/www.elha.de\/ja\/wp-json\/wp\/v2\/pages\/8250","targetHints":{"allow":["GET"]}}],"collection":[{"href":"https:\/\/www.elha.de\/ja\/wp-json\/wp\/v2\/pages"}],"about":[{"href":"https:\/\/www.elha.de\/ja\/wp-json\/wp\/v2\/types\/page"}],"author":[{"embeddable":true,"href":"https:\/\/www.elha.de\/ja\/wp-json\/wp\/v2\/users\/1"}],"replies":[{"embeddable":true,"href":"https:\/\/www.elha.de\/ja\/wp-json\/wp\/v2\/comments?post=8250"}],"version-history":[{"count":0,"href":"https:\/\/www.elha.de\/ja\/wp-json\/wp\/v2\/pages\/8250\/revisions"}],"up":[{"embeddable":true,"href":"https:\/\/www.elha.de\/ja\/wp-json\/wp\/v2\/pages\/6616"}],"wp:featuredmedia":[{"embeddable":true,"href":"https:\/\/www.elha.de\/ja\/wp-json\/wp\/v2\/media\/8252"}],"wp:attachment":[{"href":"https:\/\/www.elha.de\/ja\/wp-json\/wp\/v2\/media?parent=8250"}],"curies":[{"name":"wp","href":"https:\/\/api.w.org\/{rel}","templated":true}]}}