{"id":12076,"date":"2024-06-04T14:06:05","date_gmt":"2024-06-04T12:06:05","guid":{"rendered":"https:\/\/www.elha.de\/?page_id=12076"},"modified":"2025-05-23T08:56:28","modified_gmt":"2025-05-23T06:56:28","slug":"%e9%ab%98%e9%80%9f%e5%88%87%e5%89%b2","status":"publish","type":"page","link":"https:\/\/www.elha.de\/zh\/maschinen\/parallelkinematik-module\/high-speed-cutting\/","title":{"rendered":"\u9ad8\u901f\u5207\u5272 (HSC)"},"content":{"rendered":"<h2 class=\"wp-block-heading\">\u5927\u578b\u8239\u8236\u87ba\u65cb\u6868\u7684\u9ad8\u901f\u5207\u5272\uff1a\u5229\u7528\u5e76\u8054\u8fd0\u52a8\u5b66\u6a21\u5757\u5e94\u5bf9\u6311\u6218<\/h2>\n\n\n\n<figure class=\"wp-block-image size-full\"><img loading=\"lazy\" decoding=\"async\" width=\"940\" height=\"529\" src=\"https:\/\/www.elha.de\/wp-content\/uploads\/SigmaTau-pkm-HSC-application-MMG-propeller.jpg\" alt=\"SigmaTau \/ PKM \u7528\u4e8e\u9ad8\u901f\u5207\u524a\u5e94\u7528\uff0c\u5982 MMG \u7684\u87ba\u65cb\u6868\u3002\" class=\"wp-image-12215\" srcset=\"https:\/\/www.elha.de\/wp-content\/uploads\/SigmaTau-pkm-HSC-application-MMG-propeller.jpg 940w, https:\/\/www.elha.de\/wp-content\/uploads\/SigmaTau-pkm-HSC-application-MMG-propeller-460x259.jpg 460w\" sizes=\"auto, (max-width: 940px) 100vw, 940px\" \/><\/figure>\n\n\n\n<h2 class=\"wp-block-heading\">\u5f53\u524d\u5927\u578b\u8239\u8236\u87ba\u65cb\u6868\u9ad8\u901f\u94e3\u524a\u52a0\u5de5\u9762\u4e34\u7684\u6311\u6218<\/h2>\n\n\n\n<p>\u5927\u578b\u8239\u8236\u87ba\u65cb\u6868\u7684\u52a0\u5de5\u9762\u4e34\u7740\u8bf8\u591a\u6311\u6218\u3002\u7531\u4e8e\u8fd9\u4e9b\u90e8\u4ef6\u4f53\u79ef\u5e9e\u5927\uff0c\u56e0\u6b64\u9700\u8981\u5148\u8fdb\u7684\u673a\u5e8a\u6765\u5b9e\u73b0\u5feb\u901f\u3001\u53ef\u9760\u548c\u7cbe\u786e\u7684\u52a0\u5de5\u3002\u5176\u4e2d\u91cd\u8981\u7684\u65b9\u9762\u5305\u62ec<\/p>\n\n\n\n<ul class=\"wp-block-list\">\n<li><strong>\u5904\u7406\u65f6\u95f4<\/strong> \u9ad8\u53bb\u5c51\u7387\u5bf9\u4e8e\u6ee1\u8db3\u751f\u4ea7\u671f\u9650\u8981\u6c42\u81f3\u5173\u91cd\u8981\u3002<\/li>\n\n\n\n<li><strong>\u8868\u9762\u8d28\u91cf\uff1a<\/strong> \u9ad8\u8d28\u91cf\u7684\u8868\u9762\u5149\u6d01\u5ea6\u5bf9\u87ba\u65cb\u6868\u7684\u6700\u4f73\u6027\u80fd\u81f3\u5173\u91cd\u8981\u3002\u5728\u52a0\u5de5\u8fc7\u7a0b\u4e2d\u5b9e\u73b0\u51fa\u8272\u7684\u8868\u9762\u8d28\u91cf\u53ef\u4ee5\u663e\u8457\u964d\u4f4e\u8fd0\u8425\u6210\u672c\uff0c\u56e0\u4e3a\u53ef\u4ee5\u6700\u5927\u9650\u5ea6\u5730\u51cf\u5c11\u989d\u5916\u7684\u7cbe\u52a0\u5de5\u6b65\u9aa4\uff0c\u4f8b\u5982\u5ef6\u957f\u629b\u5149\u65f6\u95f4\u3002<\/li>\n<\/ul>\n\n\n\n<h2 class=\"wp-block-heading\">\u5e76\u8054\u8fd0\u52a8\u5b66\u6a21\u5757 (PKM) \u5982\u4f55\u638c\u63e1\u5927\u578b\u94f8\u4ef6\u7684\u9ad8\u901f\u52a0\u5de5<\/h2>\n\n\n\n<p>PKM \u7684\u72ec\u7279\u6027\u80fd\u8bc1\u660e\u4e86\u5176\u5728\u9ad8\u901f\u94e3\u524a\u4e2d\u7684\u9ad8\u6548\u6027\uff1a<\/p>\n\n\n\n<ul class=\"wp-block-list\">\n<li><strong>\u5feb\u901f\u3001\u7cbe\u786e\u7684\u5904\u7406\uff1a<\/strong> \u521a\u6027\u548c\u8f7b\u8d28\u7ed3\u6784\u7684\u7ed3\u5408\u786e\u4fdd\u4e86\u5373\u4f7f\u5728\u9ad8\u8fdb\u7ed9\u7387\u4e0b\u4e5f\u80fd\u4fdd\u6301\u7a33\u5b9a\u7684\u6027\u80fd\uff0c\u4ece\u800c\u7f29\u77ed\u4e86\u52a0\u5de5\u65f6\u95f4\u5e76\u63d0\u9ad8\u4e86\u53ef\u9760\u6027\u3002<\/li>\n\n\n\n<li><strong>\u5bbd\u655e\u7684\u5de5\u4f5c\u7a7a\u95f4<\/strong> PKM \u4e13\u4e3a\u5927\u578b\u7ec4\u4ef6\u800c\u8bbe\u8ba1\uff0c\u4e3a\u5927\u578b\u7ec4\u4ef6\u63d0\u4f9b\u4e86\u8db3\u591f\u7684\u7a7a\u95f4\u3002<\/li>\n\n\n\n<li><strong>\u8bbe\u8ba1\u7d27\u51d1<\/strong> \u8fd9\u79cd\u8bbe\u8ba1\u6700\u5927\u9650\u5ea6\u5730\u51cf\u5c11\u4e86\u5bf9\u5730\u57fa\u7684\u521d\u59cb\u6295\u8d44\uff0c\u5e76\u80fd\u7075\u6d3b\u5730\u4e0e\u73b0\u6709\u7cfb\u7edf\u76f8\u5339\u914d\u3002\u6b64\u5916\uff0c\u4e0e\u4f20\u7edf\u89e3\u51b3\u65b9\u6848\u76f8\u6bd4\uff0c\u8f7b\u8d28\u6a21\u5757\u5316\u7ed3\u6784\u53ef\u5927\u5927\u964d\u4f4e\u80fd\u8017\u3002<\/li>\n\n\n\n<li><strong>\u4e00\u6b21\u6027\u56fa\u5b9a\uff1a<\/strong> \u8be5\u8bbe\u5907\u7684\u5de5\u4f5c\u5bb9\u79ef\u5927\uff0c\u5de5\u4f5c\u8303\u56f4\u5e7f\uff0c\u65e0\u9700\u91cd\u65b0\u5939\u7d27\u5373\u53ef\u52a0\u5de5\u87ba\u65cb\u6868\u7684\u6574\u4e2a\u4fa7\u9762\u3002<\/li>\n<\/ul>\n\n\n\n<div class=\"elha-youtube-lightbox\"><a href=\"https:\/\/www.youtube-nocookie.com\/embed\/NcHrPPTe8sc\" class=\"lightbox\" rel=\"nofollow noopener\" target=\"_blank\"><img decoding=\"async\" src=\"https:\/\/www.elha.de\/wp-content\/uploads\/Thumbnail-MMG-Propeller.png\" alt=\"\"><\/a><span>\u540c\u610f\u5411 YouTube \u4f20\u8f93\u6570\u636e\u5e76\u64ad\u653e\u89c6\u9891 <a href=\"https:\/\/www.elha.de\/zh\/%e6%95%b0%e6%8d%ae%e4%bf%9d%e6%8a%a4%e5%a3%b0%e6%98%8e\/\">\u9690\u79c1\u653f\u7b56<\/a><\/span><\/div>\n\n\n\n<h2 class=\"wp-block-heading\">\u5e76\u8054\u8fd0\u52a8\u6a21\u5757\u5e26\u6765\u51fa\u8272\u7684\u8868\u9762\u8d28\u91cf<\/h2>\n\n\n\n<p>PKM \u91c7\u7528\u5148\u8fdb\u7684\u6280\u672f\u6765\u5b9e\u73b0\u5353\u8d8a\u7684\u8868\u9762\u6548\u679c\uff1a<\/p>\n\n\n\n<ul class=\"wp-block-list\">\n<li><strong>\u8fc7\u7a0b\u6a21\u62df\uff1a<\/strong> \u6570\u5b57\u5b6a\u751f\u7cfb\u7edf\u5b9e\u73b0\u7cbe\u786e\u7684\u8def\u5f84\u548c\u5200\u5177\u89c4\u5212<\/li>\n\n\n\n<li><strong>5 \u8f74\u8fd0\u52a8<\/strong> PKM \u80fd\u591f\u5728\u87ba\u65cb\u6868\u5468\u56f4\u81ea\u7531\u79fb\u52a8\uff0c\u4e0d\u4f1a\u51fa\u73b0\u5947\u70b9\uff0c\u4ece\u800c\u786e\u4fdd\u4e86\u6052\u5b9a\u7684\u8f6e\u5ed3\u7cbe\u5ea6\u3002<\/li>\n\n\n\n<li><strong>\u5feb\u901f\u8c03\u6574\u5200\u5177\uff1a<\/strong> \u7531\u4e8e\u91c7\u7528\u4e86\u9ad8\u52a0\u901f\u5ea6\u548c\u5e73\u884c\u8fd0\u52a8\u5b66\uff0c\u5200\u5177\u91cd\u65b0\u5bf9\u51c6\u7684\u901f\u5ea6\u63d0\u9ad8\u4e86 5 \u500d\u3002<\/li>\n\n\n\n<li><strong>\u6821\u51c6\u548c\u8865\u507f\uff1a<\/strong> \u63d0\u9ad8\u673a\u5668\u7cbe\u5ea6\uff0c\u8865\u507f\u5916\u90e8\u5f71\u54cd\u3002<\/li>\n<\/ul>\n\n\n\n<div class=\"wp-block-media-text is-stacked-on-mobile\" style=\"grid-template-columns:49% auto\"><figure class=\"wp-block-media-text__media\"><img loading=\"lazy\" decoding=\"async\" width=\"940\" height=\"529\" src=\"https:\/\/www.elha.de\/wp-content\/uploads\/SigmaTau-pkm-HSC-application-MMG-propeller-team.jpg\" alt=\"SigmaTau \/ PKM \u7528\u4e8e\u9ad8\u901f\u5207\u5272\uff0c\u5982 MMG \u7684\u5927\u578b\u87ba\u65cb\u6868\u3002\u7814\u53d1 SigmaTau \u7684\u56e2\u961f\u6b63\u5728\u5c55\u793a\u87ba\u65cb\u6868\u7684\u9ad8\u901f\u5207\u5272\u6210\u679c\u3002\" class=\"wp-image-12217 size-full\" srcset=\"https:\/\/www.elha.de\/wp-content\/uploads\/SigmaTau-pkm-HSC-application-MMG-propeller-team.jpg 940w, https:\/\/www.elha.de\/wp-content\/uploads\/SigmaTau-pkm-HSC-application-MMG-propeller-team-460x259.jpg 460w\" sizes=\"auto, (max-width: 940px) 100vw, 940px\" \/><\/figure><div class=\"wp-block-media-text__content\">\n<p style=\"padding-top:0;padding-right:0;padding-bottom:0;padding-left:0\">\u4e0e\u87ba\u65cb\u6868\u5236\u9020\u5546 MMG \u548c\u5de5\u5177\u5236\u9020\u5546 Pokolm \u4e00\u8d77\uff0c\u5728\u745e\u5178\u9686\u5fb7\u5bf9 ELHA-MASCHINENBAU \u548c Cognibotics \u8fdb\u884c\u8054\u5408\u6f14\u793a\u548c\u5de5\u827a\u9a8c\u8bc1\u3002<\/p>\n<\/div><\/div>\n\n\n\n<p><strong><strong>Klaus Saffian - MMG \u751f\u4ea7\u7ecf\u7406\uff1a<\/strong><\/strong><\/p>\n\n\n\n<p>\"\u4f5c\u4e3a\u4e00\u5bb6\u5927\u578b\u8239\u8236\u87ba\u65cb\u6868\u5236\u9020\u5546\uff0c\u6211\u4eec\u5728\u5927\u578b\u90e8\u4ef6\u7684\u9ad8\u901f\u52a0\u5de5\u6210\u672c\u65b9\u9762\u9762\u4e34\u7740\u8bf8\u591a\u6311\u6218\u3002<br>\u56e0\u6b64\uff0c\u6211\u4eec\u5bf9 SigmaTau ST 3000 \u673a\u5668\u4eba\u8fdb\u884c\u4e86\u6d4b\u8bd5\uff0c\u5e76\u5bf9\u5176\u6027\u80fd\u7559\u4e0b\u4e86\u6df1\u523b\u5370\u8c61\u3002ST 3000 \u80fd\u9ad8\u6548\u52a0\u5de5\u4e0d\u540c\u5c3a\u5bf8\u7684\u94f8\u4ef6\uff0c\u5176\u6781\u5177\u7ade\u4e89\u529b\u7684\u52a0\u5de5\u65f6\u95f4\u5e2e\u52a9\u6211\u4eec\u6ee1\u8db3\u4e86\u751f\u4ea7\u8981\u6c42\u3002\u51fa\u8272\u7684\u8868\u9762\u8d28\u91cf\u51cf\u5c11\u4e86\u540e\u7eed\u7684\u629b\u5149\u6b65\u9aa4\uff0c\u4f7f\u6211\u4eec\u7684\u52a0\u5de5\u8fc7\u7a0b\u66f4\u5feb\uff0c\u6210\u672c\u6548\u76ca\u66f4\u9ad8\"\u3002<\/p>\n\n\n\n<h2 class=\"wp-block-heading\">\u6709\u5173\u91d1\u5c5e\u52a0\u5de5\u7684\u4e00\u822c\u4fe1\u606f<\/h2>\n\n\n\n<p><strong>\u5feb\u901f<\/strong><br>\u4e3b\u8f74\u8f6c\u901f\u9ad8\u8fbe 80,000 rpm\uff0c\u8fdb\u7ed9\u901f\u5ea6\u9ad8\u8fbe 50 m\/min\u3002 <br>\u7531\u4e8e\u91c7\u7528\u4e86\u751f\u6da9\u7684\u5e73\u884c\u8fd0\u52a8\u5b66\u539f\u7406\uff0c\u5200\u5177\u504f\u8f6c\u901f\u5ea6\u5feb\u3002<\/p>\n\n\n\n<p><strong>\u7cbe\u786e<\/strong><br>\u8f6e\u5ed3\u7cbe\u5ea6\u9ad8\uff0c\u91cd\u590d\u7cbe\u5ea6\u9ad8\u3002<\/p>\n\n\n\n<div class=\"elha-youtube-lightbox\"><a href=\"https:\/\/www.youtube-nocookie.com\/embed\/wiarOrI8ncI\" class=\"lightbox\" rel=\"nofollow noopener\" target=\"_blank\"><img decoding=\"async\" src=\"https:\/\/www.elha.de\/wp-content\/uploads\/thumbnail-pkm-machining-examples.jpg\" alt=\"\"><\/a><span>\u540c\u610f\u5411 YouTube \u4f20\u8f93\u6570\u636e\u5e76\u64ad\u653e\u89c6\u9891 <a href=\"https:\/\/www.elha.de\/zh\/%e6%95%b0%e6%8d%ae%e4%bf%9d%e6%8a%a4%e5%a3%b0%e6%98%8e\/\">\u9690\u79c1\u653f\u7b56<\/a><\/span><\/div>\n\n\n\n<div style=\"height:50px\" aria-hidden=\"true\" class=\"wp-block-spacer\"><\/div>\n\n\n\n<div class=\"wp-block-columns is-layout-flex wp-container-core-columns-is-layout-28f84493 wp-block-columns-is-layout-flex\">\n<div class=\"wp-block-column is-layout-flow wp-block-column-is-layout-flow\">\n<p><strong>\u8bbf\u95ee MMG\uff1a<\/strong><br>\u70b9\u51fb\u6b64\u5904\u67e5\u770b\u7f51\u7ad9<\/p>\n\n\n\n<div class=\"wp-block-buttons is-layout-flex wp-container-core-buttons-is-layout-6f59021e wp-block-buttons-is-layout-flex\" style=\"margin-top:0;margin-bottom:0\">\n<div class=\"wp-block-button\"><a class=\"wp-block-button__link wp-element-button\" href=\"https:\/\/mecklenburger-metallguss.com\/\" rel=\"nofollow noopener\" target=\"_blank\">\u4e86\u89e3\u66f4\u591a<\/a><\/div>\n<\/div>\n<\/div>\n\n\n\n<div class=\"wp-block-column is-layout-flow wp-block-column-is-layout-flow\">\n<p><strong>\u4e86\u89e3\u6709\u5173 PKM \u7684\u66f4\u591a\u4fe1\u606f\uff1a<\/strong><br>\u5355\u51fb\u6b64\u5904\u8fd4\u56de\u6982\u89c8\u9875\u9762<\/p>\n\n\n\n<div class=\"wp-block-buttons is-layout-flex wp-block-buttons-is-layout-flex\">\n<div class=\"wp-block-button\"><a class=\"wp-block-button__link wp-element-button\" href=\"https:\/\/www.elha.de\/zh\/%e6%9c%ba%e5%99%a8\/%e5%b9%b6%e8%a1%8c%e8%bf%90%e5%8a%a8%e5%ad%a6%e6%a8%a1%e5%9d%97\/\">\u4e86\u89e3\u66f4\u591a<\/a><\/div>\n<\/div>\n<\/div>\n\n\n\n<div class=\"wp-block-column is-layout-flow wp-block-column-is-layout-flow\">\n<p><strong><strong>\u8bf7\u8054\u7cfb\u6211\u4eec\uff1a<\/strong><\/strong><br>\u60a8\u6709\u5173\u4e8e PKM \u7684\u95ee\u9898\u5417\uff1f<\/p>\n\n\n\n<div class=\"wp-block-buttons is-layout-flex wp-block-buttons-is-layout-flex\">\n<div class=\"wp-block-button\"><a class=\"wp-block-button__link wp-element-button\" href=\"https:\/\/www.elha.de\/zh\/%e8%81%94%e7%b3%bb\/\">\u81f3\u8868\u683c<\/a><\/div>\n<\/div>\n<\/div>\n<\/div>","protected":false},"excerpt":{"rendered":"<p>\u5927\u578b\u8239\u8236\u87ba\u65cb\u6868\u7684\u9ad8\u901f\u5207\u5272\uff1a\u5229\u7528\u5e76\u8054\u8fd0\u52a8\u5b66\u6a21\u5757\u5e94\u5bf9\u6311\u6218<\/p>\n<p>\u5f53\u524d\u5927\u578b\u8239\u8236\u87ba\u65cb\u6868\u9ad8\u901f\u94e3\u524a\u52a0\u5de5\u9762\u4e34\u7684\u6311\u6218<\/p>\n<p>Die Bearbeitung gro\u00dfer Schiffspropeller, stellt mehrere Herausforderungen dar. Aufgrund der Gr\u00f6\u00dfe<\/p>","protected":false},"author":26,"featured_media":0,"parent":11617,"menu_order":4,"comment_status":"closed","ping_status":"closed","template":"","meta":{"footnotes":""},"class_list":["post-12076","page","type-page","status-publish","hentry"],"blocksy_meta":[],"_links":{"self":[{"href":"https:\/\/www.elha.de\/zh\/wp-json\/wp\/v2\/pages\/12076","targetHints":{"allow":["GET"]}}],"collection":[{"href":"https:\/\/www.elha.de\/zh\/wp-json\/wp\/v2\/pages"}],"about":[{"href":"https:\/\/www.elha.de\/zh\/wp-json\/wp\/v2\/types\/page"}],"author":[{"embeddable":true,"href":"https:\/\/www.elha.de\/zh\/wp-json\/wp\/v2\/users\/26"}],"replies":[{"embeddable":true,"href":"https:\/\/www.elha.de\/zh\/wp-json\/wp\/v2\/comments?post=12076"}],"version-history":[{"count":0,"href":"https:\/\/www.elha.de\/zh\/wp-json\/wp\/v2\/pages\/12076\/revisions"}],"up":[{"embeddable":true,"href":"https:\/\/www.elha.de\/zh\/wp-json\/wp\/v2\/pages\/11617"}],"wp:attachment":[{"href":"https:\/\/www.elha.de\/zh\/wp-json\/wp\/v2\/media?parent=12076"}],"curies":[{"name":"wp","href":"https:\/\/api.w.org\/{rel}","templated":true}]}}