{"id":12079,"date":"2024-06-04T14:09:42","date_gmt":"2024-06-04T12:09:42","guid":{"rendered":"https:\/\/www.elha.de\/?page_id=12079"},"modified":"2025-10-10T11:03:52","modified_gmt":"2025-10-10T09:03:52","slug":"%e6%8c%af%e5%8a%a8%e9%92%bb%e5%ad%94","status":"publish","type":"page","link":"https:\/\/www.elha.de\/zh\/maschinen\/parallelkinematik-module\/vibration-drilling\/","title":{"rendered":"\u5927\u89c4\u6a21\u751f\u4ea7\u4e2d\u7684\u632f\u52a8\u94bb\u5b54"},"content":{"rendered":"<p>\u5728\u5927\u6279\u91cf\u751f\u4ea7\u4e2d\uff0c\u901a\u8fc7\u4e0d\u540c\u6750\u6599\u5806\u8fdb\u884c\u94bb\u5b54\u662f\u4f8b\u884c\u5de5\u4f5c\uff0cPKM \u63d0\u4f9b\u4e86\u5b89\u5168\u3001\u9ad8\u6548\u52a0\u5de5\u6240\u9700\u7684\u7cbe\u5ea6\u548c\u521a\u6027\u3002\u5728\u540c\u4e00\u53f0\u8bbe\u5907\u4e0a\u4f7f\u7528\u540c\u4e00\u4e3b\u8f74\u8fdb\u884c\u94bb\u5b54\u548c\u5207\u8fb9\u7684\u80fd\u529b\u63d0\u9ad8\u4e86\u64cd\u4f5c\u6548\u7387\uff0c\u51cf\u5c11\u4e86\u505c\u673a\u65f6\u95f4\u3002&nbsp;<\/p>\n\n\n\n<div class=\"elha-youtube-lightbox\"><a href=\"https:\/\/www.youtube-nocookie.com\/embed\/XexKRja5yss\" class=\"lightbox\" rel=\"nofollow noopener\" target=\"_blank\"><img decoding=\"async\" src=\"https:\/\/www.elha.de\/wp-content\/uploads\/thumbnail-vibration-drilling-play.jpg\" alt=\"\"><\/a><span>\u540c\u610f\u5411 YouTube \u4f20\u8f93\u6570\u636e\u5e76\u64ad\u653e\u89c6\u9891 <a href=\"https:\/\/www.elha.de\/zh\/%e6%95%b0%e6%8d%ae%e4%bf%9d%e6%8a%a4%e5%a3%b0%e6%98%8e\/\">\u9690\u79c1\u653f\u7b56<\/a><\/span><\/div>\n\n\n\n<h2 class=\"wp-block-heading\">\u7528\u4e8e\u632f\u52a8\u94bb\u5b54\u7684\u5e73\u884c\u8fd0\u52a8\u5b66\u6a21\u5757&nbsp;<\/h2>\n\n\n\n<p>PKM \u4e3a\u5927\u578b\u5236\u9020\u9879\u76ee\u4e2d\u7684\u632f\u52a8\u94bb\u5b54\u6311\u6218\u63d0\u4f9b\u4e86\u53d8\u9769\u6027\u7684\u89e3\u51b3\u65b9\u6848\uff0c\u4f8b\u5982\u822a\u7a7a\u822a\u5929\u5efa\u7b51\u4e2d\u7684\u632f\u52a8\u94bb\u5b54\u3002\u5728\u8fd9\u79cd\u82db\u523b\u7684\u73af\u5883\u4e2d\uff0cPKM \u5177\u6709\u4ee5\u4e0b\u7279\u70b9\uff1a&nbsp;<\/p>\n\n\n\n<p>\u25cf <strong>\u6a21\u5757\u5316\u8bbe\u8ba1<\/strong>PKM \u91c7\u7528\u6a21\u5757\u5316\u8bbe\u8ba1\uff0c\u53ef\u4ee5\u65b9\u4fbf\u5730\u8fdb\u884c\u4e0d\u540c\u65b9\u5411\u7684\u914d\u7f6e\uff0c\u56e0\u6b64\u975e\u5e38\u9002\u5408\u4e0d\u540c\u7684\u751f\u4ea7\u8981\u6c42\u548c\u5de5\u4f5c\u7a7a\u95f4\u3002&nbsp;<\/p>\n\n\n\n<p><strong>\u63a7\u5236\u548c\u8f6f\u4ef6\uff1a<\/strong> \u4e3b\u8f74\u63a7\u5236\u4e0e\u673a\u5e8a\u63a7\u5236\u7684\u5b8c\u5168\u96c6\u6210\u786e\u4fdd\u4e86\u7cbe\u786e\u7684\u64cd\u4f5c\u548c\u529f\u80fd\uff0c\u63d0\u9ad8\u4e86\u94bb\u5b54\u4f5c\u4e1a\u7684\u6548\u7387\u548c\u8d28\u91cf\u3002&nbsp;<\/p>\n\n\n\n<p><strong>\u65e0\u7f1d\u96c6\u6210\uff1a<\/strong> PKM \u91c7\u7528\u5168\u5e76\u8054\u673a\u5668\u4eba\u6280\u672f\uff0c\u7b80\u5316\u4e86\u4e3b\u8f74\u672b\u7aef\u6548\u5e94\u5668\u7684\u8bbe\u7f6e\u3002\u8fd9\u79cd\u65e0\u7f1d\u96c6\u6210\u53ef\u8f7b\u677e\u9002\u5e94\u4e0d\u540c\u7684\u94bb\u5b54\u5e94\u7528\uff0c\u800c\u65e0\u9700\u8fdb\u884c\u5927\u91cf\u7684\u91cd\u65b0\u914d\u7f6e\u3002&nbsp;<\/p>\n\n\n\n<p>\u25cf <strong>\u632f\u52a8\u6280\u672f<\/strong> PKM \u91c7\u7528\u5148\u8fdb\u7684\u632f\u52a8\u6280\u672f\uff0c\u4e3a\u94bb\u5b54\u8fc7\u7a0b\u63d0\u4f9b\u652f\u6301\u3002\u8fd9\u79cd\u521b\u65b0\u65b9\u6cd5\u53ef\u786e\u4fdd\u5207\u5c51\u88ab\u5206\u89e3\u6210\u5c0f\u788e\u7247\uff0c\u4ece\u800c\u51cf\u5c11\u53ef\u80fd\u5f71\u54cd\u94bb\u5b54\u8d28\u91cf\u548c\u94bb\u5b54\u6548\u7387\u7684\u7f20\u7ed3\u98ce\u9669\u3002&nbsp;<\/p>\n\n\n\n<p><\/p>\n\n\n\n<div style=\"height:17px\" aria-hidden=\"true\" class=\"wp-block-spacer\"><\/div>\n\n\n\n<div class=\"wp-block-media-text is-stacked-on-mobile\"><figure class=\"wp-block-media-text__media\"><img loading=\"lazy\" decoding=\"async\" width=\"940\" height=\"529\" src=\"https:\/\/www.elha.de\/wp-content\/uploads\/Vibi-core-pkm-940x529.png\" alt=\"\" class=\"wp-image-12333 size-full\" srcset=\"https:\/\/www.elha.de\/wp-content\/uploads\/Vibi-core-pkm-940x529.png 940w, https:\/\/www.elha.de\/wp-content\/uploads\/Vibi-core-pkm-460x259.png 460w, https:\/\/www.elha.de\/wp-content\/uploads\/Vibi-core-pkm.png 1200w\" sizes=\"auto, (max-width: 940px) 100vw, 940px\" \/><\/figure><div class=\"wp-block-media-text__content\">\n<h3 class=\"wp-block-heading text-size4\">\u914d\u5907 Vibicore \u4e3b\u8f74\u548c\u5c71\u9ad8\u5200\u5177\u7684 PKM&nbsp;<\/h3>\n\n\n\n<p>PKM \u914d\u5907\u4e86 VibiCore \u632f\u52a8\u4e3b\u8f74\u548c\u5c71\u9ad8\u5200\u5177\uff0c\u589e\u5f3a\u4e86\u64cd\u4f5c\u5458\u5bf9\u94bb\u5b54\u8fc7\u7a0b\u7684\u63a7\u5236\u3002\u5728\u6d4b\u8bd5\u4e2d\uff0c\u8be5\u4e3b\u8f74\u5c55\u793a\u4e86\u7531\u6570\u63a7\u7cfb\u7edf\u63a7\u5236\u7684\u4f18\u5316\u94bb\u5b54\u6a21\u5f0f\uff0c\u53ef\u9488\u5bf9\u6bcf\u4e2a\u6750\u6599\u5c42\u91cf\u8eab\u5b9a\u5236\uff0c\u94bb\u51fa\u7cbe\u786e\u3001\u5e72\u51c0\u7684\u5b54\u3002&nbsp;<\/p>\n<\/div><\/div>\n\n\n\n<h2 class=\"wp-block-heading\">\u98de\u673a\u673a\u7ffc\u94c6\u9489\u5b54 PKM \u94bb\u5b54\u5de5\u827a\u6a21\u62df&nbsp;<\/h2>\n\n\n\n<div class=\"elha-youtube-lightbox\"><a href=\"https:\/\/www.youtube-nocookie.com\/embed\/pAFHwYID5uY\" class=\"lightbox\" rel=\"nofollow noopener\" target=\"_blank\"><img decoding=\"async\" src=\"https:\/\/www.elha.de\/wp-content\/uploads\/YouTube_Thumbnail_small.png\" alt=\"\"><\/a><span>\u540c\u610f\u5411 YouTube \u4f20\u8f93\u6570\u636e\u5e76\u64ad\u653e\u89c6\u9891 <a href=\"https:\/\/www.elha.de\/zh\/%e6%95%b0%e6%8d%ae%e4%bf%9d%e6%8a%a4%e5%a3%b0%e6%98%8e\/\">\u9690\u79c1\u653f\u7b56<\/a><\/span><\/div>\n\n\n\n<p>\u53d7\u63a7\u538b\u811a\u6709\u52a9\u4e8e\u5728\u94bb\u5b54\u8bd5\u9a8c\u8fc7\u7a0b\u4e2d\u7a33\u5b9a\u6750\u6599\u5c42\uff0c\u964d\u4f4e\u8131\u843d\u98ce\u9669\uff0c\u5e76\u80fd\u6709\u6548\u6e05\u9664\u5c16\u9510\u5207\u5c51\uff0c\u6709\u52a9\u4e8e\u4fdd\u6301\u5de5\u4ef6\u7684\u6e05\u6d01\u5ea6\u548c\u5b8c\u6574\u6027\u3002\u538b\u811a\u8fd8\u914d\u6709\u4e00\u4e2a\u96c6\u6210\u7684\u7ebf\u6027\u7f16\u7801\u5668\uff0c\u53ef\u4ee5\u7cbe\u786e\u63a7\u5236\u8f74\u5411\u6df1\u5ea6\u548c\u6c89\u5b54\uff0c\u4ece\u800c\u4fdd\u8bc1\u59cb\u7ec8\u5982\u4e00\u7684\u9ad8\u8d28\u91cf\u5b54\u3002&nbsp;<\/p>\n\n\n\n<div style=\"height:17px\" aria-hidden=\"true\" class=\"wp-block-spacer\"><\/div>\n\n\n\n<div class=\"wp-block-media-text is-stacked-on-mobile\"><figure class=\"wp-block-media-text__media\"><img loading=\"lazy\" decoding=\"async\" width=\"1422\" height=\"794\" src=\"https:\/\/www.elha.de\/wp-content\/uploads\/vibicores-oscillation-movement.avif\" alt=\"\" class=\"wp-image-12334 size-full\"\/><\/figure><div class=\"wp-block-media-text__content\">\n<h3 class=\"wp-block-heading\">Vibicore \u7684\u6446\u52a8\u8fd0\u52a8&nbsp;<\/h3>\n\n\n\n<p>\u4f7f\u7528 Vibicore \u4e3b\u8f74\u8fdb\u884c\u5178\u578b\u632f\u52a8\u94bb\u5b54\u4f5c\u4e1a\u65f6\u7684\u6446\u52a8\u66f2\u7ebf\u663e\u793a\u4e86\u632f\u52a8\u8fd0\u52a8\u5982\u4f55\u4e0e\u94bb\u5934\u7684\u8fdb\u7ed9\u8fd0\u52a8\u76f8\u53e0\u52a0\u3002\u4ece\u4e0a\u56fe\u4e2d\u53ef\u4ee5\u770b\u5230\u8fd9\u79cd\u8fd0\u52a8\u6a21\u5f0f\u3002\u5b83\u4e0d\u540c\u4e8e\u4ee5\u5f80\u7684\u5e02\u573a\u65b9\u6cd5\uff0c\u901a\u8fc7\u5747\u5300\u548c\u53ef\u63a7\u7684\u5207\u5c51\u539a\u5ea6\u4f18\u5316\u5207\u524a\u65f6\u95f4\u3002&nbsp;<\/p>\n<\/div><\/div>\n\n\n\n<div class=\"wp-block-columns is-layout-flex wp-container-core-columns-is-layout-28f84493 wp-block-columns-is-layout-flex\">\n<div class=\"wp-block-column is-layout-flow wp-block-column-is-layout-flow\">\n<h3 class=\"wp-block-heading\">\u7ed3\u679c\uff1a\u5207\u5c51\u77ed\uff0c\u94bb\u5b54\u6548\u679c\u663e\u8457&nbsp;<\/h3>\n\n\n\n<p>\u8be5\u5de5\u827a\u6709\u5229\u4e8e\u5e72\u5f0f\u94bb\u5b54\uff0c\u53ea\u9700\u4e00\u6b21\u88c5\u5939\u64cd\u4f5c\u5c31\u80fd\u6253\u51fa\u5b8c\u7f8e\u65e0\u7455\u7684\u5b54\uff0c\u65e0\u9700\u8fd4\u5de5\u6216\u6e05\u6d17\u3002\u8fd9\u79cd\u65b9\u6cd5\u652f\u6301\u9ad8\u6548\u7684\u5355\u5411\u88c5\u914d\u3002&nbsp;<\/p>\n<\/div>\n\n\n\n<div class=\"wp-block-column is-layout-flow wp-block-column-is-layout-flow\">\n<figure class=\"wp-block-image size-large\"><img loading=\"lazy\" decoding=\"async\" width=\"940\" height=\"411\" src=\"https:\/\/www.elha.de\/wp-content\/uploads\/vibidrill-spanor-940x411.png\" alt=\"\" class=\"wp-image-12335\" srcset=\"https:\/\/www.elha.de\/wp-content\/uploads\/vibidrill-spanor-940x411.png 940w, https:\/\/www.elha.de\/wp-content\/uploads\/vibidrill-spanor-460x201.png 460w, https:\/\/www.elha.de\/wp-content\/uploads\/vibidrill-spanor.png 1276w\" sizes=\"auto, (max-width: 940px) 100vw, 940px\" \/><\/figure>\n<\/div>\n<\/div>\n\n\n\n<div style=\"height:50px\" aria-hidden=\"true\" class=\"wp-block-spacer\"><\/div>\n\n\n\n<p><strong><em>Vinnova \u8d44\u52a9\u7684\u9879\u76ee\uff1a <\/em><\/strong><em>\u7531 Vinnova \u57fa\u91d1\u8d44\u52a9\u7684 VIBIDRILL \u9879\u76ee\u662f Cognibotics\u3001VibiCore \u548c RISE \u4e4b\u95f4\u7684\u5408\u4f5c\u9879\u76ee\uff0c\u5176\u91cd\u70b9\u662f\u901a\u8fc7\u5148\u8fdb\u7684\u6280\u672f\u96c6\u6210\u63d0\u9ad8\u94bb\u5b54\u7cbe\u5ea6\u548c\u6548\u7387\u3002\u8be5\u9879\u76ee\u5229\u7528\u4e86 VibiCore \u7684\u632f\u52a8\u94bb\u5b54\u6280\u672f\u548c SigmaTau \u7684\u673a\u5668\u4eba\u7cfb\u7edf\u3002\u8be5\u9879\u76ee\u7684\u76ee\u7684\u662f\u63d0\u9ad8\u673a\u5668\u4eba\u632f\u52a8\u94bb\u5b54\u6280\u672f\u7684\u6548\u7387\uff0c\u4ee5\u6539\u5584\u5b54\u7684\u8d28\u91cf\uff0c\u52a0\u5feb\u5927\u578b\u5236\u9020\u73af\u5883\u4e2d\u7684\u751f\u4ea7\u6d41\u7a0b\u3002VIBIDRILL \u9879\u76ee\u65e8\u5728\u5f00\u53d1\u548c\u9a8c\u8bc1\u8be5\u6280\u672f\uff0c\u4ee5\u6ee1\u8db3\u884c\u4e1a\u5bf9\u7cbe\u5ea6\u548c\u6548\u7387\u7684\u8981\u6c42\u3002<\/em>&nbsp;<\/p>","protected":false},"excerpt":{"rendered":"<p>In der Gro\u00dfserienfertigung, wo das Bohren durch verschiedene Materialstapel Routine ist, bietet das PKM die Pr\u00e4zision und Steifigkeit, die f\u00fcr einen sicheren, effizienten Prozess erforderlich<\/p>","protected":false},"author":26,"featured_media":12332,"parent":11617,"menu_order":5,"comment_status":"closed","ping_status":"closed","template":"","meta":{"footnotes":""},"class_list":["post-12079","page","type-page","status-publish","has-post-thumbnail","hentry"],"blocksy_meta":{"disable_featured_image":"yes","styles_descriptor":{"styles":{"desktop":"","tablet":"","mobile":""},"google_fonts":[],"version":6}},"_links":{"self":[{"href":"https:\/\/www.elha.de\/zh\/wp-json\/wp\/v2\/pages\/12079","targetHints":{"allow":["GET"]}}],"collection":[{"href":"https:\/\/www.elha.de\/zh\/wp-json\/wp\/v2\/pages"}],"about":[{"href":"https:\/\/www.elha.de\/zh\/wp-json\/wp\/v2\/types\/page"}],"author":[{"embeddable":true,"href":"https:\/\/www.elha.de\/zh\/wp-json\/wp\/v2\/users\/26"}],"replies":[{"embeddable":true,"href":"https:\/\/www.elha.de\/zh\/wp-json\/wp\/v2\/comments?post=12079"}],"version-history":[{"count":0,"href":"https:\/\/www.elha.de\/zh\/wp-json\/wp\/v2\/pages\/12079\/revisions"}],"up":[{"embeddable":true,"href":"https:\/\/www.elha.de\/zh\/wp-json\/wp\/v2\/pages\/11617"}],"wp:featuredmedia":[{"embeddable":true,"href":"https:\/\/www.elha.de\/zh\/wp-json\/wp\/v2\/media\/12332"}],"wp:attachment":[{"href":"https:\/\/www.elha.de\/zh\/wp-json\/wp\/v2\/media?parent=12079"}],"curies":[{"name":"wp","href":"https:\/\/api.w.org\/{rel}","templated":true}]}}