{"id":5574,"date":"2016-11-25T09:03:56","date_gmt":"2016-11-25T08:03:56","guid":{"rendered":"https:\/\/www.elha.de\/?page_id=5574"},"modified":"2025-05-22T16:41:34","modified_gmt":"2025-05-22T14:41:34","slug":"%e5%ba%94%e7%94%a8","status":"publish","type":"page","link":"https:\/\/www.elha.de\/zh\/maschinen\/transferzentren\/anwendung\/","title":{"rendered":"FM SMART - \u5e94\u7528"},"content":{"rendered":"<div class=\"columns\">\r\n\t<div class=\"column col-6 col-md-12\">\r\n\t\t<h2 class=\"text-size2\">\u9ad8\u4ea7\u3001\u7075\u6d3b\u7684\u591a\u4e3b\u8f74\u52a0\u5de5\u7115\u7136\u4e00\u65b0<\/h2>\r\n\t\t<p>\r\n\t\t\t\u591a\u5e74\u6765\uff0cELHA-MASCHINENBAU \u4e00\u76f4\u662f\u9ad8\u4ea7\u80fd\u4f20\u9001\u4e2d\u5fc3\u7684\u5e02\u573a\u9886\u5bfc\u8005\uff0c\u4e3b\u8981\u5e94\u7528\u4e8e\u5927\u89c4\u6a21\u6c7d\u8f66\u751f\u4ea7\u9886\u57df\u3002\u5df2\u5b89\u88c5\u5e76\u6295\u5165\u4f7f\u7528\u7684 350 \u591a\u53f0\u8bbe\u5907\u8bc1\u660e\u4e86\u8fd9\u4e00\u7406\u5ff5\u7684\u6210\u529f\u3002\r\n\t\t<\/p>\r\n\t\t<p>\r\n\t\t\t\u901a\u8fc7 FM SMART \u7cfb\u5217\uff0cELHA \u4e3a\u4f20\u9001\u4e2d\u5fc3\u7684\u591a\u4e3b\u8f74\u52a0\u5de5\u63d0\u4f9b\u4e86\u524d\u6240\u672a\u6709\u7684\u7075\u6d3b\u6027\uff0c\u4ece\u800c\u6210\u4e3a\u4f20\u7edf\u52a0\u5de5\u4e2d\u5fc3\u7684\u66ff\u4ee3\u4ea7\u54c1\u3002\r\n\t\t<\/p>\r\n\t<\/div>\r\n\r\n\t<div class=\"column col-6 col-md-12\">\r\n\t\t<h2 class=\"text-size2\">\u7406\u60f3\u7684\u6982\u5ff5<\/h2>\r\n\t\t<ul>\r\n\t\t\t<li>\u4e2d\u5230\u5927\u91cf<\/li>\r\n\t\t\t<li>\u4e2d\u5c0f\u578b\u5de5\u4ef6<\/li>\r\n\t\t\t<li>\u5c3d\u53ef\u80fd\u5feb\u5730\u91cd\u65b0\u88c5\u5907<\/li>\r\n\t\t\t<li>\u8f7b\u91d1\u5c5e\u3001\uff08\u4e0d\u9508\u94a2\uff09\u94a2\u4ee5\u53ca\u94f8\u9020\u548c\u953b\u9020\u5408\u91d1\u7684\u7406\u60f3\u9009\u62e9<\/li>\r\n\t\t<\/ul>\r\n\t<\/div>\r\n<\/div>\r\n\r\n\r\n\r\n\r\n\r\n\r\n\t<div class=\"elha-youtube-lightbox\"><a href=\"https:\/\/www.youtube-nocookie.com\/embed\/4OK5EEvEH00\" class=\"lightbox\" rel=\"nofollow noopener\" target=\"_blank\"><img decoding=\"async\" src=\"https:\/\/www.elha.de\/wp-content\/uploads\/fm-smart-video-vorschau.jpg\" alt=\"\"><\/a><span>\u540c\u610f\u5411 YouTube \u4f20\u8f93\u6570\u636e\u5e76\u64ad\u653e\u89c6\u9891 <a href=\"https:\/\/www.elha.de\/zh\/%e6%95%b0%e6%8d%ae%e4%bf%9d%e6%8a%a4%e5%a3%b0%e6%98%8e\/\">\u9690\u79c1\u653f\u7b56<\/a><\/span><\/div>\r\n\r\n\r\n\r\n\r\n<h2>\u5de5\u4ef6\u793a\u4f8b<\/h2>\r\n\r\n<div class=\"columns\">\r\n\t<div class=\"column col-4 mb-4\">\r\n\t\t<img decoding=\"async\" src=\"https:\/\/www.elha.de\/wp-content\/uploads\/planetentraeger-460x307.jpg\" alt=\"\u5de5\u4ef6 - \u884c\u661f\u8f7d\u4f53\">\r\n\t\t<p class=\"mt-1 mb-1 text-size5\">\u661f\u7403\u822a\u6bcd<\/p>\r\n\t\t<ul>\r\n\t\t\t<li>\u94a2<\/li>\r\n\t\t\t<li>\u4e00\u6b21\u88c5\u5939\u5b8c\u6210\u5168\u90e8\u52a0\u5de5<\/li>\r\n\t\t\t<li>\u540c\u65f6\u52a0\u5de5 4 \u4e2a\u5de5\u4ef6<\/li>\r\n\t\t<\/ul>\r\n\t<\/div>\r\n\r\n\t<div class=\"column col-4 mb-4\">\r\n\t\t<img decoding=\"async\" src=\"https:\/\/www.elha.de\/wp-content\/uploads\/gelenkstueck-460x307.jpg\" alt=\"\u5de5\u4ef6 - \u8fde\u63a5\u4ef6\">\r\n\t\t<p class=\"mt-1 mb-1 text-size5\">\u8fde\u63a5\u4ef6<\/p>\r\n\t\t<ul>\r\n\t\t\t<li>GGG 70<\/li>\r\n\t\t\t<li>\u4e00\u6b21\u88c5\u5939\u5b8c\u6210\u5168\u90e8\u52a0\u5de5<\/li>\r\n\t\t\t<li>\u540c\u65f6\u52a0\u5de5 2 \u4e2a\u5de5\u4ef6<\/li>\r\n\t\t<\/ul>\r\n\t<\/div>\r\n\r\n\t<div class=\"column col-4 mb-4\">\r\n\t\t<img decoding=\"async\" src=\"https:\/\/www.elha.de\/wp-content\/uploads\/radflansch-460x307.jpg\" alt=\"\u5de5\u4ef6 - \u8f66\u8f6e\u6cd5\u5170\">\r\n\t\t<p class=\"mt-1 mb-1 text-size5\">\u8f66\u8f6e\u6cd5\u5170<\/p>\r\n\t\t<ul>\r\n\t\t\t<li>\u7070\u94f8\u94c1<\/li>\r\n\t\t\t<li>\u5728\u4e00\u4e2a\u88c5\u5939\u4f4d\u7f6e\u8fdb\u884c\u5c40\u90e8\u52a0\u5de5<\/li>\r\n\t\t\t<li>\u540c\u65f6\u52a0\u5de5 2 \u4e2a\u5de5\u4ef6<\/li>\r\n\t\t<\/ul>\r\n\t<\/div>\r\n\r\n\t<div class=\"column col-4 mb-4\">\r\n\t\t<img decoding=\"async\" src=\"https:\/\/www.elha.de\/wp-content\/uploads\/pumpengehaeuse-460x307.jpg\" alt=\"\u5de5\u4ef6 - \u6cf5\u58f3\u4f53\">\r\n\t\t<p class=\"mt-1 mb-1 text-size5\">\u6cf5\u58f3<\/p>\r\n\t\t<ul>\r\n\t\t\t<li>\u538b\u94f8\u94dd<\/li>\r\n\t\t\t<li>\u4e00\u6b21\u88c5\u5939\u5b8c\u6210\u5168\u90e8\u52a0\u5de5<\/li>\r\n\t\t\t<li>\u540c\u65f6\u52a0\u5de5 3 \u4e2a\u5de5\u4ef6<\/li>\r\n\t\t<\/ul>\r\n\t<\/div>\r\n\r\n\t<div class=\"column col-4 mb-4\">\r\n\t\t<img decoding=\"async\" src=\"https:\/\/www.elha.de\/wp-content\/uploads\/lagergehaeuse-turbolader-460x307.jpg\" alt=\"\u5de5\u4ef6 - \u6da1\u8f6e\u589e\u538b\u5668\u8f74\u627f\u5ea7\">\r\n\t\t<p class=\"mt-1 mb-1 text-size5\">\u6da1\u8f6e\u589e\u538b\u5668\u8f74\u627f\u5ea7<\/p>\r\n\t\t<ul>\r\n\t\t\t<li>\u94f8\u94a2<\/li>\r\n\t\t\t<li>\u5728\u4e00\u4e2a\u88c5\u5939\u4f4d\u7f6e\u8fdb\u884c\u5c40\u90e8\u52a0\u5de5<\/li>\r\n\t\t\t<li>\u540c\u65f6\u52a0\u5de5 3 \u4e2a\u5de5\u4ef6<\/li>\r\n\t\t<\/ul>\r\n\t<\/div>\r\n\r\n\t<div class=\"column col-4 mb-4\">\r\n\t\t<img decoding=\"async\" src=\"https:\/\/www.elha.de\/wp-content\/uploads\/gehaeusedeckel-460x307.jpg\" alt=\"\u5de5\u4ef6 - \u5916\u58f3\u76d6\">\r\n\t\t<p class=\"mt-1 mb-1 text-size5\">\u6c14\u7f38\u76d6<\/p>\r\n\t\t<ul>\r\n\t\t\t<li>\u953b\u94a2<\/li>\r\n\t\t\t<li>\u5728\u4e24\u4e2a\u5939\u7d27\u4f4d\u7f6e\u5b8c\u6210\u52a0\u5de5<\/li>\r\n\t\t\t<li>\u540c\u65f6\u52a0\u5de5 4 \u4e2a\u5de5\u4ef6<\/li>\r\n\t\t<\/ul>\r\n\t<\/div>\r\n<\/div>\r\n\r\n\r\n\r\n<div class=\"clearfix\">\r\n\t<a href=\"https:\/\/www.elha.de\/zh\/%e6%9c%ba%e5%99%a8\/%e8%bd%ac%e8%bf%90%e4%b8%ad%e5%bf%83\/%e6%a6%82%e5%bf%b5%e8%a7%84%e6%a0%bc\/\" class=\"btn float-right\">\u4e0b\u4e00\u9875 &gt;<\/a>\r\n<\/div>\n\n\n\n<p><\/p>","protected":false},"excerpt":{"rendered":"<p>\t\t\u9ad8\u4ea7\u3001\u7075\u6d3b\u7684\u591a\u4e3b\u8f74\u52a0\u5de5\u7115\u7136\u4e00\u65b0<\/p>\n<p>\t\t\tELHA-MASCHINENBAU ist seit vielen Jahren bekannt als Marktf\u00fchrer bei hochproduktiven Transferzentren, schwerpunktm\u00e4\u00dfig im Bereich der automobilen Gro\u00dfserienfertigung. \u00dcber 350 installierte<\/p>","protected":false},"author":1,"featured_media":7339,"parent":109,"menu_order":1,"comment_status":"closed","ping_status":"closed","template":"","meta":{"footnotes":""},"class_list":["post-5574","page","type-page","status-publish","has-post-thumbnail","hentry"],"blocksy_meta":{"styles_descriptor":{"styles":{"desktop":"","tablet":"","mobile":""},"google_fonts":[],"version":6}},"_links":{"self":[{"href":"https:\/\/www.elha.de\/zh\/wp-json\/wp\/v2\/pages\/5574","targetHints":{"allow":["GET"]}}],"collection":[{"href":"https:\/\/www.elha.de\/zh\/wp-json\/wp\/v2\/pages"}],"about":[{"href":"https:\/\/www.elha.de\/zh\/wp-json\/wp\/v2\/types\/page"}],"author":[{"embeddable":true,"href":"https:\/\/www.elha.de\/zh\/wp-json\/wp\/v2\/users\/1"}],"replies":[{"embeddable":true,"href":"https:\/\/www.elha.de\/zh\/wp-json\/wp\/v2\/comments?post=5574"}],"version-history":[{"count":0,"href":"https:\/\/www.elha.de\/zh\/wp-json\/wp\/v2\/pages\/5574\/revisions"}],"up":[{"embeddable":true,"href":"https:\/\/www.elha.de\/zh\/wp-json\/wp\/v2\/pages\/109"}],"wp:featuredmedia":[{"embeddable":true,"href":"https:\/\/www.elha.de\/zh\/wp-json\/wp\/v2\/media\/7339"}],"wp:attachment":[{"href":"https:\/\/www.elha.de\/zh\/wp-json\/wp\/v2\/media?parent=5574"}],"curies":[{"name":"wp","href":"https:\/\/api.w.org\/{rel}","templated":true}]}}