{"id":8250,"date":"2018-05-03T09:31:06","date_gmt":"2018-05-03T07:31:06","guid":{"rendered":"https:\/\/www.elha.de\/?page_id=8250"},"modified":"2026-01-22T10:44:20","modified_gmt":"2026-01-22T09:44:20","slug":"idps-%e5%b7%a5%e4%b8%9a-4-0","status":"publish","type":"page","link":"https:\/\/www.elha.de\/zh\/kompetenzen\/idps-industrie-4-0\/","title":{"rendered":"iDPS\uff08\u5de5\u4e1a 4.0\uff09"},"content":{"rendered":"<p>\r\n\tiDPS \u662f ELHA \u7684\u7cfb\u7edf\u89e3\u51b3\u65b9\u6848\uff0c\u53ef\u63d0\u9ad8\u751f\u4ea7\u529b\u3001\u6548\u7387\u548c\u900f\u660e\u5ea6\u3002\r\n<\/p>\r\n\r\n<p>\r\n\t\u53ef\u4ee5\u901a\u8fc7\u516c\u53f8\u7f51\u7edc\u4e2d\u7684\u7ec8\u7aef\u8bbe\u5907\u8bbf\u95ee\u8fd9\u4e9b\u5e94\u7528\u7a0b\u5e8f\uff0c\u6216\u8005\u7ecf\u5ba2\u6237\u540c\u610f\uff0c\u5728\u5168\u7403\u8303\u56f4\u5185\u901a\u8fc7\r\n\tELHA \u673a\u5668\u670d\u52a1\u95e8\u6237\u8bbf\u95ee\u3002\u79fb\u52a8\u8bbe\u5907\u63a5\u53e3\u53ef\u4f5c\u4e3a\u9009\u9879\u63d0\u4f9b\u3002\r\n<\/p>\r\n\r\n<p>\r\n\t\u8fd9\u4e9b\u5e94\u7528\u7684\u57fa\u7840\u662f\u5e26\u6709\u6570\u636e\u5e93\u7684\u673a\u5668\u96c6\u6210\u5de5\u4e1a PC\u3001\r\n\t\u4eea\u8868\u76d8\u548c\u521b\u65b0\u7684\u8fdc\u7a0b\u8bbf\u95ee\u89e3\u51b3\u65b9\u6848\u3002\u8fd8\u53ef\u6839\u636e\u5ba2\u6237\u8981\u6c42\u8fdb\u884c\u6dfb\u52a0\u3002\r\n<\/p>\r\n\r\n<div class=\"elha-youtube-lightbox\"><a href=\"https:\/\/www.youtube-nocookie.com\/embed\/ACUk09f5rFs\" class=\"lightbox\" rel=\"nofollow noopener\" target=\"_blank\"><img decoding=\"async\" src=\"https:\/\/www.elha.de\/wp-content\/uploads\/idps-video-vorschau.jpg\" alt=\"\"><\/a><span>\u540c\u610f\u5411 YouTube \u4f20\u8f93\u6570\u636e\u5e76\u64ad\u653e\u89c6\u9891 <a href=\"https:\/\/www.elha.de\/zh\/%e6%95%b0%e6%8d%ae%e4%bf%9d%e6%8a%a4%e5%a3%b0%e6%98%8e\/\">\u9690\u79c1\u653f\u7b56<\/a><\/span><\/div>\r\n\r\n\r\n\r\n<h2>\u60a8\u7684\u4f18\u52bf<\/h2>\r\n\r\n<ul>\r\n\t<li>\u5de5\u827a\/\u673a\u5668\u900f\u660e\u5ea6\u6781\u9ad8<\/li>\r\n\t<li>\u5e7f\u6cdb\u7684\u5206\u6790\/\u8bca\u65ad\u9009\u9879<\/li>\r\n\t<li>\u9884\u6d4b\u6027\u7ef4\u62a4\u7684\u57fa\u672c\u4fe1\u606f<\/li>\r\n\t<li>\u5feb\u901f\u670d\u52a1\u652f\u6301<\/li>\r\n\t<li>\u53ef\u5728\u673a\u5668\u4e0a\u3001\u516c\u53f8\u7f51\u7edc\u548c\u5168\u7403\u8303\u56f4\u5185\u4f7f\u7528\u5e94\u7528\u7a0b\u5e8f<\/li>\r\n\t<li>\u53ef\u7531\u5ba2\u6237\u63a7\u5236\u7684\u5b89\u5168\u8fdc\u7a0b\u8bbf\u95ee<\/li>\r\n<\/ul>\r\n\r\n\r\n\r\n\r\n\r\n\r\n\t<p class=\"mt-5 mb-5\">\r\n\t\t<img decoding=\"async\" src=\"https:\/\/www.elha.de\/wp-content\/uploads\/idps-packages.gif\">\r\n\t<\/p>\r\n\t<p class=\"text-center\">\r\n\t\t<a href=\"https:\/\/www.elha.de\/wp-content\/uploads\/iDPS-EN-2026.pdf\" class=\"btn btn-primary btn-lg mr-4\" target=\"_blank\" rel=\"noopener noreferrer\">\u624b\u518c\u4e0b\u8f7d<\/a>\r\n\t\t<a href=\"https:\/\/www.elha.de\/zh\/%e8%81%94%e7%b3%bb\/\" class=\"btn btn-primary btn-lg\">\u8054\u7cfb\u6211\u4eec<\/a>\r\n\t<\/p>","protected":false},"excerpt":{"rendered":"<p>\tiDPS \u662f ELHA \u7684\u7cfb\u7edf\u89e3\u51b3\u65b9\u6848\uff0c\u53ef\u63d0\u9ad8\u751f\u4ea7\u529b\u3001\u6548\u7387\u548c\u900f\u660e\u5ea6\u3002<\/p>\n<p>\tDie Applikationen sind \u00fcber Endger\u00e4te im Firmennetz oder mit Kundenzustimmung auch weltweit \u00fcber das<br \/>\n\tELHA<\/p>","protected":false},"author":1,"featured_media":8252,"parent":6616,"menu_order":5,"comment_status":"closed","ping_status":"closed","template":"","meta":{"footnotes":""},"class_list":["post-8250","page","type-page","status-publish","has-post-thumbnail","hentry"],"blocksy_meta":{"styles_descriptor":{"styles":{"desktop":"","tablet":"","mobile":""},"google_fonts":[],"version":6}},"_links":{"self":[{"href":"https:\/\/www.elha.de\/zh\/wp-json\/wp\/v2\/pages\/8250","targetHints":{"allow":["GET"]}}],"collection":[{"href":"https:\/\/www.elha.de\/zh\/wp-json\/wp\/v2\/pages"}],"about":[{"href":"https:\/\/www.elha.de\/zh\/wp-json\/wp\/v2\/types\/page"}],"author":[{"embeddable":true,"href":"https:\/\/www.elha.de\/zh\/wp-json\/wp\/v2\/users\/1"}],"replies":[{"embeddable":true,"href":"https:\/\/www.elha.de\/zh\/wp-json\/wp\/v2\/comments?post=8250"}],"version-history":[{"count":0,"href":"https:\/\/www.elha.de\/zh\/wp-json\/wp\/v2\/pages\/8250\/revisions"}],"up":[{"embeddable":true,"href":"https:\/\/www.elha.de\/zh\/wp-json\/wp\/v2\/pages\/6616"}],"wp:featuredmedia":[{"embeddable":true,"href":"https:\/\/www.elha.de\/zh\/wp-json\/wp\/v2\/media\/8252"}],"wp:attachment":[{"href":"https:\/\/www.elha.de\/zh\/wp-json\/wp\/v2\/media?parent=8250"}],"curies":[{"name":"wp","href":"https:\/\/api.w.org\/{rel}","templated":true}]}}